{"id":4977,"date":"2022-02-09T07:19:21","date_gmt":"2022-02-09T07:19:21","guid":{"rendered":"https:\/\/bakusporting.com\/?page_id=4977"},"modified":"2025-02-10T21:59:30","modified_gmt":"2025-02-10T21:59:30","slug":"2021-yekun-t%c9%99dbiri","status":"publish","type":"page","link":"https:\/\/bakusporting.com\/ru\/2021-yekun-t%c9%99dbiri\/","title":{"rendered":"2021 Yekun T\u0259dbiri"},"content":{"rendered":"<div class=\"vc_row wpb_row vc_row-fluid\"><div class=\"wpb_column vc_column_container vc_col-sm-12\"><div class=\"vc_column-inner\"><div class=\"wpb_wrapper\">\n\t<div class=\"wpb_text_column wpb_content_element\" >\n\t\t<div class=\"wpb_wrapper\">\n\t\t\t\n\t\t<\/div>\n\t<\/div>\n<\/div><\/div><\/div><\/div><div data-vc-full-width=\"true\" data-vc-full-width-init=\"false\" data-vc-stretch-content=\"true\" class=\"vc_row wpb_row vc_row-fluid fixture-views vc_custom_1610409981959 vc_row-has-fill vc_row-o-content-top vc_row-flex\"><div class=\"wpb_column vc_column_container vc_col-sm-12\"><div class=\"vc_column-inner vc_custom_1610410042372\"><div class=\"wpb_wrapper\"><div class=\"vc_row wpb_row vc_inner vc_row-fluid vc_custom_1560153296232 vc_row-o-equal-height vc_row-o-content-middle vc_row-flex\"><div class=\"wpb_column vc_column_container vc_col-sm-5 vc_col-has-fill\"><div class=\"vc_column-inner vc_custom_1557908404124\"><div class=\"wpb_wrapper\">\r\n        <div class=\"rs-heading style2\">\r\n        \t<div class=\"title-inner\">\r\n        \t\t       \t\t\r\n\t            \r\n\t            <h2 class=\"title\">Baku Sporting Futbol Akademiyas\u0131n\u0131n 2021 Yekun T\u0259dbiri<\/h2> <span class=\"lines-bg\"><\/span>\r\n\t            <div class=\"title-img bottom-img\"><\/div>\r\n\t        <\/div><div class=\"description\" >\r\n<h3>Bank \u201c<em>VTB Az\u0259rbaycan<\/em>\u201c\u0131n Ba\u015f Sponsorlu\u011fu il\u0259 ,<em>Holiday \u0130nn Baku<\/em>\u00a0otelind\u0259 ke\u00e7iril\u0259n \u201c<em>Baku Sporting<\/em>\u201d Futbol Akademiyas\u0131n\u0131n\u00a0<em>2021 yekun t\u0259dbirin<\/em>d\u0259n g\u00f6r\u00fcnt\u00fcl\u0259ri sizl\u0259r\u0259 t\u0259qdim edirik.<\/h3>\r\n<h3>X\u00fcsusi qonaqlar\u0131n i\u015ftirak\u0131 il\u0259 ke\u00e7iril\u0259n t\u0259dbird\u0259 futbol\u00e7ular,m\u0259\u015fq\u00e7il\u0259r,sponsorlar, h\u0259kim v\u0259 valideynl\u0259r nominasiyalar il\u0259 t\u0259ltif edildil\u0259r.<\/h3>\r\n<h3>Qonaqlar futbol\u00e7ulara \u00f6z t\u00f6vsiy\u0259l\u0259rini verdil\u0259r.<\/h3>\r\n<p><\/p><\/div><\/div><\/div><\/div><\/div><div class=\"wpb_column vc_column_container vc_col-sm-7\"><div class=\"vc_column-inner vc_custom_1557734622756\"><div class=\"wpb_wrapper\"><div class=\"rs-video-2 Style2 video-item-2\"><img decoding=\"async\" src=\"https:\/\/bakusporting.com\/wp-content\/uploads\/2022\/02\/272680831_1139035493580797_6932770648334078260_n-1.jpg\" alt=\"\"><a style=\"background-color:#ea4c23!important\" class=\"popup-videos\" id=\"video-item-2\" data-bg=\"#ea4c23\" href=\"https:\/\/www.youtube.com\/watch?v=puoJl0SMFHU\" title=\"\">\r\n\t\t\t\t\t\t<i data-icolor=\"#fff\" class=\"fa fa-play\"><\/i>\r\n\t\t\t\t\t<\/a>\r\n\t\t\t\t\t\r\n\t\t\t<\/div><div class=\"rs-video-2 Style2 video-item-9\"><img decoding=\"async\" src=\"https:\/\/bakusporting.com\/wp-content\/uploads\/2022\/02\/272846693_146868411082388_8402525157996442801_n.jpg\" alt=\"\"><a style=\"background-color:#ea4c23!important\" class=\"popup-videos\" id=\"video-item-9\" data-bg=\"#ea4c23\" href=\"https:\/\/youtu.be\/8vGsK7oRce0\" title=\"\">\r\n\t\t\t\t\t\t<i data-icolor=\"#fff\" class=\"fa fa-play\"><\/i>\r\n\t\t\t\t\t<\/a>\r\n\t\t\t\t\t\r\n\t\t\t<\/div><\/div><\/div><\/div><div class=\"wpb_column vc_column_container vc_col-sm-12\"><div class=\"vc_column-inner\"><div class=\"wpb_wrapper\"><div class=\"wpb_images_carousel wpb_content_element vc_clearfix\"><div class=\"wpb_wrapper\"><h2 class=\"wpb_heading wpb_gallery_heading\">T\u0259dbird\u0259n Fotolar :<\/h2><div id=\"vc_images-carousel-1-1777201687\" data-ride=\"vc_carousel\" data-wrap=\"false\" style=\"width: 600px;\" data-interval=\"5000\" data-auto-height=\"yes\" data-mode=\"horizontal\" data-partial=\"false\" data-per-view=\"1\" data-hide-on-end=\"false\" class=\"vc_slide vc_images_carousel\"><ol class=\"vc_carousel-indicators\"><li data-target=\"#vc_images-carousel-1-1777201687\" data-slide-to=\"0\"><\/li><li data-target=\"#vc_images-carousel-1-1777201687\" data-slide-to=\"1\"><\/li><li data-target=\"#vc_images-carousel-1-1777201687\" data-slide-to=\"2\"><\/li><li data-target=\"#vc_images-carousel-1-1777201687\" data-slide-to=\"3\"><\/li><li data-target=\"#vc_images-carousel-1-1777201687\" data-slide-to=\"4\"><\/li><li data-target=\"#vc_images-carousel-1-1777201687\" data-slide-to=\"5\"><\/li><li data-target=\"#vc_images-carousel-1-1777201687\" data-slide-to=\"6\"><\/li><li data-target=\"#vc_images-carousel-1-1777201687\" data-slide-to=\"7\"><\/li><li data-target=\"#vc_images-carousel-1-1777201687\" data-slide-to=\"8\"><\/li><li data-target=\"#vc_images-carousel-1-1777201687\" data-slide-to=\"9\"><\/li><li data-target=\"#vc_images-carousel-1-1777201687\" data-slide-to=\"10\"><\/li><li data-target=\"#vc_images-carousel-1-1777201687\" data-slide-to=\"11\"><\/li><li data-target=\"#vc_images-carousel-1-1777201687\" data-slide-to=\"12\"><\/li><li data-target=\"#vc_images-carousel-1-1777201687\" data-slide-to=\"13\"><\/li><li data-target=\"#vc_images-carousel-1-1777201687\" data-slide-to=\"14\"><\/li><li data-target=\"#vc_images-carousel-1-1777201687\" data-slide-to=\"15\"><\/li><li data-target=\"#vc_images-carousel-1-1777201687\" data-slide-to=\"16\"><\/li><li data-target=\"#vc_images-carousel-1-1777201687\" data-slide-to=\"17\"><\/li><li data-target=\"#vc_images-carousel-1-1777201687\" data-slide-to=\"18\"><\/li><li data-target=\"#vc_images-carousel-1-1777201687\" data-slide-to=\"19\"><\/li><li data-target=\"#vc_images-carousel-1-1777201687\" data-slide-to=\"20\"><\/li><li data-target=\"#vc_images-carousel-1-1777201687\" data-slide-to=\"21\"><\/li><li data-target=\"#vc_images-carousel-1-1777201687\" data-slide-to=\"22\"><\/li><li data-target=\"#vc_images-carousel-1-1777201687\" data-slide-to=\"23\"><\/li><li data-target=\"#vc_images-carousel-1-1777201687\" data-slide-to=\"24\"><\/li><li data-target=\"#vc_images-carousel-1-1777201687\" data-slide-to=\"25\"><\/li><\/ol><div class=\"vc_carousel-inner\"><div class=\"vc_carousel-slideline\"><div class=\"vc_carousel-slideline-inner\"><div class=\"vc_item\"><div class=\"vc_inner\"><a class=\"prettyphoto\" href=\"https:\/\/bakusporting.com\/wp-content\/uploads\/2022\/02\/272680831_1139035493580797_6932770648334078260_n-1024x683.jpg\" data-rel=\"prettyPhoto[rel-4977-461740380]\"><img loading=\"lazy\" decoding=\"async\" class=\"\" src=\"https:\/\/bakusporting.com\/wp-content\/uploads\/2022\/02\/272680831_1139035493580797_6932770648334078260_n-600x300.jpg\" width=\"600\" height=\"300\" alt=\"272680831_1139035493580797_6932770648334078260_n\" title=\"272680831_1139035493580797_6932770648334078260_n\" \/><\/a><\/div><\/div><div class=\"vc_item\"><div class=\"vc_inner\"><a class=\"prettyphoto\" href=\"https:\/\/bakusporting.com\/wp-content\/uploads\/2022\/02\/272846693_146868411082388_8402525157996442801_n-1024x683.jpg\" data-rel=\"prettyPhoto[rel-4977-461740380]\"><img loading=\"lazy\" decoding=\"async\" class=\"\" src=\"https:\/\/bakusporting.com\/wp-content\/uploads\/2022\/02\/272846693_146868411082388_8402525157996442801_n-600x300.jpg\" width=\"600\" height=\"300\" alt=\"272846693_146868411082388_8402525157996442801_n\" title=\"272846693_146868411082388_8402525157996442801_n\" \/><\/a><\/div><\/div><div class=\"vc_item\"><div class=\"vc_inner\"><a class=\"prettyphoto\" href=\"https:\/\/bakusporting.com\/wp-content\/uploads\/2022\/02\/272845242_3061220970799452_4848560210513275637_n-1024x683.jpg\" data-rel=\"prettyPhoto[rel-4977-461740380]\"><img loading=\"lazy\" decoding=\"async\" class=\"\" src=\"https:\/\/bakusporting.com\/wp-content\/uploads\/2022\/02\/272845242_3061220970799452_4848560210513275637_n-600x300.jpg\" width=\"600\" height=\"300\" alt=\"272845242_3061220970799452_4848560210513275637_n\" title=\"272845242_3061220970799452_4848560210513275637_n\" \/><\/a><\/div><\/div><div class=\"vc_item\"><div class=\"vc_inner\"><a class=\"prettyphoto\" href=\"https:\/\/bakusporting.com\/wp-content\/uploads\/2022\/02\/272730221_465521361693904_2862156103281327848_n-1024x683.jpg\" data-rel=\"prettyPhoto[rel-4977-461740380]\"><img loading=\"lazy\" decoding=\"async\" class=\"\" src=\"https:\/\/bakusporting.com\/wp-content\/uploads\/2022\/02\/272730221_465521361693904_2862156103281327848_n-600x300.jpg\" width=\"600\" height=\"300\" alt=\"272730221_465521361693904_2862156103281327848_n\" title=\"272730221_465521361693904_2862156103281327848_n\" \/><\/a><\/div><\/div><div class=\"vc_item\"><div class=\"vc_inner\"><a class=\"prettyphoto\" href=\"https:\/\/bakusporting.com\/wp-content\/uploads\/2022\/02\/272728470_1093558214797755_6882325873202347291_n-1024x683.jpg\" data-rel=\"prettyPhoto[rel-4977-461740380]\"><img loading=\"lazy\" decoding=\"async\" class=\"\" src=\"https:\/\/bakusporting.com\/wp-content\/uploads\/2022\/02\/272728470_1093558214797755_6882325873202347291_n-600x300.jpg\" width=\"600\" height=\"300\" alt=\"272728470_1093558214797755_6882325873202347291_n\" title=\"272728470_1093558214797755_6882325873202347291_n\" \/><\/a><\/div><\/div><div class=\"vc_item\"><div class=\"vc_inner\"><a class=\"prettyphoto\" href=\"https:\/\/bakusporting.com\/wp-content\/uploads\/2022\/02\/272697352_242097274774365_2985008628489746256_n-1024x683.jpg\" data-rel=\"prettyPhoto[rel-4977-461740380]\"><img loading=\"lazy\" decoding=\"async\" class=\"\" src=\"https:\/\/bakusporting.com\/wp-content\/uploads\/2022\/02\/272697352_242097274774365_2985008628489746256_n-600x300.jpg\" width=\"600\" height=\"300\" alt=\"272697352_242097274774365_2985008628489746256_n\" title=\"272697352_242097274774365_2985008628489746256_n\" \/><\/a><\/div><\/div><div class=\"vc_item\"><div class=\"vc_inner\"><a class=\"prettyphoto\" href=\"https:\/\/bakusporting.com\/wp-content\/uploads\/2022\/02\/272726685_681768079488940_4007409581886857977_n-1024x683.jpg\" data-rel=\"prettyPhoto[rel-4977-461740380]\"><img loading=\"lazy\" decoding=\"async\" class=\"\" src=\"https:\/\/bakusporting.com\/wp-content\/uploads\/2022\/02\/272726685_681768079488940_4007409581886857977_n-600x300.jpg\" width=\"600\" height=\"300\" alt=\"272726685_681768079488940_4007409581886857977_n\" title=\"272726685_681768079488940_4007409581886857977_n\" \/><\/a><\/div><\/div><div class=\"vc_item\"><div class=\"vc_inner\"><a class=\"prettyphoto\" href=\"https:\/\/bakusporting.com\/wp-content\/uploads\/2022\/02\/272721151_1157966658272218_1142212802477281827_n-1024x683.jpg\" data-rel=\"prettyPhoto[rel-4977-461740380]\"><img loading=\"lazy\" decoding=\"async\" class=\"\" src=\"https:\/\/bakusporting.com\/wp-content\/uploads\/2022\/02\/272721151_1157966658272218_1142212802477281827_n-600x300.jpg\" width=\"600\" height=\"300\" alt=\"272721151_1157966658272218_1142212802477281827_n\" title=\"272721151_1157966658272218_1142212802477281827_n\" \/><\/a><\/div><\/div><div class=\"vc_item\"><div class=\"vc_inner\"><a class=\"prettyphoto\" href=\"https:\/\/bakusporting.com\/wp-content\/uploads\/2022\/02\/272722367_156122950091556_6044158277921642722_n-1024x683.jpg\" data-rel=\"prettyPhoto[rel-4977-461740380]\"><img loading=\"lazy\" decoding=\"async\" class=\"\" src=\"https:\/\/bakusporting.com\/wp-content\/uploads\/2022\/02\/272722367_156122950091556_6044158277921642722_n-600x300.jpg\" width=\"600\" height=\"300\" alt=\"272722367_156122950091556_6044158277921642722_n\" title=\"272722367_156122950091556_6044158277921642722_n\" \/><\/a><\/div><\/div><div class=\"vc_item\"><div class=\"vc_inner\"><a class=\"prettyphoto\" href=\"https:\/\/bakusporting.com\/wp-content\/uploads\/2022\/02\/272721116_311161774294493_1671395123963590330_n-1024x683.jpg\" data-rel=\"prettyPhoto[rel-4977-461740380]\"><img loading=\"lazy\" decoding=\"async\" class=\"\" src=\"https:\/\/bakusporting.com\/wp-content\/uploads\/2022\/02\/272721116_311161774294493_1671395123963590330_n-600x300.jpg\" width=\"600\" height=\"300\" alt=\"272721116_311161774294493_1671395123963590330_n\" title=\"272721116_311161774294493_1671395123963590330_n\" \/><\/a><\/div><\/div><div class=\"vc_item\"><div class=\"vc_inner\"><a class=\"prettyphoto\" href=\"https:\/\/bakusporting.com\/wp-content\/uploads\/2022\/02\/272960216_597089878398893_1223082919814785588_n-1024x683.jpg\" data-rel=\"prettyPhoto[rel-4977-461740380]\"><img loading=\"lazy\" decoding=\"async\" class=\"\" src=\"https:\/\/bakusporting.com\/wp-content\/uploads\/2022\/02\/272960216_597089878398893_1223082919814785588_n-600x300.jpg\" width=\"600\" height=\"300\" alt=\"272960216_597089878398893_1223082919814785588_n\" title=\"272960216_597089878398893_1223082919814785588_n\" \/><\/a><\/div><\/div><div class=\"vc_item\"><div class=\"vc_inner\"><a class=\"prettyphoto\" href=\"https:\/\/bakusporting.com\/wp-content\/uploads\/2022\/02\/272695145_951528545737120_8330826257496724251_n-1024x1024.jpg\" data-rel=\"prettyPhoto[rel-4977-461740380]\"><img loading=\"lazy\" decoding=\"async\" class=\"\" src=\"https:\/\/bakusporting.com\/wp-content\/uploads\/2022\/02\/272695145_951528545737120_8330826257496724251_n-600x300.jpg\" width=\"600\" height=\"300\" alt=\"272695145_951528545737120_8330826257496724251_n\" title=\"272695145_951528545737120_8330826257496724251_n\" \/><\/a><\/div><\/div><div class=\"vc_item\"><div class=\"vc_inner\"><a class=\"prettyphoto\" href=\"https:\/\/bakusporting.com\/wp-content\/uploads\/2022\/02\/272726012_484866253208050_407878288475722567_n-1024x683.jpg\" data-rel=\"prettyPhoto[rel-4977-461740380]\"><img loading=\"lazy\" decoding=\"async\" class=\"\" src=\"https:\/\/bakusporting.com\/wp-content\/uploads\/2022\/02\/272726012_484866253208050_407878288475722567_n-600x300.jpg\" width=\"600\" height=\"300\" alt=\"272726012_484866253208050_407878288475722567_n\" title=\"272726012_484866253208050_407878288475722567_n\" \/><\/a><\/div><\/div><div class=\"vc_item\"><div class=\"vc_inner\"><a class=\"prettyphoto\" href=\"https:\/\/bakusporting.com\/wp-content\/uploads\/2022\/02\/272755985_106747358585880_5013196578589368274_n-1024x1024.jpg\" data-rel=\"prettyPhoto[rel-4977-461740380]\"><img loading=\"lazy\" decoding=\"async\" class=\"\" src=\"https:\/\/bakusporting.com\/wp-content\/uploads\/2022\/02\/272755985_106747358585880_5013196578589368274_n-600x300.jpg\" width=\"600\" height=\"300\" alt=\"272755985_106747358585880_5013196578589368274_n\" title=\"272755985_106747358585880_5013196578589368274_n\" \/><\/a><\/div><\/div><div class=\"vc_item\"><div class=\"vc_inner\"><a class=\"prettyphoto\" href=\"https:\/\/bakusporting.com\/wp-content\/uploads\/2022\/02\/272781611_487850796018592_4313249780593517420_n-1024x1024.jpg\" data-rel=\"prettyPhoto[rel-4977-461740380]\"><img loading=\"lazy\" decoding=\"async\" class=\"\" src=\"https:\/\/bakusporting.com\/wp-content\/uploads\/2022\/02\/272781611_487850796018592_4313249780593517420_n-600x300.jpg\" width=\"600\" height=\"300\" alt=\"272781611_487850796018592_4313249780593517420_n\" title=\"272781611_487850796018592_4313249780593517420_n\" \/><\/a><\/div><\/div><div class=\"vc_item\"><div class=\"vc_inner\"><a class=\"prettyphoto\" href=\"https:\/\/bakusporting.com\/wp-content\/uploads\/2022\/02\/272724813_1001747613883056_7843824375096367977_n-1024x1024.jpg\" data-rel=\"prettyPhoto[rel-4977-461740380]\"><img loading=\"lazy\" decoding=\"async\" class=\"\" src=\"https:\/\/bakusporting.com\/wp-content\/uploads\/2022\/02\/272724813_1001747613883056_7843824375096367977_n-600x300.jpg\" width=\"600\" height=\"300\" alt=\"272724813_1001747613883056_7843824375096367977_n\" title=\"272724813_1001747613883056_7843824375096367977_n\" \/><\/a><\/div><\/div><div class=\"vc_item\"><div class=\"vc_inner\"><a class=\"prettyphoto\" href=\"https:\/\/bakusporting.com\/wp-content\/uploads\/2022\/02\/272700450_990981021827773_9216852973787588855_n-1024x1024.jpg\" data-rel=\"prettyPhoto[rel-4977-461740380]\"><img loading=\"lazy\" decoding=\"async\" class=\"\" src=\"https:\/\/bakusporting.com\/wp-content\/uploads\/2022\/02\/272700450_990981021827773_9216852973787588855_n-600x300.jpg\" width=\"600\" height=\"300\" alt=\"272700450_990981021827773_9216852973787588855_n\" title=\"272700450_990981021827773_9216852973787588855_n\" \/><\/a><\/div><\/div><div class=\"vc_item\"><div class=\"vc_inner\"><a class=\"prettyphoto\" href=\"https:\/\/bakusporting.com\/wp-content\/uploads\/2022\/02\/272713670_1556689171358825_7044699939273501720_n-1024x1024.jpg\" data-rel=\"prettyPhoto[rel-4977-461740380]\"><img loading=\"lazy\" decoding=\"async\" class=\"\" src=\"https:\/\/bakusporting.com\/wp-content\/uploads\/2022\/02\/272713670_1556689171358825_7044699939273501720_n-600x300.jpg\" width=\"600\" height=\"300\" alt=\"272713670_1556689171358825_7044699939273501720_n\" title=\"272713670_1556689171358825_7044699939273501720_n\" \/><\/a><\/div><\/div><div class=\"vc_item\"><div class=\"vc_inner\"><a class=\"prettyphoto\" href=\"https:\/\/bakusporting.com\/wp-content\/uploads\/2022\/02\/272690605_636843310932623_7038204640409571075_n-1024x1024.jpg\" data-rel=\"prettyPhoto[rel-4977-461740380]\"><img loading=\"lazy\" decoding=\"async\" class=\"\" src=\"https:\/\/bakusporting.com\/wp-content\/uploads\/2022\/02\/272690605_636843310932623_7038204640409571075_n-600x300.jpg\" width=\"600\" height=\"300\" alt=\"272690605_636843310932623_7038204640409571075_n\" title=\"272690605_636843310932623_7038204640409571075_n\" \/><\/a><\/div><\/div><div class=\"vc_item\"><div class=\"vc_inner\"><a class=\"prettyphoto\" href=\"https:\/\/bakusporting.com\/wp-content\/uploads\/2022\/02\/272704032_357025119260490_3139539407874396440_n-1024x1024.jpg\" data-rel=\"prettyPhoto[rel-4977-461740380]\"><img loading=\"lazy\" decoding=\"async\" class=\"\" src=\"https:\/\/bakusporting.com\/wp-content\/uploads\/2022\/02\/272704032_357025119260490_3139539407874396440_n-600x300.jpg\" width=\"600\" height=\"300\" alt=\"272704032_357025119260490_3139539407874396440_n\" title=\"272704032_357025119260490_3139539407874396440_n\" \/><\/a><\/div><\/div><div class=\"vc_item\"><div class=\"vc_inner\"><a class=\"prettyphoto\" href=\"https:\/\/bakusporting.com\/wp-content\/uploads\/2022\/02\/272679638_1183164635844029_2825869590627365304_n-1024x1024.jpg\" data-rel=\"prettyPhoto[rel-4977-461740380]\"><img loading=\"lazy\" decoding=\"async\" class=\"\" src=\"https:\/\/bakusporting.com\/wp-content\/uploads\/2022\/02\/272679638_1183164635844029_2825869590627365304_n-600x300.jpg\" width=\"600\" height=\"300\" alt=\"272679638_1183164635844029_2825869590627365304_n\" title=\"272679638_1183164635844029_2825869590627365304_n\" \/><\/a><\/div><\/div><div class=\"vc_item\"><div class=\"vc_inner\"><a class=\"prettyphoto\" href=\"https:\/\/bakusporting.com\/wp-content\/uploads\/2022\/02\/272821920_131353866042810_8785371548177739898_n-1024x1024.jpg\" data-rel=\"prettyPhoto[rel-4977-461740380]\"><img loading=\"lazy\" decoding=\"async\" class=\"\" src=\"https:\/\/bakusporting.com\/wp-content\/uploads\/2022\/02\/272821920_131353866042810_8785371548177739898_n-600x300.jpg\" width=\"600\" height=\"300\" alt=\"272821920_131353866042810_8785371548177739898_n\" title=\"272821920_131353866042810_8785371548177739898_n\" \/><\/a><\/div><\/div><div class=\"vc_item\"><div class=\"vc_inner\"><a class=\"prettyphoto\" href=\"https:\/\/bakusporting.com\/wp-content\/uploads\/2022\/02\/272835219_675678176778384_6649509098366301840_n-1024x1024.jpg\" data-rel=\"prettyPhoto[rel-4977-461740380]\"><img loading=\"lazy\" decoding=\"async\" class=\"\" src=\"https:\/\/bakusporting.com\/wp-content\/uploads\/2022\/02\/272835219_675678176778384_6649509098366301840_n-600x300.jpg\" width=\"600\" height=\"300\" alt=\"272835219_675678176778384_6649509098366301840_n\" title=\"272835219_675678176778384_6649509098366301840_n\" \/><\/a><\/div><\/div><div class=\"vc_item\"><div class=\"vc_inner\"><a class=\"prettyphoto\" href=\"https:\/\/bakusporting.com\/wp-content\/uploads\/2022\/02\/272656583_336495088386980_2450782352307166542_n-1024x1024.jpg\" data-rel=\"prettyPhoto[rel-4977-461740380]\"><img loading=\"lazy\" decoding=\"async\" class=\"\" src=\"https:\/\/bakusporting.com\/wp-content\/uploads\/2022\/02\/272656583_336495088386980_2450782352307166542_n-600x300.jpg\" width=\"600\" height=\"300\" alt=\"272656583_336495088386980_2450782352307166542_n\" title=\"272656583_336495088386980_2450782352307166542_n\" \/><\/a><\/div><\/div><div class=\"vc_item\"><div class=\"vc_inner\"><a class=\"prettyphoto\" href=\"https:\/\/bakusporting.com\/wp-content\/uploads\/2022\/02\/272766463_712218496434467_8537579978811156892_n-1024x940.jpg\" data-rel=\"prettyPhoto[rel-4977-461740380]\"><img loading=\"lazy\" decoding=\"async\" class=\"\" src=\"https:\/\/bakusporting.com\/wp-content\/uploads\/2022\/02\/272766463_712218496434467_8537579978811156892_n-600x300.jpg\" width=\"600\" height=\"300\" alt=\"272766463_712218496434467_8537579978811156892_n\" title=\"272766463_712218496434467_8537579978811156892_n\" \/><\/a><\/div><\/div><div class=\"vc_item\"><div class=\"vc_inner\"><a class=\"prettyphoto\" href=\"https:\/\/bakusporting.com\/wp-content\/uploads\/2022\/02\/272831919_1117220819013864_6747517614623824060_n-1024x1024.jpg\" data-rel=\"prettyPhoto[rel-4977-461740380]\"><img loading=\"lazy\" decoding=\"async\" class=\"\" src=\"https:\/\/bakusporting.com\/wp-content\/uploads\/2022\/02\/272831919_1117220819013864_6747517614623824060_n-600x300.jpg\" width=\"600\" height=\"300\" alt=\"272831919_1117220819013864_6747517614623824060_n\" title=\"272831919_1117220819013864_6747517614623824060_n\" \/><\/a><\/div><\/div><\/div><\/div><\/div><a class=\"vc_left vc_carousel-control\" href=\"#vc_images-carousel-1-1777201687\" data-slide=\"prev\"><span class=\"icon-prev\"><\/span><\/a><a class=\"vc_right vc_carousel-control\" href=\"#vc_images-carousel-1-1777201687\" data-slide=\"next\"><span class=\"icon-next\"><\/span><\/a><\/div><\/div><\/div><\/div><\/div><\/div><\/div><\/div><\/div><\/div><\/div><div class=\"vc_row-full-width vc_clearfix\"><\/div><div class=\"vc_row wpb_row vc_row-fluid\"><div class=\"wpb_column vc_column_container vc_col-sm-12\"><div class=\"vc_column-inner\"><div class=\"wpb_wrapper\">\n\t<div class=\"wpb_text_column wpb_content_element\" >\n\t\t<div class=\"wpb_wrapper\">\n\t\t\t\n\t\t<\/div>\n\t<\/div>\n<\/div><\/div><\/div><\/div>","protected":false},"excerpt":{"rendered":"Baku Sporting Futbol Akademiyas\u0131n\u0131n 2021 Yekun T\u0259dbiri Bank \u201cVTB Az\u0259rbaycan\u201c\u0131n Ba\u015f Sponsorlu\u011fu il\u0259 ,Holiday \u0130nn Baku\u00a0otelind\u0259 ke\u00e7iril\u0259n \u201cBaku Sporting\u201d Futbol Akademiyas\u0131n\u0131n\u00a02021 yekun t\u0259dbirind\u0259n g\u00f6r\u00fcnt\u00fcl\u0259ri sizl\u0259r\u0259 t\u0259qdim edirik. X\u00fcsusi qonaqlar\u0131n i\u015ftirak\u0131 il\u0259 ke\u00e7iril\u0259n t\u0259dbird\u0259 futbol\u00e7ular,m\u0259\u015fq\u00e7il\u0259r,sponsorlar, h\u0259kim v\u0259 valideynl\u0259r nominasiyalar il\u0259 t\u0259ltif edildil\u0259r. Qonaqlar futbol\u00e7ulara \u00f6z t\u00f6vsiy\u0259l\u0259rini verdil\u0259r. T\u0259dbird\u0259n Fotolar :","protected":false},"author":4,"featured_media":0,"parent":0,"menu_order":0,"comment_status":"closed","ping_status":"closed","template":"","meta":{"footnotes":""},"class_list":["post-4977","page","type-page","status-publish","hentry"],"_links":{"self":[{"href":"https:\/\/bakusporting.com\/ru\/wp-json\/wp\/v2\/pages\/4977","targetHints":{"allow":["GET"]}}],"collection":[{"href":"https:\/\/bakusporting.com\/ru\/wp-json\/wp\/v2\/pages"}],"about":[{"href":"https:\/\/bakusporting.com\/ru\/wp-json\/wp\/v2\/types\/page"}],"author":[{"embeddable":true,"href":"https:\/\/bakusporting.com\/ru\/wp-json\/wp\/v2\/users\/4"}],"replies":[{"embeddable":true,"href":"https:\/\/bakusporting.com\/ru\/wp-json\/wp\/v2\/comments?post=4977"}],"version-history":[{"count":13,"href":"https:\/\/bakusporting.com\/ru\/wp-json\/wp\/v2\/pages\/4977\/revisions"}],"predecessor-version":[{"id":5117,"href":"https:\/\/bakusporting.com\/ru\/wp-json\/wp\/v2\/pages\/4977\/revisions\/5117"}],"wp:attachment":[{"href":"https:\/\/bakusporting.com\/ru\/wp-json\/wp\/v2\/media?parent=4977"}],"curies":[{"name":"wp","href":"https:\/\/api.w.org\/{rel}","templated":true}]}}