{"id":5084,"date":"2022-03-04T08:03:08","date_gmt":"2022-03-04T08:03:08","guid":{"rendered":"https:\/\/bakusporting.com\/?page_id=5084"},"modified":"2025-02-10T21:59:30","modified_gmt":"2025-02-10T21:59:30","slug":"valideynl%c9%99r-arasi-daxili-ata-qoool-turniri","status":"publish","type":"page","link":"https:\/\/bakusporting.com\/en\/valideynl%c9%99r-arasi-daxili-ata-qoool-turniri\/","title":{"rendered":"Valideynl\u0259r aras\u0131 daxili &#8220;Ata Qoool&#8221; Turniri"},"content":{"rendered":"<div data-vc-full-width=\"true\" data-vc-full-width-init=\"false\" data-vc-stretch-content=\"true\" class=\"vc_row wpb_row vc_row-fluid fixture-views vc_custom_1610409981959 vc_row-has-fill vc_row-o-content-top vc_row-flex\"><div class=\"wpb_column vc_column_container vc_col-sm-12\"><div class=\"vc_column-inner vc_custom_1610410042372\"><div class=\"wpb_wrapper\"><div class=\"vc_row wpb_row vc_inner vc_row-fluid vc_custom_1560153296232 vc_row-o-equal-height vc_row-o-content-middle vc_row-flex\"><div class=\"wpb_column vc_column_container vc_col-sm-5 vc_col-has-fill\"><div class=\"vc_column-inner vc_custom_1557908404124\"><div class=\"wpb_wrapper\">\r\n        <div class=\"rs-heading style2\">\r\n        \t<div class=\"title-inner\">\r\n        \t\t       \t\t\r\n\t            \r\n\t            <h2 class=\"title\">Baku Sporting Futbol Akademiyas\u0131 Valideynl\u0259r aras\u0131 daxili ``Ata Qoool`` Turniri<\/h2> <span class=\"lines-bg\"><\/span>\r\n\t            <div class=\"title-img bottom-img\"><\/div>\r\n\t        <\/div><div class=\"description\" >\n<h3>&#8220;Baku Sporting&#8221; Futbol Akademiyas\u0131nda ilk d\u0259f\u0259 olaraq daxili- U10, U11, U12, U13 ve U14 Valideynl\u0259r aras\u0131 turnir\u0259 start verilir\u26bd\ufe0f.<\/h3>\n<h3>Turnir\ud83e\udd47- ild\u0259 4 d\u0259f\u0259 olmaqla( q\u0131\u015f,yaz,yay v\u0259 pay\u0131z f\u0259sill\u0259rind\u0259 )ke\u00e7iril\u0259c\u0259kdir.<\/h3>\n<h3>Qalib komandaya 2022 yekunu t\u0259dbirind\u0259 \ud83c\udfc6Nominasiyalar t\u0259qdim olunacaqd\u0131r.<\/h3>\n<h3>28 Fevral 2022 tarixind\u0259 ,ilk d\u0259f\u0259, Baku Sporting Futbol Akademiyas\u0131 t\u0259r\u0259find\u0259n t\u0259\u015fkil olunan daxili Valideynl\u0259r Aras\u0131 &#8220;Ata Qoool&#8221; Turninin ilk m\u0259rh\u0259l\u0259sin\u0259 START verildi. Valideynl\u0259r aras\u0131 Turnird\u0259 U10,U11,U12,U13 v\u0259 U14 komandalar\u0131n futbol\u00e7ular\u0131n\u0131n valideynl\u0259ri i\u015ftirak etmi\u015fdir.<\/h3>\n<h3>D\u0259st\u0259k \u00fc\u00e7\u00fcn b\u00fct\u00fcn valideynl\u0259rimiz\u0259 t\u0259\u015f\u0259kk\u00fcr\u00fcm\u00fcz\u00fc bildiririk! Biz Birlikd\u0259 G\u00fccl\u00fcy\u00fck!<\/h3>\n<p><\/p><\/div><\/div><\/div><\/div><\/div><div class=\"wpb_column vc_column_container vc_col-sm-7\"><div class=\"vc_column-inner vc_custom_1557734622756\"><div class=\"wpb_wrapper\"><div class=\"rs-video-2 Style2 video-item-2\"><img decoding=\"async\" src=\"https:\/\/bakusporting.com\/wp-content\/uploads\/2022\/03\/PicsArt_03-01-06.27.31-scaled.jpg\" alt=\"\"><a style=\"background-color:#ea4c23!important\" class=\"popup-videos\" id=\"video-item-2\" data-bg=\"#ea4c23\" href=\"https:\/\/www.youtube.com\/watch?v=kn_x3GTAM28\" title=\"\">\r\n\t\t\t\t\t\t<i data-icolor=\"#fff\" class=\"fa fa-play\"><\/i>\r\n\t\t\t\t\t<\/a>\r\n\t\t\t\t\t\r\n\t\t\t<\/div><\/div><\/div><\/div><div class=\"wpb_column vc_column_container vc_col-sm-12\"><div class=\"vc_column-inner\"><div class=\"wpb_wrapper\"><div class=\"wpb_images_carousel wpb_content_element vc_clearfix\"><div class=\"wpb_wrapper\"><h2 class=\"wpb_heading wpb_gallery_heading\">Turnird\u0259n Fotolar :<\/h2><div id=\"vc_images-carousel-1-1775407099\" data-ride=\"vc_carousel\" data-wrap=\"false\" style=\"width: 600px;\" data-interval=\"5000\" data-auto-height=\"yes\" data-mode=\"horizontal\" data-partial=\"false\" data-per-view=\"1\" data-hide-on-end=\"false\" class=\"vc_slide vc_images_carousel\"><ol class=\"vc_carousel-indicators\"><li data-target=\"#vc_images-carousel-1-1775407099\" data-slide-to=\"0\"><\/li><li data-target=\"#vc_images-carousel-1-1775407099\" data-slide-to=\"1\"><\/li><li data-target=\"#vc_images-carousel-1-1775407099\" data-slide-to=\"2\"><\/li><li data-target=\"#vc_images-carousel-1-1775407099\" data-slide-to=\"3\"><\/li><li data-target=\"#vc_images-carousel-1-1775407099\" data-slide-to=\"4\"><\/li><li data-target=\"#vc_images-carousel-1-1775407099\" data-slide-to=\"5\"><\/li><li data-target=\"#vc_images-carousel-1-1775407099\" data-slide-to=\"6\"><\/li><li data-target=\"#vc_images-carousel-1-1775407099\" data-slide-to=\"7\"><\/li><li data-target=\"#vc_images-carousel-1-1775407099\" data-slide-to=\"8\"><\/li><li data-target=\"#vc_images-carousel-1-1775407099\" data-slide-to=\"9\"><\/li><li data-target=\"#vc_images-carousel-1-1775407099\" data-slide-to=\"10\"><\/li><li data-target=\"#vc_images-carousel-1-1775407099\" data-slide-to=\"11\"><\/li><li data-target=\"#vc_images-carousel-1-1775407099\" data-slide-to=\"12\"><\/li><li data-target=\"#vc_images-carousel-1-1775407099\" data-slide-to=\"13\"><\/li><li data-target=\"#vc_images-carousel-1-1775407099\" data-slide-to=\"14\"><\/li><li data-target=\"#vc_images-carousel-1-1775407099\" data-slide-to=\"15\"><\/li><li data-target=\"#vc_images-carousel-1-1775407099\" data-slide-to=\"16\"><\/li><li data-target=\"#vc_images-carousel-1-1775407099\" data-slide-to=\"17\"><\/li><li data-target=\"#vc_images-carousel-1-1775407099\" data-slide-to=\"18\"><\/li><li data-target=\"#vc_images-carousel-1-1775407099\" data-slide-to=\"19\"><\/li><li data-target=\"#vc_images-carousel-1-1775407099\" data-slide-to=\"20\"><\/li><\/ol><div class=\"vc_carousel-inner\"><div class=\"vc_carousel-slideline\"><div class=\"vc_carousel-slideline-inner\"><div class=\"vc_item\"><div class=\"vc_inner\"><a class=\"prettyphoto\" href=\"https:\/\/bakusporting.com\/wp-content\/uploads\/2022\/03\/PicsArt_03-01-06.18.52-1024x683.jpg\" data-rel=\"prettyPhoto[rel-5084-286390355]\"><img loading=\"lazy\" decoding=\"async\" class=\"\" src=\"https:\/\/bakusporting.com\/wp-content\/uploads\/2022\/03\/PicsArt_03-01-06.18.52-scaled-600x300.jpg\" width=\"600\" height=\"300\" alt=\"PicsArt_03-01-06.18.52\" title=\"PicsArt_03-01-06.18.52\" \/><\/a><\/div><\/div><div class=\"vc_item\"><div class=\"vc_inner\"><a class=\"prettyphoto\" href=\"https:\/\/bakusporting.com\/wp-content\/uploads\/2022\/03\/PicsArt_03-01-06.19.13-1024x683.jpg\" data-rel=\"prettyPhoto[rel-5084-286390355]\"><img loading=\"lazy\" decoding=\"async\" class=\"\" src=\"https:\/\/bakusporting.com\/wp-content\/uploads\/2022\/03\/PicsArt_03-01-06.19.13-scaled-600x300.jpg\" width=\"600\" height=\"300\" alt=\"PicsArt_03-01-06.19.13\" title=\"PicsArt_03-01-06.19.13\" \/><\/a><\/div><\/div><div class=\"vc_item\"><div class=\"vc_inner\"><a class=\"prettyphoto\" href=\"https:\/\/bakusporting.com\/wp-content\/uploads\/2022\/03\/PicsArt_03-01-06.19.36-1024x683.jpg\" data-rel=\"prettyPhoto[rel-5084-286390355]\"><img loading=\"lazy\" decoding=\"async\" class=\"\" src=\"https:\/\/bakusporting.com\/wp-content\/uploads\/2022\/03\/PicsArt_03-01-06.19.36-scaled-600x300.jpg\" width=\"600\" height=\"300\" alt=\"PicsArt_03-01-06.19.36\" title=\"PicsArt_03-01-06.19.36\" \/><\/a><\/div><\/div><div class=\"vc_item\"><div class=\"vc_inner\"><a class=\"prettyphoto\" href=\"https:\/\/bakusporting.com\/wp-content\/uploads\/2022\/03\/PicsArt_03-01-06.20.07-1024x683.jpg\" data-rel=\"prettyPhoto[rel-5084-286390355]\"><img loading=\"lazy\" decoding=\"async\" class=\"\" src=\"https:\/\/bakusporting.com\/wp-content\/uploads\/2022\/03\/PicsArt_03-01-06.20.07-scaled-600x300.jpg\" width=\"600\" height=\"300\" alt=\"PicsArt_03-01-06.20.07\" title=\"PicsArt_03-01-06.20.07\" \/><\/a><\/div><\/div><div class=\"vc_item\"><div class=\"vc_inner\"><a class=\"prettyphoto\" href=\"https:\/\/bakusporting.com\/wp-content\/uploads\/2022\/03\/PicsArt_03-01-06.20.30-1024x683.jpg\" data-rel=\"prettyPhoto[rel-5084-286390355]\"><img loading=\"lazy\" decoding=\"async\" class=\"\" src=\"https:\/\/bakusporting.com\/wp-content\/uploads\/2022\/03\/PicsArt_03-01-06.20.30-scaled-600x300.jpg\" width=\"600\" height=\"300\" alt=\"PicsArt_03-01-06.20.30\" title=\"PicsArt_03-01-06.20.30\" \/><\/a><\/div><\/div><div class=\"vc_item\"><div class=\"vc_inner\"><a class=\"prettyphoto\" href=\"https:\/\/bakusporting.com\/wp-content\/uploads\/2022\/03\/PicsArt_03-01-06.21.00-1024x683.jpg\" data-rel=\"prettyPhoto[rel-5084-286390355]\"><img loading=\"lazy\" decoding=\"async\" class=\"\" src=\"https:\/\/bakusporting.com\/wp-content\/uploads\/2022\/03\/PicsArt_03-01-06.21.00-600x300.jpg\" width=\"600\" height=\"300\" alt=\"PicsArt_03-01-06.21.00\" title=\"PicsArt_03-01-06.21.00\" \/><\/a><\/div><\/div><div class=\"vc_item\"><div class=\"vc_inner\"><a class=\"prettyphoto\" href=\"https:\/\/bakusporting.com\/wp-content\/uploads\/2022\/03\/PicsArt_03-01-06.21.29-1024x683.jpg\" data-rel=\"prettyPhoto[rel-5084-286390355]\"><img loading=\"lazy\" decoding=\"async\" class=\"\" src=\"https:\/\/bakusporting.com\/wp-content\/uploads\/2022\/03\/PicsArt_03-01-06.21.29-scaled-600x300.jpg\" width=\"600\" height=\"300\" alt=\"PicsArt_03-01-06.21.29\" title=\"PicsArt_03-01-06.21.29\" \/><\/a><\/div><\/div><div class=\"vc_item\"><div class=\"vc_inner\"><a class=\"prettyphoto\" href=\"https:\/\/bakusporting.com\/wp-content\/uploads\/2022\/03\/PicsArt_03-01-06.21.47-1024x683.jpg\" data-rel=\"prettyPhoto[rel-5084-286390355]\"><img loading=\"lazy\" decoding=\"async\" class=\"\" src=\"https:\/\/bakusporting.com\/wp-content\/uploads\/2022\/03\/PicsArt_03-01-06.21.47-scaled-600x300.jpg\" width=\"600\" height=\"300\" alt=\"PicsArt_03-01-06.21.47\" title=\"PicsArt_03-01-06.21.47\" \/><\/a><\/div><\/div><div class=\"vc_item\"><div class=\"vc_inner\"><a class=\"prettyphoto\" href=\"https:\/\/bakusporting.com\/wp-content\/uploads\/2022\/03\/PicsArt_03-01-06.22.51-1024x683.jpg\" data-rel=\"prettyPhoto[rel-5084-286390355]\"><img loading=\"lazy\" decoding=\"async\" class=\"\" src=\"https:\/\/bakusporting.com\/wp-content\/uploads\/2022\/03\/PicsArt_03-01-06.22.51-scaled-600x300.jpg\" width=\"600\" height=\"300\" alt=\"PicsArt_03-01-06.22.51\" title=\"PicsArt_03-01-06.22.51\" \/><\/a><\/div><\/div><div class=\"vc_item\"><div class=\"vc_inner\"><a class=\"prettyphoto\" href=\"https:\/\/bakusporting.com\/wp-content\/uploads\/2022\/03\/PicsArt_03-01-06.23.02-1024x683.jpg\" data-rel=\"prettyPhoto[rel-5084-286390355]\"><img loading=\"lazy\" decoding=\"async\" class=\"\" src=\"https:\/\/bakusporting.com\/wp-content\/uploads\/2022\/03\/PicsArt_03-01-06.23.02-scaled-600x300.jpg\" width=\"600\" height=\"300\" alt=\"PicsArt_03-01-06.23.02\" title=\"PicsArt_03-01-06.23.02\" \/><\/a><\/div><\/div><div class=\"vc_item\"><div class=\"vc_inner\"><a class=\"prettyphoto\" href=\"https:\/\/bakusporting.com\/wp-content\/uploads\/2022\/03\/PicsArt_03-01-06.23.23-1024x683.jpg\" data-rel=\"prettyPhoto[rel-5084-286390355]\"><img loading=\"lazy\" decoding=\"async\" class=\"\" src=\"https:\/\/bakusporting.com\/wp-content\/uploads\/2022\/03\/PicsArt_03-01-06.23.23-scaled-600x300.jpg\" width=\"600\" height=\"300\" alt=\"PicsArt_03-01-06.23.23\" title=\"PicsArt_03-01-06.23.23\" \/><\/a><\/div><\/div><div class=\"vc_item\"><div class=\"vc_inner\"><a class=\"prettyphoto\" href=\"https:\/\/bakusporting.com\/wp-content\/uploads\/2022\/03\/PicsArt_03-01-06.23.38-1024x683.jpg\" data-rel=\"prettyPhoto[rel-5084-286390355]\"><img loading=\"lazy\" decoding=\"async\" class=\"\" src=\"https:\/\/bakusporting.com\/wp-content\/uploads\/2022\/03\/PicsArt_03-01-06.23.38-scaled-600x300.jpg\" width=\"600\" height=\"300\" alt=\"PicsArt_03-01-06.23.38\" title=\"PicsArt_03-01-06.23.38\" \/><\/a><\/div><\/div><div class=\"vc_item\"><div class=\"vc_inner\"><a class=\"prettyphoto\" href=\"https:\/\/bakusporting.com\/wp-content\/uploads\/2022\/03\/PicsArt_03-01-06.24.27-1024x683.jpg\" data-rel=\"prettyPhoto[rel-5084-286390355]\"><img loading=\"lazy\" decoding=\"async\" class=\"\" src=\"https:\/\/bakusporting.com\/wp-content\/uploads\/2022\/03\/PicsArt_03-01-06.24.27-scaled-600x300.jpg\" width=\"600\" height=\"300\" alt=\"PicsArt_03-01-06.24.27\" title=\"PicsArt_03-01-06.24.27\" \/><\/a><\/div><\/div><div class=\"vc_item\"><div class=\"vc_inner\"><a class=\"prettyphoto\" href=\"https:\/\/bakusporting.com\/wp-content\/uploads\/2022\/03\/PicsArt_03-01-06.24.47-1024x683.jpg\" data-rel=\"prettyPhoto[rel-5084-286390355]\"><img loading=\"lazy\" decoding=\"async\" class=\"\" src=\"https:\/\/bakusporting.com\/wp-content\/uploads\/2022\/03\/PicsArt_03-01-06.24.47-scaled-600x300.jpg\" width=\"600\" height=\"300\" alt=\"PicsArt_03-01-06.24.47\" title=\"PicsArt_03-01-06.24.47\" \/><\/a><\/div><\/div><div class=\"vc_item\"><div class=\"vc_inner\"><a class=\"prettyphoto\" href=\"https:\/\/bakusporting.com\/wp-content\/uploads\/2022\/03\/PicsArt_03-01-06.25.05-1024x683.jpg\" data-rel=\"prettyPhoto[rel-5084-286390355]\"><img loading=\"lazy\" decoding=\"async\" class=\"\" src=\"https:\/\/bakusporting.com\/wp-content\/uploads\/2022\/03\/PicsArt_03-01-06.25.05-scaled-600x300.jpg\" width=\"600\" height=\"300\" alt=\"PicsArt_03-01-06.25.05\" title=\"PicsArt_03-01-06.25.05\" \/><\/a><\/div><\/div><div class=\"vc_item\"><div class=\"vc_inner\"><a class=\"prettyphoto\" href=\"https:\/\/bakusporting.com\/wp-content\/uploads\/2022\/03\/PicsArt_03-01-06.25.42-1024x683.jpg\" data-rel=\"prettyPhoto[rel-5084-286390355]\"><img loading=\"lazy\" decoding=\"async\" class=\"\" src=\"https:\/\/bakusporting.com\/wp-content\/uploads\/2022\/03\/PicsArt_03-01-06.25.42-600x300.jpg\" width=\"600\" height=\"300\" alt=\"PicsArt_03-01-06.25.42\" title=\"PicsArt_03-01-06.25.42\" \/><\/a><\/div><\/div><div class=\"vc_item\"><div class=\"vc_inner\"><a class=\"prettyphoto\" href=\"https:\/\/bakusporting.com\/wp-content\/uploads\/2022\/03\/PicsArt_03-01-06.26.18-1024x683.jpg\" data-rel=\"prettyPhoto[rel-5084-286390355]\"><img loading=\"lazy\" decoding=\"async\" class=\"\" src=\"https:\/\/bakusporting.com\/wp-content\/uploads\/2022\/03\/PicsArt_03-01-06.26.18-scaled-600x300.jpg\" width=\"600\" height=\"300\" alt=\"PicsArt_03-01-06.26.18\" title=\"PicsArt_03-01-06.26.18\" \/><\/a><\/div><\/div><div class=\"vc_item\"><div class=\"vc_inner\"><a class=\"prettyphoto\" href=\"https:\/\/bakusporting.com\/wp-content\/uploads\/2022\/03\/PicsArt_03-01-06.26.36-1024x683.jpg\" data-rel=\"prettyPhoto[rel-5084-286390355]\"><img loading=\"lazy\" decoding=\"async\" class=\"\" src=\"https:\/\/bakusporting.com\/wp-content\/uploads\/2022\/03\/PicsArt_03-01-06.26.36-scaled-600x300.jpg\" width=\"600\" height=\"300\" alt=\"PicsArt_03-01-06.26.36\" title=\"PicsArt_03-01-06.26.36\" \/><\/a><\/div><\/div><div class=\"vc_item\"><div class=\"vc_inner\"><a class=\"prettyphoto\" href=\"https:\/\/bakusporting.com\/wp-content\/uploads\/2022\/03\/PicsArt_03-01-06.26.51-1024x683.jpg\" data-rel=\"prettyPhoto[rel-5084-286390355]\"><img loading=\"lazy\" decoding=\"async\" class=\"\" src=\"https:\/\/bakusporting.com\/wp-content\/uploads\/2022\/03\/PicsArt_03-01-06.26.51-scaled-600x300.jpg\" width=\"600\" height=\"300\" alt=\"PicsArt_03-01-06.26.51\" title=\"PicsArt_03-01-06.26.51\" \/><\/a><\/div><\/div><div class=\"vc_item\"><div class=\"vc_inner\"><a class=\"prettyphoto\" href=\"https:\/\/bakusporting.com\/wp-content\/uploads\/2022\/03\/PicsArt_03-01-06.27.02-1024x683.jpg\" data-rel=\"prettyPhoto[rel-5084-286390355]\"><img loading=\"lazy\" decoding=\"async\" class=\"\" src=\"https:\/\/bakusporting.com\/wp-content\/uploads\/2022\/03\/PicsArt_03-01-06.27.02-scaled-600x300.jpg\" width=\"600\" height=\"300\" alt=\"PicsArt_03-01-06.27.02\" title=\"PicsArt_03-01-06.27.02\" \/><\/a><\/div><\/div><div class=\"vc_item\"><div class=\"vc_inner\"><a class=\"prettyphoto\" href=\"https:\/\/bakusporting.com\/wp-content\/uploads\/2022\/03\/PicsArt_03-01-06.27.48.jpg\" data-rel=\"prettyPhoto[rel-5084-286390355]\"><img loading=\"lazy\" decoding=\"async\" class=\"\" src=\"https:\/\/bakusporting.com\/wp-content\/uploads\/2022\/03\/PicsArt_03-01-06.27.48-600x300.jpg\" width=\"600\" height=\"300\" alt=\"PicsArt_03-01-06.27.48\" title=\"PicsArt_03-01-06.27.48\" \/><\/a><\/div><\/div><\/div><\/div><\/div><a class=\"vc_left vc_carousel-control\" href=\"#vc_images-carousel-1-1775407099\" data-slide=\"prev\"><span class=\"icon-prev\"><\/span><\/a><a class=\"vc_right vc_carousel-control\" href=\"#vc_images-carousel-1-1775407099\" data-slide=\"next\"><span class=\"icon-next\"><\/span><\/a><\/div><\/div><\/div><\/div><\/div><\/div><\/div><\/div><\/div><\/div><\/div><div class=\"vc_row-full-width vc_clearfix\"><\/div><div class=\"vc_row wpb_row vc_row-fluid\"><div class=\"wpb_column vc_column_container vc_col-sm-12\"><div class=\"vc_column-inner\"><div class=\"wpb_wrapper\">\n\t<div class=\"wpb_text_column wpb_content_element\" >\n\t\t<div class=\"wpb_wrapper\">\n\t\t\t<p><!-- \/wp:paragraph --><\/p>\n\n\t\t<\/div>\n\t<\/div>\n<\/div><\/div><\/div><\/div><div class=\"vc_row wpb_row vc_row-fluid\"><div class=\"wpb_column vc_column_container vc_col-sm-12\"><div class=\"vc_column-inner\"><div class=\"wpb_wrapper\">\n\t<div class=\"wpb_text_column wpb_content_element\" >\n\t\t<div class=\"wpb_wrapper\">\n\t\t\t<p><!-- \/wp:embed --><\/p>\n\n\t\t<\/div>\n\t<\/div>\n<\/div><\/div><\/div><\/div>","protected":false},"excerpt":{"rendered":"Baku Sporting Futbol Akademiyas\u0131 Valideynl\u0259r aras\u0131 daxili ``Ata Qoool`` Turniri \"Baku Sporting\" Futbol Akademiyas\u0131nda ilk d\u0259f\u0259 olaraq daxili- U10, U11, U12, U13 ve U14 Valideynl\u0259r aras\u0131 turnir\u0259 start verilir\u26bd\ufe0f. Turnir\ud83e\udd47- ild\u0259 4 d\u0259f\u0259 olmaqla( q\u0131\u015f,yaz,yay v\u0259 pay\u0131z f\u0259sill\u0259rind\u0259 )ke\u00e7iril\u0259c\u0259kdir. Qalib komandaya 2022 yekunu t\u0259dbirind\u0259 \ud83c\udfc6Nominasiyalar t\u0259qdim olunacaqd\u0131r. 28 Fevral 2022 tarixind\u0259 ,ilk d\u0259f\u0259, Baku Sporting [...]","protected":false},"author":4,"featured_media":0,"parent":0,"menu_order":0,"comment_status":"closed","ping_status":"closed","template":"","meta":{"footnotes":""},"class_list":["post-5084","page","type-page","status-publish","hentry"],"_links":{"self":[{"href":"https:\/\/bakusporting.com\/en\/wp-json\/wp\/v2\/pages\/5084","targetHints":{"allow":["GET"]}}],"collection":[{"href":"https:\/\/bakusporting.com\/en\/wp-json\/wp\/v2\/pages"}],"about":[{"href":"https:\/\/bakusporting.com\/en\/wp-json\/wp\/v2\/types\/page"}],"author":[{"embeddable":true,"href":"https:\/\/bakusporting.com\/en\/wp-json\/wp\/v2\/users\/4"}],"replies":[{"embeddable":true,"href":"https:\/\/bakusporting.com\/en\/wp-json\/wp\/v2\/comments?post=5084"}],"version-history":[{"count":9,"href":"https:\/\/bakusporting.com\/en\/wp-json\/wp\/v2\/pages\/5084\/revisions"}],"predecessor-version":[{"id":5121,"href":"https:\/\/bakusporting.com\/en\/wp-json\/wp\/v2\/pages\/5084\/revisions\/5121"}],"wp:attachment":[{"href":"https:\/\/bakusporting.com\/en\/wp-json\/wp\/v2\/media?parent=5084"}],"curies":[{"name":"wp","href":"https:\/\/api.w.org\/{rel}","templated":true}]}}