{"id":4501,"date":"2021-11-25T12:13:35","date_gmt":"2021-11-25T12:13:35","guid":{"rendered":"https:\/\/bakusporting.com\/?page_id=4501"},"modified":"2025-02-10T21:59:30","modified_gmt":"2025-02-10T21:59:30","slug":"vtb-kuboku","status":"publish","type":"page","link":"https:\/\/bakusporting.com\/en\/vtb-kuboku\/","title":{"rendered":"VTB Kuboku"},"content":{"rendered":"<div data-vc-full-width=\"true\" data-vc-full-width-init=\"false\" data-vc-stretch-content=\"true\" class=\"vc_row wpb_row vc_row-fluid fixture-views vc_custom_1610409981959 vc_row-has-fill vc_row-o-content-top vc_row-flex\"><div class=\"wpb_column vc_column_container vc_col-sm-12\"><div class=\"vc_column-inner vc_custom_1610410042372\"><div class=\"wpb_wrapper\"><div class=\"vc_row wpb_row vc_inner vc_row-fluid vc_custom_1560153296232 vc_row-o-equal-height vc_row-o-content-middle vc_row-flex\"><div class=\"wpb_column vc_column_container vc_col-sm-5 vc_col-has-fill\"><div class=\"vc_column-inner vc_custom_1557908404124\"><div class=\"wpb_wrapper\">\r\n        <div class=\"rs-heading style2\">\r\n        \t<div class=\"title-inner\">\r\n        \t\t       \t\t\r\n\t            \r\n\t            <h2 class=\"title\">VTB Kubok Az\u0259rbaycan Turniri<\/h2> <span class=\"lines-bg\"><\/span>\r\n\t            <div class=\"title-img bottom-img\"><\/div>\r\n\t        <\/div><div class=\"description\" >4,5 v\u0259 6 iyun tarixl\u0259rind\u0259\u00a0<strong>\u201cBaku Sportinq\u201d<\/strong>\u00a0u\u015faq futbol klubunun t\u0259\u015f\u0259bb\u00fcs\u00fc il\u0259 h\u0259yata ke\u00e7iril\u0259n\u00a0<strong>\u201cBank VTB Az\u0259rbaycan\u201d kuboku adl\u0131 turniri\u00a0<\/strong>ba\u015f tutmu\u015fdur. G\u0259l\u0259c\u0259k n\u0259slin inki\u015faf\u0131n\u0131 d\u0259st\u0259kl\u0259y\u0259n bir bank olaraq,\u00a0<strong>Bank VTB Az\u0259rbaycan<\/strong>, bu turnir\u0259 Ba\u015f Sponsor olaraq d\u0259st\u0259k vermi\u015fdir. \u00a0Yar\u0131\u015f\u0131n a\u00e7\u0131l\u0131\u015f m\u0259rasimind\u0259\u00a0<strong>\u201cBank VTB Az\u0259rbaycan\u201d ASC-<\/strong>nin \u0130dar\u0259 Hey\u0259tinin \u00fczv\u00fc Yasin C\u0259lilov \u00e7\u0131x\u0131\u015f etmi\u015fdir. \u00d6z \u00e7\u0131x\u0131\u015f\u0131nda o, \u201cBaku Sportinq\u201d futbol klubuna v\u0259 r\u0259hb\u0259rl\u0259rin\u0259 bu c\u00fcr geni\u015f miqyasl\u0131 t\u0259dbirin t\u0259\u015fkilat\u0131na g\u00f6r\u0259 d\u0259rin minn\u0259tdarl\u0131\u011f\u0131n\u0131 v\u0259 \u0259m\u0259kda\u015fl\u0131qlar\u0131n\u0131n daim u\u011furla davam ed\u0259c\u0259yini bildirdi.\n<p>U-10 Liqas\u0131nda m\u00fcbariz\u0259 aparan 6 komandan\u0131n i\u015ftirak etdiyi turnir 3 g\u00fcn davam etmi\u015fdir. A\u00e7\u0131l\u0131\u015f m\u0259rasiminin r\u0259smi v\u0259 b\u0259dii hiss\u0259l\u0259ri ba\u015fa \u00e7atd\u0131qdan sonra p\u00fc\u015fkatma m\u0259rasimi ke\u00e7irilib. Buna \u0259sas\u0259n, komandalar 2 qrupa b\u00f6l\u00fcn\u0259r\u0259k, A qrupunda-\u201cBaku Sportinq\u201d, \u201cZir\u0259\u201d, \u201cQ\u0259b\u0259l\u0259\u201d B qrupunda is\u0259 \u201cSabah\u201d, \u201cTekin\u201d,\u201dSumqay\u0131t\u201d komandalar\u0131 i\u015ftirak etmi\u015fdir. Turnirin final g\u00f6r\u00fc\u015f\u00fc v\u0259 ba\u011flan\u0131\u015f m\u0259rasimi is\u0259 iyun ay\u0131n\u0131n 6-da ke\u00e7irilib. Turnird\u0259 yer tutan qalib komanda kubok v\u0259 medallarla m\u00fckafatland\u0131r\u0131l\u0131b. Ba\u011flan\u0131\u015f m\u0259rasimind\u0259\u00a0<strong>\u201cBank VTB Az\u0259rbaycan\u201dASC<\/strong>-nin \u0130dar\u0259 Hey\u0259tinin \u00fczv\u00fc Evgeniy Borodin \u00e7\u0131x\u0131\u015f ed\u0259r\u0259k, bu ifad\u0259l\u0259ri bildirmi\u015fdir: \u201cBel\u0259 bir m\u00f6ht\u0259\u015f\u0259m t\u0259dbird\u0259 \u2013 Bank VTB Az\u0259rbaycan kubokunun futbol turnirind\u0259 i\u015ftirak etdiyimiz\u0259 g\u00f6r\u0259 \u00e7ox \u015fad\u0131q. Turnirin ba\u015f sponsoru olan Bank VTB ail\u0259si olaraq, \u0259sas m\u0259qs\u0259dimiz u\u015faqlar aras\u0131nda futbola olan mara\u011f\u0131 art\u0131rmaq v\u0259 onlara h\u0259r zaman d\u0259st\u0259k oldu\u011fumuzu g\u00f6st\u0259rm\u0259kdir. \u00c7\u00fcnki,onlar bizim g\u0259l\u0259c\u0259yimizdir! Qalib \u201cSumqay\u0131t\u201d komandas\u0131n\u0131 v\u0259 dig\u0259r g\u0259nc futbol\u00e7ular\u0131m\u0131z\u0131 t\u0259brik edir, onlara bol n\u0259aliyy\u0259tl\u0259r arzu edirik!&#8221;<\/p><\/div><\/div>\n\t<div class=\"wpb_text_column wpb_content_element\" >\n\t\t<div class=\"wpb_wrapper\">\n\t\t\t<p>4,5 v\u0259 6 iyun tarixl\u0259rind\u0259\u00a0<strong>\u201cBaku Sportinq\u201d<\/strong>\u00a0u\u015faq futbol klubunun t\u0259\u015f\u0259bb\u00fcs\u00fc il\u0259 h\u0259yata ke\u00e7iril\u0259n\u00a0<strong>\u201cBank VTB Az\u0259rbaycan\u201d kuboku adl\u0131 turniri\u00a0<\/strong>ba\u015f tutmu\u015fdur. G\u0259l\u0259c\u0259k n\u0259slin inki\u015faf\u0131n\u0131 d\u0259st\u0259kl\u0259y\u0259n bir bank olaraq,\u00a0<strong>Bank VTB Az\u0259rbaycan<\/strong>, bu turnir\u0259 Ba\u015f Sponsor olaraq d\u0259st\u0259k vermi\u015fdir. \u00a0Yar\u0131\u015f\u0131n a\u00e7\u0131l\u0131\u015f m\u0259rasimind\u0259\u00a0<strong>\u201cBank VTB Az\u0259rbaycan\u201d ASC-<\/strong>nin \u0130dar\u0259 Hey\u0259tinin \u00fczv\u00fc Yasin C\u0259lilov \u00e7\u0131x\u0131\u015f etmi\u015fdir. \u00d6z \u00e7\u0131x\u0131\u015f\u0131nda o, \u201cBaku Sportinq\u201d futbol klubuna v\u0259 r\u0259hb\u0259rl\u0259rin\u0259 bu c\u00fcr geni\u015f miqyasl\u0131 t\u0259dbirin t\u0259\u015fkilat\u0131na g\u00f6r\u0259 d\u0259rin minn\u0259tdarl\u0131\u011f\u0131n\u0131 v\u0259 \u0259m\u0259kda\u015fl\u0131qlar\u0131n\u0131n daim u\u011furla davam ed\u0259c\u0259yini bildirdi.<\/p>\n<p>U-10 Liqas\u0131nda m\u00fcbariz\u0259 aparan 6 komandan\u0131n i\u015ftirak etdiyi turnir 3 g\u00fcn davam etmi\u015fdir. A\u00e7\u0131l\u0131\u015f m\u0259rasiminin r\u0259smi v\u0259 b\u0259dii hiss\u0259l\u0259ri ba\u015fa \u00e7atd\u0131qdan sonra p\u00fc\u015fkatma m\u0259rasimi ke\u00e7irilib. Buna \u0259sas\u0259n, komandalar 2 qrupa b\u00f6l\u00fcn\u0259r\u0259k, A qrupunda-\u201cBaku Sportinq\u201d, \u201cZir\u0259\u201d, \u201cQ\u0259b\u0259l\u0259\u201d B qrupunda is\u0259 \u201cSabah\u201d, \u201cTekin\u201d,\u201dSumqay\u0131t\u201d komandalar\u0131 i\u015ftirak etmi\u015fdir. Turnirin final g\u00f6r\u00fc\u015f\u00fc v\u0259 ba\u011flan\u0131\u015f m\u0259rasimi is\u0259 iyun ay\u0131n\u0131n 6-da ke\u00e7irilib. Turnird\u0259 yer tutan qalib komanda kubok v\u0259 medallarla m\u00fckafatland\u0131r\u0131l\u0131b. Ba\u011flan\u0131\u015f m\u0259rasimind\u0259\u00a0<strong>\u201cBank VTB Az\u0259rbaycan\u201dASC<\/strong>-nin \u0130dar\u0259 Hey\u0259tinin \u00fczv\u00fc Evgeniy Borodin \u00e7\u0131x\u0131\u015f ed\u0259r\u0259k, bu ifad\u0259l\u0259ri bildirmi\u015fdir: \u201cBel\u0259 bir m\u00f6ht\u0259\u015f\u0259m t\u0259dbird\u0259 \u2013 Bank VTB Az\u0259rbaycan kubokunun futbol turnirind\u0259 i\u015ftirak etdiyimiz\u0259 g\u00f6r\u0259 \u00e7ox \u015fad\u0131q. Turnirin ba\u015f sponsoru olan Bank VTB ail\u0259si olaraq, \u0259sas m\u0259qs\u0259dimiz u\u015faqlar aras\u0131nda futbola olan mara\u011f\u0131 art\u0131rmaq v\u0259 onlara h\u0259r zaman d\u0259st\u0259k oldu\u011fumuzu g\u00f6st\u0259rm\u0259kdir. \u00c7\u00fcnki,onlar bizim g\u0259l\u0259c\u0259yimizdir!&#8221; Qalib \u201cSumqay\u0131t\u201d komandas\u0131n\u0131 v\u0259 dig\u0259r g\u0259nc futbol\u00e7ular\u0131m\u0131z\u0131 t\u0259brik edir, onlara bol n\u0259aliyy\u0259tl\u0259r arzu edirik!<\/p>\n\n\t\t<\/div>\n\t<\/div>\n<\/div><\/div><\/div><div class=\"wpb_column vc_column_container vc_col-sm-7\"><div class=\"vc_column-inner vc_custom_1557734622756\"><div class=\"wpb_wrapper\"><div class=\"rs-video-2 Style2 video-item-13\"><img decoding=\"async\" src=\"https:\/\/bakusporting.com\/wp-content\/uploads\/2021\/12\/\u0411\u0435\u0437-\u043d\u0430\u0437\u0432\u0430\u043d\u0438\u044f-1.jpg\" alt=\"\"><a style=\"background-color:#ea4c23!important\" class=\"popup-videos\" id=\"video-item-13\" data-bg=\"#ea4c23\" href=\"\" title=\"\">\r\n\t\t\t\t\t\t<i data-icolor=\"#fff\" class=\"fa fa-play\"><\/i>\r\n\t\t\t\t\t<\/a>\r\n\t\t\t\t\t\r\n\t\t\t<\/div><div class=\"rs-video-2 Style2 video-item-3\"><img decoding=\"async\" src=\"https:\/\/bakusporting.com\/wp-content\/uploads\/2021\/11\/hqdefault.webp\" alt=\"\"><a style=\"background-color:#ea4c23!important\" class=\"popup-videos\" id=\"video-item-3\" data-bg=\"#ea4c23\" href=\"https:\/\/www.youtube.com\/watch?v=Fz4R2YGKcxA\" title=\"\">\r\n\t\t\t\t\t\t<i data-icolor=\"#fff\" class=\"fa fa-play\"><\/i>\r\n\t\t\t\t\t<\/a>\r\n\t\t\t\t\t\r\n\t\t\t<\/div><\/div><\/div><\/div><div class=\"wpb_column vc_column_container vc_col-sm-12\"><div class=\"vc_column-inner\"><div class=\"wpb_wrapper\"><div class=\"wpb_images_carousel wpb_content_element vc_clearfix\"><div class=\"wpb_wrapper\"><div id=\"vc_images-carousel-1-1776218670\" data-ride=\"vc_carousel\" data-wrap=\"false\" style=\"width: 600px;\" data-interval=\"5000\" data-auto-height=\"yes\" data-mode=\"horizontal\" data-partial=\"false\" data-per-view=\"1\" data-hide-on-end=\"false\" class=\"vc_slide vc_images_carousel\"><ol class=\"vc_carousel-indicators\"><li data-target=\"#vc_images-carousel-1-1776218670\" data-slide-to=\"0\"><\/li><li data-target=\"#vc_images-carousel-1-1776218670\" data-slide-to=\"1\"><\/li><li data-target=\"#vc_images-carousel-1-1776218670\" data-slide-to=\"2\"><\/li><li data-target=\"#vc_images-carousel-1-1776218670\" data-slide-to=\"3\"><\/li><li data-target=\"#vc_images-carousel-1-1776218670\" data-slide-to=\"4\"><\/li><li data-target=\"#vc_images-carousel-1-1776218670\" data-slide-to=\"5\"><\/li><\/ol><div class=\"vc_carousel-inner\"><div class=\"vc_carousel-slideline\"><div class=\"vc_carousel-slideline-inner\"><div class=\"vc_item\"><div class=\"vc_inner\"><a class=\"prettyphoto\" href=\"https:\/\/bakusporting.com\/wp-content\/uploads\/2021\/11\/bakusportinq13.jpg\" data-rel=\"prettyPhoto[rel-4501-279512131]\"><img loading=\"lazy\" decoding=\"async\" class=\"\" src=\"https:\/\/bakusporting.com\/wp-content\/uploads\/2021\/11\/bakusportinq13-600x300.jpg\" width=\"600\" height=\"300\" alt=\"bakusportinq13\" title=\"bakusportinq13\" \/><\/a><\/div><\/div><div class=\"vc_item\"><div class=\"vc_inner\"><a class=\"prettyphoto\" href=\"https:\/\/bakusporting.com\/wp-content\/uploads\/2021\/11\/MG_6714-1536x1028-1-1024x685.jpg\" data-rel=\"prettyPhoto[rel-4501-279512131]\"><img loading=\"lazy\" decoding=\"async\" class=\"\" src=\"https:\/\/bakusporting.com\/wp-content\/uploads\/2021\/11\/MG_6714-1536x1028-1-600x300.jpg\" width=\"600\" height=\"300\" alt=\"MG_6714-1536x1028\" title=\"MG_6714-1536x1028\" \/><\/a><\/div><\/div><div class=\"vc_item\"><div class=\"vc_inner\"><a class=\"prettyphoto\" href=\"https:\/\/bakusporting.com\/wp-content\/uploads\/2021\/11\/bakusportinq15.jpg\" data-rel=\"prettyPhoto[rel-4501-279512131]\"><img loading=\"lazy\" decoding=\"async\" class=\"\" src=\"https:\/\/bakusporting.com\/wp-content\/uploads\/2021\/11\/bakusportinq15-399x300.jpg\" width=\"399\" height=\"300\" alt=\"bakusportinq15\" title=\"bakusportinq15\" \/><\/a><\/div><\/div><div class=\"vc_item\"><div class=\"vc_inner\"><a class=\"prettyphoto\" href=\"https:\/\/bakusporting.com\/wp-content\/uploads\/2021\/11\/bakusportinq14.jpg\" data-rel=\"prettyPhoto[rel-4501-279512131]\"><img loading=\"lazy\" decoding=\"async\" class=\"\" src=\"https:\/\/bakusporting.com\/wp-content\/uploads\/2021\/11\/bakusportinq14-600x300.jpg\" width=\"600\" height=\"300\" alt=\"bakusportinq14\" title=\"bakusportinq14\" \/><\/a><\/div><\/div><div class=\"vc_item\"><div class=\"vc_inner\"><a class=\"prettyphoto\" href=\"https:\/\/bakusporting.com\/wp-content\/uploads\/2021\/11\/MG_6714-1536x1028-2-1024x685.jpg\" data-rel=\"prettyPhoto[rel-4501-279512131]\"><img loading=\"lazy\" decoding=\"async\" class=\"\" src=\"https:\/\/bakusporting.com\/wp-content\/uploads\/2021\/11\/MG_6714-1536x1028-2-600x300.jpg\" width=\"600\" height=\"300\" alt=\"MG_6714-1536x1028\" title=\"MG_6714-1536x1028\" \/><\/a><\/div><\/div><div class=\"vc_item\"><div class=\"vc_inner\"><a class=\"prettyphoto\" href=\"https:\/\/bakusporting.com\/wp-content\/uploads\/2021\/11\/photo5332370548921054103-1024x562.jpg\" data-rel=\"prettyPhoto[rel-4501-279512131]\"><img loading=\"lazy\" decoding=\"async\" class=\"\" src=\"https:\/\/bakusporting.com\/wp-content\/uploads\/2021\/11\/photo5332370548921054103-600x300.jpg\" width=\"600\" height=\"300\" alt=\"photo5332370548921054103\" title=\"photo5332370548921054103\" \/><\/a><\/div><\/div><\/div><\/div><\/div><a class=\"vc_left vc_carousel-control\" href=\"#vc_images-carousel-1-1776218670\" data-slide=\"prev\"><span class=\"icon-prev\"><\/span><\/a><a class=\"vc_right vc_carousel-control\" href=\"#vc_images-carousel-1-1776218670\" data-slide=\"next\"><span class=\"icon-next\"><\/span><\/a><\/div><\/div><\/div><\/div><\/div><\/div><\/div><\/div><\/div><\/div><\/div><div class=\"vc_row-full-width vc_clearfix\"><\/div>","protected":false},"excerpt":{"rendered":"VTB Kubok Az\u0259rbaycan Turniri 4,5 v\u0259 6 iyun tarixl\u0259rind\u0259\u00a0\u201cBaku Sportinq\u201d\u00a0u\u015faq futbol klubunun t\u0259\u015f\u0259bb\u00fcs\u00fc il\u0259 h\u0259yata ke\u00e7iril\u0259n\u00a0\u201cBank VTB Az\u0259rbaycan\u201d kuboku adl\u0131 turniri\u00a0ba\u015f tutmu\u015fdur. G\u0259l\u0259c\u0259k n\u0259slin inki\u015faf\u0131n\u0131 d\u0259st\u0259kl\u0259y\u0259n bir bank olaraq,\u00a0Bank VTB Az\u0259rbaycan, bu turnir\u0259 Ba\u015f Sponsor olaraq d\u0259st\u0259k vermi\u015fdir. \u00a0Yar\u0131\u015f\u0131n a\u00e7\u0131l\u0131\u015f m\u0259rasimind\u0259\u00a0\u201cBank VTB Az\u0259rbaycan\u201d ASC-nin \u0130dar\u0259 Hey\u0259tinin \u00fczv\u00fc Yasin C\u0259lilov \u00e7\u0131x\u0131\u015f etmi\u015fdir. \u00d6z \u00e7\u0131x\u0131\u015f\u0131nda o, \u201cBaku [...]","protected":false},"author":2,"featured_media":0,"parent":0,"menu_order":0,"comment_status":"closed","ping_status":"closed","template":"","meta":{"footnotes":""},"class_list":["post-4501","page","type-page","status-publish","hentry"],"_links":{"self":[{"href":"https:\/\/bakusporting.com\/en\/wp-json\/wp\/v2\/pages\/4501","targetHints":{"allow":["GET"]}}],"collection":[{"href":"https:\/\/bakusporting.com\/en\/wp-json\/wp\/v2\/pages"}],"about":[{"href":"https:\/\/bakusporting.com\/en\/wp-json\/wp\/v2\/types\/page"}],"author":[{"embeddable":true,"href":"https:\/\/bakusporting.com\/en\/wp-json\/wp\/v2\/users\/2"}],"replies":[{"embeddable":true,"href":"https:\/\/bakusporting.com\/en\/wp-json\/wp\/v2\/comments?post=4501"}],"version-history":[{"count":28,"href":"https:\/\/bakusporting.com\/en\/wp-json\/wp\/v2\/pages\/4501\/revisions"}],"predecessor-version":[{"id":4991,"href":"https:\/\/bakusporting.com\/en\/wp-json\/wp\/v2\/pages\/4501\/revisions\/4991"}],"wp:attachment":[{"href":"https:\/\/bakusporting.com\/en\/wp-json\/wp\/v2\/media?parent=4501"}],"curies":[{"name":"wp","href":"https:\/\/api.w.org\/{rel}","templated":true}]}}