{"id":4484,"date":"2021-11-19T15:10:28","date_gmt":"2021-11-19T15:10:28","guid":{"rendered":"https:\/\/bakusporting.com\/?page_id=4484"},"modified":"2025-02-10T21:59:30","modified_gmt":"2025-02-10T21:59:30","slug":"himn","status":"publish","type":"page","link":"https:\/\/bakusporting.com\/en\/himn\/","title":{"rendered":"Himn"},"content":{"rendered":"<div data-vc-full-width=\"true\" data-vc-full-width-init=\"false\" class=\"vc_row wpb_row vc_row-fluid fixture-views vc_custom_1608628719438 vc_row-has-fill vc_row-o-equal-height vc_row-o-content-middle vc_row-flex\"><div class=\"wpb_column vc_column_container vc_col-sm-12\"><div class=\"vc_column-inner vc_custom_1557908472510\"><div class=\"wpb_wrapper\"><div class=\"vc_row wpb_row vc_inner vc_row-fluid vc_custom_1560153296232 vc_row-o-equal-height vc_row-o-content-middle vc_row-flex\"><div class=\"wpb_column vc_column_container vc_col-sm-3 vc_col-has-fill\"><div class=\"vc_column-inner vc_custom_1557908404124\"><div class=\"wpb_wrapper\">\n\t<div  class=\"wpb_single_image wpb_content_element vc_align_center  wpb_animate_when_almost_visible wpb_bounceIn bounceIn\">\n\t\t\n\t\t<figure class=\"wpb_wrapper vc_figure\">\n\t\t\t<div class=\"vc_single_image-wrapper vc_box_rounded  vc_box_border_grey\"><img loading=\"lazy\" decoding=\"async\" width=\"900\" height=\"900\" src=\"https:\/\/bakusporting.com\/wp-content\/uploads\/2021\/11\/channels4_profile.jpg\" class=\"vc_single_image-img attachment-full\" alt=\"\" srcset=\"https:\/\/bakusporting.com\/wp-content\/uploads\/2021\/11\/channels4_profile.jpg 900w, https:\/\/bakusporting.com\/wp-content\/uploads\/2021\/11\/channels4_profile-300x300.jpg 300w, https:\/\/bakusporting.com\/wp-content\/uploads\/2021\/11\/channels4_profile-150x150.jpg 150w, https:\/\/bakusporting.com\/wp-content\/uploads\/2021\/11\/channels4_profile-768x768.jpg 768w, https:\/\/bakusporting.com\/wp-content\/uploads\/2021\/11\/channels4_profile-12x12.jpg 12w, https:\/\/bakusporting.com\/wp-content\/uploads\/2021\/11\/channels4_profile-600x600.jpg 600w, https:\/\/bakusporting.com\/wp-content\/uploads\/2021\/11\/channels4_profile-100x100.jpg 100w\" sizes=\"auto, (max-width: 900px) 100vw, 900px\" \/><\/div>\n\t\t<\/figure>\n\t<\/div>\n<\/div><\/div><\/div><div class=\"wpb_column vc_column_container vc_col-sm-9\"><div class=\"vc_column-inner vc_custom_1557734622756\"><div class=\"wpb_wrapper\">\n\t<div class=\"wpb_text_column wpb_content_element\" >\n\t\t<div class=\"wpb_wrapper\">\n\t\t\t<h2>H\u0130MN\u0130N<\/h2>\n<p>Musiqisi &#8211; \u018fm\u0259kdar Artist <b>S\u0259lim Abbasov<\/b><br \/>\nS\u00f6zl\u0259ri : Elcan R\u0259sulov<br \/>\nRep : \u0130slam Mehr\u0259liyev<br \/>\nAranjiman : Anar Abbasov<br \/>\nBek vocal : Anar Abbasov<br \/>\nKaman\u00e7a : S\u0259lim Abbasov<br \/>\nTar : Kamal Nuriyev<br \/>\nZurna : Ayd\u0131n Y\u0259hyayev<br \/>\nBalaban: Ayd\u0131n Y\u0259hyayev<br \/>\nDavul: X\u0259yal Abbasov<br \/>\nSaksafon :V\u00fcqar M\u00f6vlan<br \/>\nTruba: Suleyman \u018fkb\u0259rov<br \/>\nXor : \u201cBaku Sportinq \u201c FK Futbol\u00e7ular\u0131<\/p>\n<div class=\"tg-btnbox\">\n<p><audio controls=\"controls\"><source src=\"https:\/\/bakusporting.com\/new\/wp-content\/uploads\/2020\/audio\/himn.ogg\" type=\"audio\/ogg\" \/><source src=\"https:\/\/bakusporting.com\/wp-content\/uploads\/2020\/audio\/himn.mp3\" type=\"audio\/mpeg\" \/>\u00a0<\/audio><\/p>\n<\/div>\n\n\t\t<\/div>\n\t<\/div>\n<\/div><\/div><\/div><\/div><\/div><\/div><\/div><\/div><div class=\"vc_row-full-width vc_clearfix\"><\/div><div class=\"vc_row wpb_row vc_row-fluid vc_custom_1608622502196\"><div class=\"wpb_column vc_column_container vc_col-sm-4\"><div class=\"vc_column-inner\"><div class=\"wpb_wrapper\">\r\n        <div class=\"rs-heading   vc_custom_1613504486738\">\r\n        \t<div class=\"title-inner\">\r\n        \t\t       \t\t\r\n\t            <span class=\"sub-text\">H\u0130MN\u0130N S\u00d6ZL\u018fR\u0130<\/span>\r\n\t            \r\n\t            <div class=\"title-img bottom-img\"><\/div>\r\n\t        <\/div><div class=\"description\" ><strong>B\u0259nd 1<\/strong><br \/>\nParlaq g\u0259l\u0259c\u0259y\u0259 \u0130LHAMla gedirik,<br \/>\nG\u00fcc\u00fcm\u00fcz birlikd\u0259,\u0259zmkar g\u0259ncl\u0259rik,<br \/>\nS\u0259n q\u0259l\u0259b\u0259 qazan, bizl\u0259ri sevindir,<br \/>\nBiz s\u0259nin yan\u0131nda, z\u0259f\u0259rl\u0259r s\u0259nindir.<br \/>\n<strong>N\u0259qar\u0259t<\/strong><br \/>\n\u00dcr\u0259kd\u0259 q\u0259l\u0259b\u0259 sevgisi doludur,<br \/>\nU\u011furlu yolumuz, q\u0259l\u0259b\u0259 yoludur,<br \/>\nAzarke\u015fl\u0259r m\u0259\u011frur, s\u0259nl\u0259 q\u00fcrur duyur,<br \/>\nQap\u0131ya qol vurur, Baku Sportinq.<\/div><\/div><\/div><\/div><\/div><div class=\"wpb_column vc_column_container vc_col-sm-4\"><div class=\"vc_column-inner\"><div class=\"wpb_wrapper\">\r\n        <div class=\"rs-heading   vc_custom_1638980195808\">\r\n        \t<div class=\"title-inner\">\r\n        \t\t       \t\t\r\n\t            <span class=\"sub-text\">H\u0130MN\u0130N S\u00d6ZL\u018fR\u0130<\/span>\r\n\t            \r\n\t            <div class=\"title-img bottom-img\"><\/div>\r\n\t        <\/div><div class=\"description\" ><strong>B\u0259nd 2<\/strong><br \/>\n\u00dc\u00e7 r\u0259ngli bayra\u011f\u0131n daim zirv\u0259l\u0259rd\u0259,<br \/>\nDal\u011falans\u0131n yen\u0259 Baku Sportinq,<br \/>\nH\u0259m ev oyunlar\u0131, h\u0259m d\u0259 s\u0259f\u0259rl\u0259rd\u0259,<br \/>\n\u0130nan\u0131r\u0131q s\u0259n\u0259 Baku Sportinq.<br \/>\n<strong>N\u0259qar\u0259t<\/strong><br \/>\n\u00dcr\u0259kd\u0259 q\u0259l\u0259b\u0259 sevgisi doludur,<br \/>\nU\u011furlu yolumuz, q\u0259l\u0259b\u0259 yoludur,<br \/>\nAzarke\u015fl\u0259r m\u0259\u011frur, s\u0259nl\u0259 q\u00fcrur duyur,<br \/>\nQap\u0131ya qol vurur, Baku Sportinq.\n<p><\/p><\/div><\/div><\/div><\/div><\/div><div class=\"wpb_column vc_column_container vc_col-sm-4\"><div class=\"vc_column-inner\"><div class=\"wpb_wrapper\"><\/div><\/div><\/div><\/div><div class=\"vc_row wpb_row vc_row-fluid\"><div class=\"wpb_column vc_column_container vc_col-sm-12\"><div class=\"vc_column-inner\"><div class=\"wpb_wrapper\"><\/div><\/div><\/div><\/div>","protected":false},"excerpt":{"rendered":"H\u0130MN\u0130N Musiqisi - \u018fm\u0259kdar Artist S\u0259lim Abbasov S\u00f6zl\u0259ri : Elcan R\u0259sulov Rep : \u0130slam Mehr\u0259liyev Aranjiman : Anar Abbasov Bek vocal : Anar Abbasov Kaman\u00e7a : S\u0259lim Abbasov Tar : Kamal Nuriyev Zurna : Ayd\u0131n Y\u0259hyayev Balaban: Ayd\u0131n Y\u0259hyayev Davul: X\u0259yal Abbasov Saksafon :V\u00fcqar M\u00f6vlan Truba: Suleyman \u018fkb\u0259rov Xor : \u201cBaku Sportinq \u201c FK Futbol\u00e7ular\u0131 [...]","protected":false},"author":2,"featured_media":0,"parent":0,"menu_order":0,"comment_status":"closed","ping_status":"closed","template":"","meta":{"footnotes":""},"class_list":["post-4484","page","type-page","status-publish","hentry"],"_links":{"self":[{"href":"https:\/\/bakusporting.com\/en\/wp-json\/wp\/v2\/pages\/4484","targetHints":{"allow":["GET"]}}],"collection":[{"href":"https:\/\/bakusporting.com\/en\/wp-json\/wp\/v2\/pages"}],"about":[{"href":"https:\/\/bakusporting.com\/en\/wp-json\/wp\/v2\/types\/page"}],"author":[{"embeddable":true,"href":"https:\/\/bakusporting.com\/en\/wp-json\/wp\/v2\/users\/2"}],"replies":[{"embeddable":true,"href":"https:\/\/bakusporting.com\/en\/wp-json\/wp\/v2\/comments?post=4484"}],"version-history":[{"count":10,"href":"https:\/\/bakusporting.com\/en\/wp-json\/wp\/v2\/pages\/4484\/revisions"}],"predecessor-version":[{"id":4669,"href":"https:\/\/bakusporting.com\/en\/wp-json\/wp\/v2\/pages\/4484\/revisions\/4669"}],"wp:attachment":[{"href":"https:\/\/bakusporting.com\/en\/wp-json\/wp\/v2\/media?parent=4484"}],"curies":[{"name":"wp","href":"https:\/\/api.w.org\/{rel}","templated":true}]}}