{"id":2170,"date":"2021-01-11T17:44:58","date_gmt":"2021-01-11T17:44:58","guid":{"rendered":"http:\/\/bakusporting.com\/new\/?page_id=2170"},"modified":"2025-02-13T12:09:51","modified_gmt":"2025-02-13T12:09:51","slug":"coach","status":"publish","type":"page","link":"https:\/\/bakusporting.com\/en\/coach\/","title":{"rendered":"M\u018f\u015eQ\u00c7\u0130L\u018fR"},"content":{"rendered":"<div class=\"vc_row wpb_row vc_row-fluid\"><div class=\"wpb_column vc_column_container vc_col-sm-12\"><div class=\"vc_column-inner\"><div class=\"wpb_wrapper\">\r\n        <div class=\"rs-heading\">\r\n        \t<div class=\"title-inner\">\r\n        \t\t       \t\t\r\n\t            \r\n\t            <h2 class=\"title\">M\u018f\u015eQ\u00c7\u0130L\u018fR<\/h2> <span class=\"lines-bg\"><\/span>\r\n\t            <div class=\"title-img bottom-img\"><\/div>\r\n\t        <\/div><\/div><\/div><\/div><\/div><\/div><div class=\"vc_row wpb_row vc_row-fluid\"><div class=\"wpb_column vc_column_container vc_col-sm-4\"><div class=\"vc_column-inner\"><div class=\"wpb_wrapper\">\n\t<div  class=\"wpb_single_image wpb_content_element vc_align_center\">\n\t\t\n\t\t<figure class=\"wpb_wrapper vc_figure\">\n\t\t\t<div class=\"vc_single_image-wrapper   vc_box_border_grey\"><img loading=\"lazy\" decoding=\"async\" width=\"1170\" height=\"1560\" src=\"https:\/\/bakusporting.com\/wp-content\/uploads\/2025\/02\/1.jpg\" class=\"vc_single_image-img attachment-full\" alt=\"\" srcset=\"https:\/\/bakusporting.com\/wp-content\/uploads\/2025\/02\/1.jpg 1170w, https:\/\/bakusporting.com\/wp-content\/uploads\/2025\/02\/1-225x300.jpg 225w, https:\/\/bakusporting.com\/wp-content\/uploads\/2025\/02\/1-768x1024.jpg 768w, https:\/\/bakusporting.com\/wp-content\/uploads\/2025\/02\/1-1152x1536.jpg 1152w, https:\/\/bakusporting.com\/wp-content\/uploads\/2025\/02\/1-9x12.jpg 9w\" sizes=\"auto, (max-width: 1170px) 100vw, 1170px\" \/><\/div>\n\t\t<\/figure>\n\t<\/div>\n\r\n        <div class=\"rs-heading\">\r\n        \t<div class=\"title-inner\">\r\n        \t\t       \t\t\r\n\t            <span class=\"sub-text\">Ba\u015f M\u0259\u015fq\u00e7i<\/span>\r\n\t            <h2 class=\"title\">Elman Sultanov<\/h2> <span class=\"lines-bg\"><\/span>\r\n\t            <div class=\"title-img bottom-img\"><\/div>\r\n\t        <\/div><\/div><\/div><\/div><\/div><div class=\"wpb_column vc_column_container vc_col-sm-4\"><div class=\"vc_column-inner\"><div class=\"wpb_wrapper\">\n\t<div  class=\"wpb_single_image wpb_content_element vc_align_center\">\n\t\t\n\t\t<figure class=\"wpb_wrapper vc_figure\">\n\t\t\t<div class=\"vc_single_image-wrapper   vc_box_border_grey\"><img loading=\"lazy\" decoding=\"async\" width=\"1170\" height=\"1560\" src=\"https:\/\/bakusporting.com\/wp-content\/uploads\/2025\/02\/7-1.jpg\" class=\"vc_single_image-img attachment-full\" alt=\"\" srcset=\"https:\/\/bakusporting.com\/wp-content\/uploads\/2025\/02\/7-1.jpg 1170w, https:\/\/bakusporting.com\/wp-content\/uploads\/2025\/02\/7-1-225x300.jpg 225w, https:\/\/bakusporting.com\/wp-content\/uploads\/2025\/02\/7-1-768x1024.jpg 768w, https:\/\/bakusporting.com\/wp-content\/uploads\/2025\/02\/7-1-1152x1536.jpg 1152w, https:\/\/bakusporting.com\/wp-content\/uploads\/2025\/02\/7-1-9x12.jpg 9w\" sizes=\"auto, (max-width: 1170px) 100vw, 1170px\" \/><\/div>\n\t\t<\/figure>\n\t<\/div>\n\r\n        <div class=\"rs-heading\">\r\n        \t<div class=\"title-inner\">\r\n        \t\t       \t\t\r\n\t            <span class=\"sub-text\">M\u0259\u015fq\u00e7i qap\u0131\u00e7\u0131lar \u00fczr\u0259<\/span>\r\n\t            <h2 class=\"title\">To\u011frul \u018fhm\u0259dov<\/h2> <span class=\"lines-bg\"><\/span>\r\n\t            <div class=\"title-img bottom-img\"><\/div>\r\n\t        <\/div><\/div><\/div><\/div><\/div><div class=\"wpb_column vc_column_container vc_col-sm-4\"><div class=\"vc_column-inner\"><div class=\"wpb_wrapper\">\n\t<div  class=\"wpb_single_image wpb_content_element vc_align_center\">\n\t\t\n\t\t<figure class=\"wpb_wrapper vc_figure\">\n\t\t\t<div class=\"vc_single_image-wrapper   vc_box_border_grey\"><img loading=\"lazy\" decoding=\"async\" width=\"1170\" height=\"1560\" src=\"https:\/\/bakusporting.com\/wp-content\/uploads\/2025\/02\/2-1.jpg\" class=\"vc_single_image-img attachment-full\" alt=\"\" srcset=\"https:\/\/bakusporting.com\/wp-content\/uploads\/2025\/02\/2-1.jpg 1170w, https:\/\/bakusporting.com\/wp-content\/uploads\/2025\/02\/2-1-225x300.jpg 225w, https:\/\/bakusporting.com\/wp-content\/uploads\/2025\/02\/2-1-768x1024.jpg 768w, https:\/\/bakusporting.com\/wp-content\/uploads\/2025\/02\/2-1-1152x1536.jpg 1152w, https:\/\/bakusporting.com\/wp-content\/uploads\/2025\/02\/2-1-9x12.jpg 9w\" sizes=\"auto, (max-width: 1170px) 100vw, 1170px\" \/><\/div>\n\t\t<\/figure>\n\t<\/div>\n\r\n        <div class=\"rs-heading\">\r\n        \t<div class=\"title-inner\">\r\n        \t\t       \t\t\r\n\t            <span class=\"sub-text\">Ba\u015f m\u0259\u015fq\u00e7inin k\u00f6m\u0259k\u00e7isi<\/span>\r\n\t            <h2 class=\"title\">Araz Qulamov<\/h2> <span class=\"lines-bg\"><\/span>\r\n\t            <div class=\"title-img bottom-img\"><\/div>\r\n\t        <\/div><\/div><\/div><\/div><\/div><\/div><div class=\"vc_row wpb_row vc_row-fluid\"><div class=\"wpb_column vc_column_container vc_col-sm-4\"><div class=\"vc_column-inner\"><div class=\"wpb_wrapper\">\n\t<div  class=\"wpb_single_image wpb_content_element vc_align_center\">\n\t\t\n\t\t<figure class=\"wpb_wrapper vc_figure\">\n\t\t\t<div class=\"vc_single_image-wrapper   vc_box_border_grey\"><img loading=\"lazy\" decoding=\"async\" width=\"1170\" height=\"1560\" src=\"https:\/\/bakusporting.com\/wp-content\/uploads\/2025\/02\/3-1.jpg\" class=\"vc_single_image-img attachment-full\" alt=\"\" srcset=\"https:\/\/bakusporting.com\/wp-content\/uploads\/2025\/02\/3-1.jpg 1170w, https:\/\/bakusporting.com\/wp-content\/uploads\/2025\/02\/3-1-225x300.jpg 225w, https:\/\/bakusporting.com\/wp-content\/uploads\/2025\/02\/3-1-768x1024.jpg 768w, https:\/\/bakusporting.com\/wp-content\/uploads\/2025\/02\/3-1-1152x1536.jpg 1152w, https:\/\/bakusporting.com\/wp-content\/uploads\/2025\/02\/3-1-9x12.jpg 9w\" sizes=\"auto, (max-width: 1170px) 100vw, 1170px\" \/><\/div>\n\t\t<\/figure>\n\t<\/div>\n\r\n        <div class=\"rs-heading\">\r\n        \t<div class=\"title-inner\">\r\n        \t\t       \t\t\r\n\t            <span class=\"sub-text\">M\u0259\u015fq\u00e7i<\/span>\r\n\t            <h2 class=\"title\">\u015eamil M\u0259mm\u0259dov<\/h2> <span class=\"lines-bg\"><\/span>\r\n\t            <div class=\"title-img bottom-img\"><\/div>\r\n\t        <\/div><\/div><\/div><\/div><\/div><div class=\"wpb_column vc_column_container vc_col-sm-4\"><div class=\"vc_column-inner\"><div class=\"wpb_wrapper\">\n\t<div  class=\"wpb_single_image wpb_content_element vc_align_center\">\n\t\t\n\t\t<figure class=\"wpb_wrapper vc_figure\">\n\t\t\t<div class=\"vc_single_image-wrapper   vc_box_border_grey\"><img loading=\"lazy\" decoding=\"async\" width=\"1170\" height=\"1560\" src=\"https:\/\/bakusporting.com\/wp-content\/uploads\/2025\/02\/4.jpg\" class=\"vc_single_image-img attachment-full\" alt=\"\" srcset=\"https:\/\/bakusporting.com\/wp-content\/uploads\/2025\/02\/4.jpg 1170w, https:\/\/bakusporting.com\/wp-content\/uploads\/2025\/02\/4-225x300.jpg 225w, https:\/\/bakusporting.com\/wp-content\/uploads\/2025\/02\/4-768x1024.jpg 768w, https:\/\/bakusporting.com\/wp-content\/uploads\/2025\/02\/4-1152x1536.jpg 1152w, https:\/\/bakusporting.com\/wp-content\/uploads\/2025\/02\/4-9x12.jpg 9w\" sizes=\"auto, (max-width: 1170px) 100vw, 1170px\" \/><\/div>\n\t\t<\/figure>\n\t<\/div>\n\r\n        <div class=\"rs-heading\">\r\n        \t<div class=\"title-inner\">\r\n        \t\t       \t\t\r\n\t            <span class=\"sub-text\">M\u0259\u015fq\u00e7i<\/span>\r\n\t            <h2 class=\"title\">Murad \u0130smay\u0131lov<\/h2> <span class=\"lines-bg\"><\/span>\r\n\t            <div class=\"title-img bottom-img\"><\/div>\r\n\t        <\/div><\/div><\/div><\/div><\/div><div class=\"wpb_column vc_column_container vc_col-sm-4\"><div class=\"vc_column-inner\"><div class=\"wpb_wrapper\">\n\t<div  class=\"wpb_single_image wpb_content_element vc_align_center\">\n\t\t\n\t\t<figure class=\"wpb_wrapper vc_figure\">\n\t\t\t<div class=\"vc_single_image-wrapper   vc_box_border_grey\"><img loading=\"lazy\" decoding=\"async\" width=\"1170\" height=\"1560\" src=\"https:\/\/bakusporting.com\/wp-content\/uploads\/2025\/02\/5.jpg\" class=\"vc_single_image-img attachment-full\" alt=\"\" srcset=\"https:\/\/bakusporting.com\/wp-content\/uploads\/2025\/02\/5.jpg 1170w, https:\/\/bakusporting.com\/wp-content\/uploads\/2025\/02\/5-225x300.jpg 225w, https:\/\/bakusporting.com\/wp-content\/uploads\/2025\/02\/5-768x1024.jpg 768w, https:\/\/bakusporting.com\/wp-content\/uploads\/2025\/02\/5-1152x1536.jpg 1152w, https:\/\/bakusporting.com\/wp-content\/uploads\/2025\/02\/5-9x12.jpg 9w\" sizes=\"auto, (max-width: 1170px) 100vw, 1170px\" \/><\/div>\n\t\t<\/figure>\n\t<\/div>\n\r\n        <div class=\"rs-heading\">\r\n        \t<div class=\"title-inner\">\r\n        \t\t       \t\t\r\n\t            <span class=\"sub-text\">M\u0259\u015fq\u00e7i<\/span>\r\n\t            <h2 class=\"title\">T\u0259briz \u018fl\u0259sg\u0259rov<\/h2> <span class=\"lines-bg\"><\/span>\r\n\t            <div class=\"title-img bottom-img\"><\/div>\r\n\t        <\/div><\/div><\/div><\/div><\/div><\/div><div class=\"vc_row wpb_row vc_row-fluid\"><div class=\"wpb_column vc_column_container vc_col-sm-4\"><div class=\"vc_column-inner\"><div class=\"wpb_wrapper\">\n\t<div  class=\"wpb_single_image wpb_content_element vc_align_center\">\n\t\t\n\t\t<figure class=\"wpb_wrapper vc_figure\">\n\t\t\t<div class=\"vc_single_image-wrapper   vc_box_border_grey\"><img loading=\"lazy\" decoding=\"async\" width=\"1170\" height=\"1560\" src=\"https:\/\/bakusporting.com\/wp-content\/uploads\/2025\/02\/6.jpg\" class=\"vc_single_image-img attachment-full\" alt=\"\" srcset=\"https:\/\/bakusporting.com\/wp-content\/uploads\/2025\/02\/6.jpg 1170w, https:\/\/bakusporting.com\/wp-content\/uploads\/2025\/02\/6-225x300.jpg 225w, https:\/\/bakusporting.com\/wp-content\/uploads\/2025\/02\/6-768x1024.jpg 768w, https:\/\/bakusporting.com\/wp-content\/uploads\/2025\/02\/6-1152x1536.jpg 1152w, https:\/\/bakusporting.com\/wp-content\/uploads\/2025\/02\/6-9x12.jpg 9w\" sizes=\"auto, (max-width: 1170px) 100vw, 1170px\" \/><\/div>\n\t\t<\/figure>\n\t<\/div>\n\r\n        <div class=\"rs-heading\">\r\n        \t<div class=\"title-inner\">\r\n        \t\t       \t\t\r\n\t            <span class=\"sub-text\">M\u0259\u015fq\u00e7i<\/span>\r\n\t            <h2 class=\"title\">Aytac Nem\u0259tova<\/h2> <span class=\"lines-bg\"><\/span>\r\n\t            <div class=\"title-img bottom-img\"><\/div>\r\n\t        <\/div><\/div><\/div><\/div><\/div><div class=\"wpb_column vc_column_container vc_col-sm-4\"><div class=\"vc_column-inner\"><div class=\"wpb_wrapper\"><\/div><\/div><\/div><div class=\"wpb_column vc_column_container vc_col-sm-4\"><div class=\"vc_column-inner\"><div class=\"wpb_wrapper\"><\/div><\/div><\/div><\/div>","protected":false},"excerpt":{"rendered":"M\u018f\u015eQ\u00c7\u0130L\u018fR Ba\u015f M\u0259\u015fq\u00e7i Elman Sultanov M\u0259\u015fq\u00e7i qap\u0131\u00e7\u0131lar \u00fczr\u0259 To\u011frul \u018fhm\u0259dov Ba\u015f m\u0259\u015fq\u00e7inin k\u00f6m\u0259k\u00e7isi Araz Qulamov M\u0259\u015fq\u00e7i \u015eamil M\u0259mm\u0259dov M\u0259\u015fq\u00e7i Murad \u0130smay\u0131lov M\u0259\u015fq\u00e7i T\u0259briz \u018fl\u0259sg\u0259rov M\u0259\u015fq\u00e7i Aytac Nem\u0259tova","protected":false},"author":4,"featured_media":0,"parent":0,"menu_order":0,"comment_status":"closed","ping_status":"closed","template":"","meta":{"footnotes":""},"class_list":["post-2170","page","type-page","status-publish","hentry"],"_links":{"self":[{"href":"https:\/\/bakusporting.com\/en\/wp-json\/wp\/v2\/pages\/2170","targetHints":{"allow":["GET"]}}],"collection":[{"href":"https:\/\/bakusporting.com\/en\/wp-json\/wp\/v2\/pages"}],"about":[{"href":"https:\/\/bakusporting.com\/en\/wp-json\/wp\/v2\/types\/page"}],"author":[{"embeddable":true,"href":"https:\/\/bakusporting.com\/en\/wp-json\/wp\/v2\/users\/4"}],"replies":[{"embeddable":true,"href":"https:\/\/bakusporting.com\/en\/wp-json\/wp\/v2\/comments?post=2170"}],"version-history":[{"count":37,"href":"https:\/\/bakusporting.com\/en\/wp-json\/wp\/v2\/pages\/2170\/revisions"}],"predecessor-version":[{"id":5960,"href":"https:\/\/bakusporting.com\/en\/wp-json\/wp\/v2\/pages\/2170\/revisions\/5960"}],"wp:attachment":[{"href":"https:\/\/bakusporting.com\/en\/wp-json\/wp\/v2\/media?parent=2170"}],"curies":[{"name":"wp","href":"https:\/\/api.w.org\/{rel}","templated":true}]}}