{"id":2142,"date":"2020-12-23T21:22:00","date_gmt":"2020-12-23T21:22:00","guid":{"rendered":"http:\/\/bakusporting.com\/new\/?page_id=2142"},"modified":"2025-02-10T21:59:30","modified_gmt":"2025-02-10T21:59:30","slug":"video-2","status":"publish","type":"page","link":"https:\/\/bakusporting.com\/en\/video-2\/","title":{"rendered":"V\u0130DEO"},"content":{"rendered":"<div class=\"vc_row wpb_row vc_row-fluid\"><div class=\"wpb_column vc_column_container vc_col-sm-4\"><div class=\"vc_column-inner\"><div class=\"wpb_wrapper\"><div class=\"rs-video-2 Style2 video-item-20\"><img decoding=\"async\" src=\"https:\/\/bakusporting.com\/wp-content\/uploads\/2023\/09\/VIDEO1.jpg\" alt=\"\"><a style=\"background-color:#ea4c23!important\" class=\"popup-videos\" id=\"video-item-20\" data-bg=\"#ea4c23\" href=\"https:\/\/www.youtube.com\/watch?v=0yoO6cDzxcY\" title=\"\">\r\n\t\t\t\t\t\t<i data-icolor=\"#fff\" class=\"fa fa-play\"><\/i>\r\n\t\t\t\t\t<\/a>\r\n\t\t\t\t\t<h3 class=\"video-title\"  style=\"color: #ffffff\">Baku Sporting FC - Rustavi FK 2:0<\/h3>\r\n\t\t\t<\/div><\/div><\/div><\/div><div class=\"wpb_column vc_column_container vc_col-sm-4\"><div class=\"vc_column-inner\"><div class=\"wpb_wrapper\"><div class=\"rs-video-2 Style2 video-item-11\"><img decoding=\"async\" src=\"https:\/\/bakusporting.com\/wp-content\/uploads\/2023\/09\/video2.jpg\" alt=\"\"><a style=\"background-color:#ea4c23!important\" class=\"popup-videos\" id=\"video-item-11\" data-bg=\"#ea4c23\" href=\"https:\/\/www.youtube.com\/watch?v=f-VdyQ-iLQ8\" title=\"\">\r\n\t\t\t\t\t\t<i data-icolor=\"#fff\" class=\"fa fa-play\"><\/i>\r\n\t\t\t\t\t<\/a>\r\n\t\t\t\t\t<h3 class=\"video-title\"  style=\"color: #ffffff\">Cavid \u0130mamverdiyevd\u0259n bax\u0131ml\u0131 qol<\/h3>\r\n\t\t\t<\/div><\/div><\/div><\/div><div class=\"wpb_column vc_column_container vc_col-sm-4\"><div class=\"vc_column-inner\"><div class=\"wpb_wrapper\"><div class=\"rs-video-2 Style2 video-item-4\"><img decoding=\"async\" src=\"https:\/\/bakusporting.com\/wp-content\/uploads\/2023\/09\/video3.jpg\" alt=\"\"><a style=\"background-color:#ea4c23!important\" class=\"popup-videos\" id=\"video-item-4\" data-bg=\"#ea4c23\" href=\"https:\/\/www.youtube.com\/watch?v=16a1UV4Rr1E\" title=\"\">\r\n\t\t\t\t\t\t<i data-icolor=\"#fff\" class=\"fa fa-play\"><\/i>\r\n\t\t\t\t\t<\/a>\r\n\t\t\t\t\t<h3 class=\"video-title\"  style=\"color: #ffffff\">Ernan Krespo Az\u0259rbaycanda \u00e7al\u0131\u015facaq<\/h3>\r\n\t\t\t<\/div><\/div><\/div><\/div><\/div><div class=\"vc_row wpb_row vc_row-fluid\"><div class=\"wpb_column vc_column_container vc_col-sm-4\"><div class=\"vc_column-inner\"><div class=\"wpb_wrapper\"><div class=\"rs-video-2 Style2 video-item-25  vc_custom_1618244639214\"><img decoding=\"async\" src=\"https:\/\/bakusporting.com\/wp-content\/uploads\/2021\/03\/111.jpg\" alt=\"\"><a style=\"background-color:#ea4c23!important\" class=\"popup-videos\" id=\"video-item-25\" data-bg=\"#ea4c23\" href=\"https:\/\/www.youtube.com\/watch?v=pM_yXDD0MMU\" title=\"\">\r\n\t\t\t\t\t\t<i data-icolor=\"#fff\" class=\"fa fa-play\"><\/i>\r\n\t\t\t\t\t<\/a>\r\n\t\t\t\t\t<h3 class=\"video-title\"  style=\"color: #ffffff\">Baku Sporting FC - Rustavi FK 2:0<\/h3>\r\n\t\t\t<\/div><\/div><\/div><\/div><div class=\"wpb_column vc_column_container vc_col-sm-4\"><div class=\"vc_column-inner\"><div class=\"wpb_wrapper\"><div class=\"rs-video-2 Style2 video-item-2  vc_custom_1638457099647\"><img decoding=\"async\" src=\"https:\/\/bakusporting.com\/wp-content\/uploads\/2021\/12\/maxresdefault.jpg\" alt=\"\"><a style=\"background-color:#ea4c23!important\" class=\"popup-videos\" id=\"video-item-2\" data-bg=\"#ea4c23\" href=\"https:\/\/www.youtube.com\/watch?v=NBVdMpPorvI\" title=\"\">\r\n\t\t\t\t\t\t<i data-icolor=\"#fff\" class=\"fa fa-play\"><\/i>\r\n\t\t\t\t\t<\/a>\r\n\t\t\t\t\t<h3 class=\"video-title\"  style=\"color: #ffffff\">Baku Sporting U12 - Dortmund Baki FK oyunundan qol epizodlar\u0131.<\/h3>\r\n\t\t\t<\/div><\/div><\/div><\/div><div class=\"wpb_column vc_column_container vc_col-sm-4\"><div class=\"vc_column-inner\"><div class=\"wpb_wrapper\"><div class=\"rs-video-2 Style2 video-item-24  vc_custom_1694761539190\"><img decoding=\"async\" src=\"https:\/\/bakusporting.com\/wp-content\/uploads\/2023\/09\/video4.jpg\" alt=\"\"><a style=\"background-color:#ea4c23!important\" class=\"popup-videos\" id=\"video-item-24\" data-bg=\"#ea4c23\" href=\"https:\/\/www.youtube.com\/watch?v=pM_yXDD0MMU\" title=\"\">\r\n\t\t\t\t\t\t<i data-icolor=\"#fff\" class=\"fa fa-play\"><\/i>\r\n\t\t\t\t\t<\/a>\r\n\t\t\t\t\t<h3 class=\"video-title\"  style=\"color: #ffffff\">Baku Sporting U10 - Xan U10 oyunundan maraql\u0131 epizodlar.<\/h3>\r\n\t\t\t<\/div><\/div><\/div><\/div><\/div><div class=\"vc_row wpb_row vc_row-fluid\"><div class=\"wpb_column vc_column_container vc_col-sm-4\"><div class=\"vc_column-inner\"><div class=\"wpb_wrapper\"><div class=\"rs-video-2 Style2 video-item-28  vc_custom_1694761674677\"><img decoding=\"async\" src=\"https:\/\/bakusporting.com\/wp-content\/uploads\/2023\/09\/v4.jpg\" alt=\"\"><a style=\"background-color:#ea4c23!important\" class=\"popup-videos\" id=\"video-item-28\" data-bg=\"#ea4c23\" href=\"https:\/\/www.youtube.com\/watch?v=diQCqZTKy4Y\" title=\"\">\r\n\t\t\t\t\t\t<i data-icolor=\"#fff\" class=\"fa fa-play\"><\/i>\r\n\t\t\t\t\t<\/a>\r\n\t\t\t\t\t<h3 class=\"video-title\"  style=\"color: #ffffff\">Baku Sporting FK U11 m\u0259\u015fq prosesind\u0259n g\u00f6r\u00fcnt\u00fcl\u0259r<\/h3>\r\n\t\t\t<\/div><\/div><\/div><\/div><div class=\"wpb_column vc_column_container vc_col-sm-4\"><div class=\"vc_column-inner\"><div class=\"wpb_wrapper\"><div class=\"rs-video-2 Style2 video-item-15  vc_custom_1694761636971\"><img decoding=\"async\" src=\"https:\/\/bakusporting.com\/wp-content\/uploads\/2023\/09\/video5.jpg\" alt=\"\"><a style=\"background-color:#ea4c23!important\" class=\"popup-videos\" id=\"video-item-15\" data-bg=\"#ea4c23\" href=\"https:\/\/www.youtube.com\/watch?v=6VLQiO9YHqo\" title=\"\">\r\n\t\t\t\t\t\t<i data-icolor=\"#fff\" class=\"fa fa-play\"><\/i>\r\n\t\t\t\t\t<\/a>\r\n\t\t\t\t\t<h3 class=\"video-title\"  style=\"color: #ffffff\">Baku Sporting FK-nun q\u0131zlardan ibar\u0259t komandas\u0131n\u0131n m\u0259\u015fqi<\/h3>\r\n\t\t\t<\/div><\/div><\/div><\/div><div class=\"wpb_column vc_column_container vc_col-sm-4\"><div class=\"vc_column-inner\"><div class=\"wpb_wrapper\"><div class=\"rs-video-2 Style2 video-item-8  vc_custom_1618459121313\"><img decoding=\"async\" src=\"https:\/\/bakusporting.com\/wp-content\/uploads\/2021\/04\/bakusporting_akademiya-20210415-0001.jpg\" alt=\"\"><a style=\"background-color:#ea4c23!important\" class=\"popup-videos\" id=\"video-item-8\" data-bg=\"#ea4c23\" href=\"https:\/\/www.youtube.com\/watch?v=vXscmzJM1tw\" title=\"\">\r\n\t\t\t\t\t\t<i data-icolor=\"#fff\" class=\"fa fa-play\"><\/i>\r\n\t\t\t\t\t<\/a>\r\n\t\t\t\t\t<h3 class=\"video-title\"  style=\"color: #ffffff\">Baku Sporting FK-nun U9 komandas\u0131n\u0131n m\u0259\u015fq\u00e7isi Manaf K\u0259l\u0259nt\u0259rli il\u0259 m\u00fcsahib\u0259<\/h3>\r\n\t\t\t<\/div><\/div><\/div><\/div><\/div><div class=\"vc_row wpb_row vc_row-fluid\"><div class=\"wpb_column vc_column_container vc_col-sm-4\"><div class=\"vc_column-inner\"><div class=\"wpb_wrapper\"><div class=\"rs-video-2 Style2 video-item-13  vc_custom_1618459407833\"><img decoding=\"async\" src=\"https:\/\/bakusporting.com\/wp-content\/uploads\/2021\/04\/bakusporting_akademiya-20210415-0002.jpg\" alt=\"\"><a style=\"background-color:#ea4c23!important\" class=\"popup-videos\" id=\"video-item-13\" data-bg=\"#ea4c23\" href=\"https:\/\/www.youtube.com\/watch?v=GNFVsSXTU2Q\" title=\"\">\r\n\t\t\t\t\t\t<i data-icolor=\"#fff\" class=\"fa fa-play\"><\/i>\r\n\t\t\t\t\t<\/a>\r\n\t\t\t\t\t<h3 class=\"video-title\"  style=\"color: #ffffff\">Baku Sporting FK-nun futbol\u00e7usu Mahmudov S\u0259rxan il\u0259 m\u00fcsahib\u0259<\/h3>\r\n\t\t\t<\/div><\/div><\/div><\/div><div class=\"wpb_column vc_column_container vc_col-sm-4\"><div class=\"vc_column-inner\"><div class=\"wpb_wrapper\"><div class=\"rs-video-2 Style2 video-item-4  vc_custom_1618459492028\"><img decoding=\"async\" src=\"https:\/\/bakusporting.com\/wp-content\/uploads\/2021\/04\/bakusporting_akademiya-20210415-0003.jpg\" alt=\"\"><a style=\"background-color:#ea4c23!important\" class=\"popup-videos\" id=\"video-item-4\" data-bg=\"#ea4c23\" href=\"https:\/\/www.youtube.com\/watch?v=lQzbveW99k4\" title=\"\">\r\n\t\t\t\t\t\t<i data-icolor=\"#fff\" class=\"fa fa-play\"><\/i>\r\n\t\t\t\t\t<\/a>\r\n\t\t\t\t\t<h3 class=\"video-title\"  style=\"color: #ffffff\">Baku Sporting FK-nun futbol\u00e7usu \u018fl\u0259kb\u0259rli Lo\u011fman il\u0259 m\u00fcsahib\u0259<\/h3>\r\n\t\t\t<\/div><\/div><\/div><\/div><div class=\"wpb_column vc_column_container vc_col-sm-4\"><div class=\"vc_column-inner\"><div class=\"wpb_wrapper\"><div class=\"rs-video-2 Style2 video-item-21  vc_custom_1618459683305\"><img decoding=\"async\" src=\"https:\/\/bakusporting.com\/wp-content\/uploads\/2021\/04\/bakusporting_akademiya-20210415-0004-1.jpg\" alt=\"\"><a style=\"background-color:#ea4c23!important\" class=\"popup-videos\" id=\"video-item-21\" data-bg=\"#ea4c23\" href=\"https:\/\/www.youtube.com\/watch?v=sOqOYO1bJqc\" title=\"\">\r\n\t\t\t\t\t\t<i data-icolor=\"#fff\" class=\"fa fa-play\"><\/i>\r\n\t\t\t\t\t<\/a>\r\n\t\t\t\t\t<h3 class=\"video-title\"  style=\"color: #ffffff\">Baku Sporting FK-nun futbol\u00e7usu A\u011fayev Emin il\u0259 m\u00fcsahib\u0259<\/h3>\r\n\t\t\t<\/div><\/div><\/div><\/div><\/div><div class=\"vc_row wpb_row vc_row-fluid\"><div class=\"wpb_column vc_column_container vc_col-sm-4\"><div class=\"vc_column-inner\"><div class=\"wpb_wrapper\"><div class=\"rs-video-2 Style2 video-item-20  vc_custom_1618459817637\"><img decoding=\"async\" src=\"https:\/\/bakusporting.com\/wp-content\/uploads\/2021\/04\/bakusporting_akademiya-20210415-0005.jpg\" alt=\"\"><a style=\"background-color:#ea4c23!important\" class=\"popup-videos\" id=\"video-item-20\" data-bg=\"#ea4c23\" href=\"https:\/\/www.youtube.com\/watch?v=DbBPmYQ5qiI\" title=\"\">\r\n\t\t\t\t\t\t<i data-icolor=\"#fff\" class=\"fa fa-play\"><\/i>\r\n\t\t\t\t\t<\/a>\r\n\t\t\t\t\t<h3 class=\"video-title\"  style=\"color: #ffffff\">Baku Sporting FK-nun futbol\u00e7usu Babaki\u015fiyev S\u0259id il\u0259 m\u00fcsahib\u0259<\/h3>\r\n\t\t\t<\/div><\/div><\/div><\/div><div class=\"wpb_column vc_column_container vc_col-sm-4\"><div class=\"vc_column-inner\"><div class=\"wpb_wrapper\"><div class=\"rs-video-2 Style2 video-item-16  vc_custom_1618459911397\"><img decoding=\"async\" src=\"https:\/\/bakusporting.com\/wp-content\/uploads\/2021\/04\/bakusporting_akademiya-20210415-0007.jpg\" alt=\"\"><a style=\"background-color:#ea4c23!important\" class=\"popup-videos\" id=\"video-item-16\" data-bg=\"#ea4c23\" href=\"https:\/\/www.youtube.com\/watch?v=yuWGnO6jGbQ\" title=\"\">\r\n\t\t\t\t\t\t<i data-icolor=\"#fff\" class=\"fa fa-play\"><\/i>\r\n\t\t\t\t\t<\/a>\r\n\t\t\t\t\t<h3 class=\"video-title\"  style=\"color: #ffffff\">Baku Sporting FK-nun futbol\u00e7usu Nadirzad\u0259 Raul il\u0259 m\u00fcsahib\u0259<\/h3>\r\n\t\t\t<\/div><\/div><\/div><\/div><div class=\"wpb_column vc_column_container vc_col-sm-4\"><div class=\"vc_column-inner\"><div class=\"wpb_wrapper\"><div class=\"rs-video-2 Style2 video-item-1  vc_custom_1618460050589\"><img decoding=\"async\" src=\"https:\/\/bakusporting.com\/wp-content\/uploads\/2021\/04\/bakusporting_akademiya-20210415-0006-1.jpg\" alt=\"\"><a style=\"background-color:#ea4c23!important\" class=\"popup-videos\" id=\"video-item-1\" data-bg=\"#ea4c23\" href=\"https:\/\/www.youtube.com\/watch?v=DkEa6gd1un8\" title=\"\">\r\n\t\t\t\t\t\t<i data-icolor=\"#fff\" class=\"fa fa-play\"><\/i>\r\n\t\t\t\t\t<\/a>\r\n\t\t\t\t\t<h3 class=\"video-title\"  style=\"color: #ffffff\">Baku Sporting FK-nun futbol\u00e7usu F\u0259rid il\u0259 m\u00fcsahib\u0259<\/h3>\r\n\t\t\t<\/div><\/div><\/div><\/div><\/div><div class=\"vc_row wpb_row vc_row-fluid\"><div class=\"wpb_column vc_column_container vc_col-sm-4\"><div class=\"vc_column-inner\"><div class=\"wpb_wrapper\"><div class=\"rs-video-2 Style2 video-item-18  vc_custom_1694761780967\"><img decoding=\"async\" src=\"https:\/\/bakusporting.com\/wp-content\/uploads\/2023\/09\/v5-1.jpg\" alt=\"\"><a style=\"background-color:#ea4c23!important\" class=\"popup-videos\" id=\"video-item-18\" data-bg=\"#ea4c23\" href=\"https:\/\/www.youtube.com\/watch?v=ViXBJLY\" title=\"\">\r\n\t\t\t\t\t\t<i data-icolor=\"#fff\" class=\"fa fa-play\"><\/i>\r\n\t\t\t\t\t<\/a>\r\n\t\t\t\t\t<h3 class=\"video-title\"  style=\"color: #ffffff\">14 aprel q\u0131zlar\u0131n m\u0259\u015fq prosesind\u0259n g\u00f6r\u00fcnt\u00fcl\u0259r<\/h3>\r\n\t\t\t<\/div><\/div><\/div><\/div><div class=\"wpb_column vc_column_container vc_col-sm-4\"><div class=\"vc_column-inner\"><div class=\"wpb_wrapper\"><div class=\"rs-video-2 Style2 video-item-30  vc_custom_1618532215194\"><img decoding=\"async\" src=\"https:\/\/bakusporting.com\/wp-content\/uploads\/2021\/04\/MG_3139-scaled.jpg\" alt=\"\"><a style=\"background-color:#ea4c23!important\" class=\"popup-videos\" id=\"video-item-30\" data-bg=\"#ea4c23\" href=\"https:\/\/www.youtube.com\/watch?v=WRfYR2g8VV8\" title=\"\">\r\n\t\t\t\t\t\t<i data-icolor=\"#fff\" class=\"fa fa-play\"><\/i>\r\n\t\t\t\t\t<\/a>\r\n\t\t\t\t\t<h3 class=\"video-title\"  style=\"color: #ffffff\">Baku Sporting U11 FK - Stars United U11 FK<\/h3>\r\n\t\t\t<\/div><\/div><\/div><\/div><div class=\"wpb_column vc_column_container vc_col-sm-4\"><div class=\"vc_column-inner\"><div class=\"wpb_wrapper\"><div class=\"rs-video-2 Style2 video-item-13  vc_custom_1618532310194\"><img decoding=\"async\" src=\"https:\/\/bakusporting.com\/wp-content\/uploads\/2021\/04\/MG_3140-scaled.jpg\" alt=\"\"><a style=\"background-color:#ea4c23!important\" class=\"popup-videos\" id=\"video-item-13\" data-bg=\"#ea4c23\" href=\"https:\/\/www.youtube.com\/watch?v=rKdP6WY_VOU\" title=\"\">\r\n\t\t\t\t\t\t<i data-icolor=\"#fff\" class=\"fa fa-play\"><\/i>\r\n\t\t\t\t\t<\/a>\r\n\t\t\t\t\t<h3 class=\"video-title\"  style=\"color: #ffffff\">Baku Sporting U11 FK - Stars United U11 FK (videonun 2ci hiss\u0259si)<\/h3>\r\n\t\t\t<\/div><\/div><\/div><\/div><\/div><div class=\"vc_row wpb_row vc_row-fluid\"><div class=\"wpb_column vc_column_container vc_col-sm-4\"><div class=\"vc_column-inner\"><div class=\"wpb_wrapper\"><div class=\"rs-video-2 Style2 video-item-21  vc_custom_1618532434824\"><img decoding=\"async\" src=\"https:\/\/bakusporting.com\/wp-content\/uploads\/2021\/04\/MG_3109-scaled.jpg\" alt=\"\"><a style=\"background-color:#ea4c23!important\" class=\"popup-videos\" id=\"video-item-21\" data-bg=\"#ea4c23\" href=\"https:\/\/www.youtube.com\/watch?v=OEWFgq_ViBo\" title=\"\">\r\n\t\t\t\t\t\t<i data-icolor=\"#fff\" class=\"fa fa-play\"><\/i>\r\n\t\t\t\t\t<\/a>\r\n\t\t\t\t\t<h3 class=\"video-title\"  style=\"color: #ffffff\">Baku Sporting U11 FK - Sunami U11 FK<\/h3>\r\n\t\t\t<\/div><\/div><\/div><\/div><div class=\"wpb_column vc_column_container vc_col-sm-4\"><div class=\"vc_column-inner\"><div class=\"wpb_wrapper\"><div class=\"rs-video-2 Style2 video-item-9  vc_custom_1618532588371\"><img decoding=\"async\" src=\"https:\/\/bakusporting.com\/wp-content\/uploads\/2021\/04\/MG_3110-scaled.jpg\" alt=\"\"><a style=\"background-color:#ea4c23!important\" class=\"popup-videos\" id=\"video-item-9\" data-bg=\"#ea4c23\" href=\"https:\/\/www.youtube.com\/watch?v=mzcCbLRkI5s\" title=\"\">\r\n\t\t\t\t\t\t<i data-icolor=\"#fff\" class=\"fa fa-play\"><\/i>\r\n\t\t\t\t\t<\/a>\r\n\t\t\t\t\t<h3 class=\"video-title\"  style=\"color: #ffffff\">Baku Sporting U11 FK - Sunami U11 FK (videonun 2ci hiss\u0259si)<\/h3>\r\n\t\t\t<\/div><\/div><\/div><\/div><div class=\"wpb_column vc_column_container vc_col-sm-4\"><div class=\"vc_column-inner\"><div class=\"wpb_wrapper\"><div class=\"rs-video-2 Style2 video-item-6  vc_custom_1618532803532\"><img decoding=\"async\" src=\"https:\/\/bakusporting.com\/wp-content\/uploads\/2021\/04\/MG_3585-1-scaled.jpg\" alt=\"\"><a style=\"background-color:#ea4c23!important\" class=\"popup-videos\" id=\"video-item-6\" data-bg=\"#ea4c23\" href=\"https:\/\/www.youtube.com\/watch?v=_MUMtPIBpmg\" title=\"\">\r\n\t\t\t\t\t\t<i data-icolor=\"#fff\" class=\"fa fa-play\"><\/i>\r\n\t\t\t\t\t<\/a>\r\n\t\t\t\t\t<h3 class=\"video-title\"  style=\"color: #ffffff\">Baku Sporting U10 FK - Sunami U10 FK<\/h3>\r\n\t\t\t<\/div><\/div><\/div><\/div><\/div><div class=\"vc_row wpb_row vc_row-fluid\"><div class=\"wpb_column vc_column_container vc_col-sm-4\"><div class=\"vc_column-inner\"><div class=\"wpb_wrapper\"><div class=\"rs-video-2 Style2 video-item-27  vc_custom_1618532914019\"><img decoding=\"async\" src=\"https:\/\/bakusporting.com\/wp-content\/uploads\/2021\/04\/MG_3586-scaled.jpg\" alt=\"\"><a style=\"background-color:#ea4c23!important\" class=\"popup-videos\" id=\"video-item-27\" data-bg=\"#ea4c23\" href=\"https:\/\/www.youtube.com\/watch?v=ZNfqX0j2kvs\" title=\"\">\r\n\t\t\t\t\t\t<i data-icolor=\"#fff\" class=\"fa fa-play\"><\/i>\r\n\t\t\t\t\t<\/a>\r\n\t\t\t\t\t<h3 class=\"video-title\"  style=\"color: #ffffff\">Baku Sporting U10 FK - Sunami U10 FK (videonun 2ci hiss\u0259si)<\/h3>\r\n\t\t\t<\/div><\/div><\/div><\/div><div class=\"wpb_column vc_column_container vc_col-sm-4\"><div class=\"vc_column-inner\"><div class=\"wpb_wrapper\"><div class=\"rs-video-2 Style2 video-item-1  vc_custom_1619635599787\"><img decoding=\"async\" src=\"https:\/\/bakusporting.com\/wp-content\/uploads\/2021\/04\/MG_4714-scaled.jpg\" alt=\"\"><a style=\"background-color:#ea4c23!important\" class=\"popup-videos\" id=\"video-item-1\" data-bg=\"#ea4c23\" href=\"https:\/\/www.youtube.com\/watch?v=zT8u-7za5YI\" title=\"\">\r\n\t\t\t\t\t\t<i data-icolor=\"#fff\" class=\"fa fa-play\"><\/i>\r\n\t\t\t\t\t<\/a>\r\n\t\t\t\t\t<h3 class=\"video-title\"  style=\"color: #ffffff\">Baku Sporting FK-nun intensiv ke\u00e7\u0259n m\u0259\u015fqind\u0259n maraql\u0131 g\u00f6r\u00fcnt\u00fcl\u0259r<\/h3>\r\n\t\t\t<\/div><\/div><\/div><\/div><div class=\"wpb_column vc_column_container vc_col-sm-4\"><div class=\"vc_column-inner\"><div class=\"wpb_wrapper\"><\/div><\/div><\/div><\/div>","protected":false},"excerpt":{"rendered":"Baku Sporting FC - Rustavi FK 2:0 Cavid \u0130mamverdiyevd\u0259n bax\u0131ml\u0131 qol Ernan Krespo Az\u0259rbaycanda \u00e7al\u0131\u015facaq Baku Sporting FC - Rustavi FK 2:0 Baku Sporting U12 - Dortmund Baki FK oyunundan qol epizodlar\u0131. Baku Sporting U10 - Xan U10 oyunundan maraql\u0131 epizodlar. Baku Sporting FK U11 m\u0259\u015fq prosesind\u0259n g\u00f6r\u00fcnt\u00fcl\u0259r Baku Sporting FK-nun q\u0131zlardan ibar\u0259t komandas\u0131n\u0131n m\u0259\u015fqi [...]","protected":false},"author":4,"featured_media":0,"parent":0,"menu_order":0,"comment_status":"closed","ping_status":"closed","template":"","meta":{"footnotes":""},"class_list":["post-2142","page","type-page","status-publish","hentry"],"_links":{"self":[{"href":"https:\/\/bakusporting.com\/en\/wp-json\/wp\/v2\/pages\/2142","targetHints":{"allow":["GET"]}}],"collection":[{"href":"https:\/\/bakusporting.com\/en\/wp-json\/wp\/v2\/pages"}],"about":[{"href":"https:\/\/bakusporting.com\/en\/wp-json\/wp\/v2\/types\/page"}],"author":[{"embeddable":true,"href":"https:\/\/bakusporting.com\/en\/wp-json\/wp\/v2\/users\/4"}],"replies":[{"embeddable":true,"href":"https:\/\/bakusporting.com\/en\/wp-json\/wp\/v2\/comments?post=2142"}],"version-history":[{"count":31,"href":"https:\/\/bakusporting.com\/en\/wp-json\/wp\/v2\/pages\/2142\/revisions"}],"predecessor-version":[{"id":5472,"href":"https:\/\/bakusporting.com\/en\/wp-json\/wp\/v2\/pages\/2142\/revisions\/5472"}],"wp:attachment":[{"href":"https:\/\/bakusporting.com\/en\/wp-json\/wp\/v2\/media?parent=2142"}],"curies":[{"name":"wp","href":"https:\/\/api.w.org\/{rel}","templated":true}]}}