{"id":2096,"date":"2020-12-23T19:56:46","date_gmt":"2020-12-23T19:56:46","guid":{"rendered":"http:\/\/bakusporting.com\/new\/?page_id=2096"},"modified":"2025-02-10T21:59:30","modified_gmt":"2025-02-10T21:59:30","slug":"qeydiyyat","status":"publish","type":"page","link":"https:\/\/bakusporting.com\/en\/qeydiyyat\/","title":{"rendered":"AKADEM\u0130YAYA QEYD\u0130YYAT"},"content":{"rendered":"<div data-vc-full-width=\"true\" data-vc-full-width-init=\"false\" class=\"vc_row wpb_row vc_row-fluid fixture-views vc_custom_1608628719438 vc_row-has-fill vc_row-o-equal-height vc_row-o-content-middle vc_row-flex\"><div class=\"wpb_column vc_column_container vc_col-sm-12\"><div class=\"vc_column-inner vc_custom_1557908472510\"><div class=\"wpb_wrapper\">\r\n        <div class=\"rs-heading style2  vc_custom_1612132641176\">\r\n        \t<div class=\"title-inner\">\r\n        \t\t       \t\t\r\n\t            \r\n\t            <h2 class=\"title title-upper\">QEYD\u0130YYAT ANKET\u0130<\/h2> <span class=\"lines-bg\"><\/span>\r\n\t            <div class=\"title-img bottom-img\"><\/div>\r\n\t        <\/div><\/div><\/div><\/div><\/div><\/div><div class=\"vc_row-full-width vc_clearfix\"><\/div><div class=\"vc_row wpb_row vc_row-fluid\"><div class=\"wpb_column vc_column_container vc_col-sm-12\"><div class=\"vc_column-inner\"><div class=\"wpb_wrapper\"><div role=\"form\" class=\"wpcf7\" id=\"wpcf7-f2299-o1\" lang=\"en-US\" dir=\"ltr\">\n<div class=\"screen-reader-response\"><p role=\"status\" aria-live=\"polite\" aria-atomic=\"true\"><\/p> <ul><\/ul><\/div>\n<form action=\"\/en\/wp-json\/wp\/v2\/pages\/2096#wpcf7-f2299-o1\" method=\"post\" class=\"wpcf7-form init\" novalidate=\"novalidate\" data-status=\"init\" data-trp-original-action=\"\/en\/wp-json\/wp\/v2\/pages\/2096#wpcf7-f2299-o1\">\n<div style=\"display: none;\">\n<input type=\"hidden\" name=\"_wpcf7\" value=\"2299\" \/>\n<input type=\"hidden\" name=\"_wpcf7_version\" value=\"5.5.2\" \/>\n<input type=\"hidden\" name=\"_wpcf7_locale\" value=\"en_US\" \/>\n<input type=\"hidden\" name=\"_wpcf7_unit_tag\" value=\"wpcf7-f2299-o1\" \/>\n<input type=\"hidden\" name=\"_wpcf7_container_post\" value=\"0\" \/>\n<input type=\"hidden\" name=\"_wpcf7_posted_data_hash\" value=\"\" \/>\n<\/div>\n<div class=\"contact-page1 row\">\n<div class=\"col-sm-6\"><span class=\"wpcf7-form-control-wrap your-name\"><input type=\"text\" name=\"your-name\" value=\"\" size=\"40\" class=\"wpcf7-form-control wpcf7-text wpcf7-validates-as-required\" aria-required=\"true\" aria-invalid=\"false\" placeholder=\"Ad\u0131\" \/><\/span><\/div>\n<div class=\"col-sm-6\"><span class=\"wpcf7-form-control-wrap your-surname\"><input type=\"text\" name=\"your-surname\" value=\"\" size=\"40\" class=\"wpcf7-form-control wpcf7-text wpcf7-validates-as-required\" aria-required=\"true\" aria-invalid=\"false\" placeholder=\"Soyad\u0131\" \/><\/span><\/div>\n<div class=\"col-sm-6\"><span class=\"wpcf7-form-control-wrap your-fathersname\"><input type=\"text\" name=\"your-fathersname\" value=\"\" size=\"40\" class=\"wpcf7-form-control wpcf7-text wpcf7-validates-as-required\" aria-required=\"true\" aria-invalid=\"false\" placeholder=\"Ata ad\u0131\" \/><\/span><\/div>\n<div class=\"col-sm-6\"><span class=\"wpcf7-form-control-wrap date-233\"><input type=\"date\" name=\"date-233\" value=\"\" class=\"wpcf7-form-control wpcf7-date wpcf7-validates-as-required wpcf7-validates-as-date\" aria-required=\"true\" aria-invalid=\"false\" placeholder=\"T\u0259v\u0259l\u00fcd\" \/><\/span> T\u0259v\u0259l\u00fcd<\/div>\n<div class=\"col-sm-6\"> Boy <span class=\"wpcf7-form-control-wrap menu-971\"><select name=\"menu-971\" class=\"wpcf7-form-control wpcf7-select wpcf7-validates-as-required\" aria-required=\"true\" aria-invalid=\"false\"><option value=\"100 sm\">100 sm<\/option><option value=\"101 sm\">101 sm<\/option><option value=\"102 sm\">102 sm<\/option><option value=\"103 sm\">103 sm<\/option><option value=\"104 sm\">104 sm<\/option><option value=\"105 sm\">105 sm<\/option><option value=\"106 sm\">106 sm<\/option><option value=\"107 sm\">107 sm<\/option><option value=\"108 sm\">108 sm<\/option><option value=\"109 sm\">109 sm<\/option><option value=\"110 sm\">110 sm<\/option><option value=\"111 sm\">111 sm<\/option><option value=\"112 sm\">112 sm<\/option><option value=\"113 sm\">113 sm<\/option><option value=\"114 sm\">114 sm<\/option><option value=\"115 sm\">115 sm<\/option><option value=\"116 sm\">116 sm<\/option><option value=\"117 sm\">117 sm<\/option><option value=\"118 sm\">118 sm<\/option><option value=\"119 sm\">119 sm<\/option><option value=\"120 sm\">120 sm<\/option><option value=\"121 sm\">121 sm<\/option><option value=\"122 sm\">122 sm<\/option><option value=\"123 sm\">123 sm<\/option><option value=\"124 sm\">124 sm<\/option><option value=\"125 sm\">125 sm<\/option><option value=\"126 sm\">126 sm<\/option><option value=\"127 sm\">127 sm<\/option><option value=\"128 sm\">128 sm<\/option><option value=\"129 sm\">129 sm<\/option><option value=\"130 sm\">130 sm<\/option><option value=\"131 sm\">131 sm<\/option><option value=\"132 sm\">132 sm<\/option><option value=\"133 sm\">133 sm<\/option><option value=\"134 sm\">134 sm<\/option><option value=\"135 sm\">135 sm<\/option><option value=\"136 sm\">136 sm<\/option><option value=\"137 sm\">137 sm<\/option><option value=\"138 sm\">138 sm<\/option><option value=\"139 sm\">139 sm<\/option><option value=\"140 sm\">140 sm<\/option><option value=\"141 sm\">141 sm<\/option><option value=\"142 sm\">142 sm<\/option><option value=\"143 sm\">143 sm<\/option><option value=\"144 sm\">144 sm<\/option><option value=\"145 sm\">145 sm<\/option><option value=\"146 sm\">146 sm<\/option><option value=\"147 sm\">147 sm<\/option><option value=\"148 sm\">148 sm<\/option><option value=\"149 sm\">149 sm<\/option><option value=\"150 sm\">150 sm<\/option><option value=\"151 sm\">151 sm<\/option><option value=\"152 sm\">152 sm<\/option><option value=\"153 sm\">153 sm<\/option><option value=\"154 sm\">154 sm<\/option><option value=\"155 sm\">155 sm<\/option><option value=\"156 sm\">156 sm<\/option><option value=\"157 sm\">157 sm<\/option><option value=\"158 sm\">158 sm<\/option><option value=\"159 sm\">159 sm<\/option><option value=\"160 sm\">160 sm<\/option><option value=\"161 sm\">161 sm<\/option><option value=\"162 sm\">162 sm<\/option><option value=\"163 sm\">163 sm<\/option><option value=\"164 sm\">164 sm<\/option><option value=\"165 sm\">165 sm<\/option><option value=\"166 sm\">166 sm<\/option><option value=\"167 sm\">167 sm<\/option><option value=\"168 sm\">168 sm<\/option><option value=\"169 sm\">169 sm<\/option><option value=\"170 sm\">170 sm<\/option><option value=\"171 sm\">171 sm<\/option><option value=\"172 sm\">172 sm<\/option><option value=\"173 sm\">173 sm<\/option><option value=\"174 sm\">174 sm<\/option><option value=\"175 sm\">175 sm<\/option><option value=\"176 sm\">176 sm<\/option><option value=\"177 sm\">177 sm<\/option><option value=\"178 sm\">178 sm<\/option><option value=\"179 sm\">179 sm<\/option><option value=\"180 sm\">180 sm<\/option><option value=\"181 sm\">181 sm<\/option><option value=\"182 sm\">182 sm<\/option><option value=\"183 sm\">183 sm<\/option><option value=\"184 sm\">184 sm<\/option><option value=\"185 sm\">185 sm<\/option><option value=\"186 sm\">186 sm<\/option><option value=\"187 sm\">187 sm<\/option><option value=\"188 sm\">188 sm<\/option><option value=\"189 sm\">189 sm<\/option><option value=\"190 sm\">190 sm<\/option><option value=\"191 sm\">191 sm<\/option><option value=\"192 sm\">192 sm<\/option><option value=\"193 sm\">193 sm<\/option><option value=\"194 sm\">194 sm<\/option><option value=\"195 sm\">195 sm<\/option><option value=\"196 sm\">196 sm<\/option><option value=\"197 sm\">197 sm<\/option><option value=\"198 sm\">198 sm<\/option><option value=\"199 sm\">199 sm<\/option><option value=\"200 sm\">200 sm<\/option><option value=\"201 sm\">201 sm<\/option><option value=\"202 sm\">202 sm<\/option><option value=\"203 sm\">203 sm<\/option><option value=\"204 sm\">204 sm<\/option><option value=\"205 sm\">205 sm<\/option><option value=\"206 sm\">206 sm<\/option><option value=\"207 sm\">207 sm<\/option><option value=\"208 sm\">208 sm<\/option><option value=\"209 sm\">209 sm<\/option><option value=\"210 sm\">210 sm<\/option><option value=\"211 sm\">211 sm<\/option><option value=\"212 sm\">212 sm<\/option><option value=\"213 sm\">213 sm<\/option><option value=\"214 sm\">214 sm<\/option><option value=\"215 sm\">215 sm<\/option><option value=\"216 sm\">216 sm<\/option><option value=\"217 sm\">217 sm<\/option><option value=\"218 sm\">218 sm<\/option><option value=\"219 sm\">219 sm<\/option><option value=\"220 sm\">220 sm<\/option><\/select><\/span>\n<\/p>\n<\/div>\n<div class=\"col-sm-6\"> \u00c7\u0259ki <span class=\"wpcf7-form-control-wrap menu-230\"><select name=\"menu-230\" class=\"wpcf7-form-control wpcf7-select wpcf7-validates-as-required\" aria-required=\"true\" aria-invalid=\"false\"><option value=\"30 kq\">30 kq<\/option><option value=\"31 kq\">31 kq<\/option><option value=\"32 kq\">32 kq<\/option><option value=\"33 kq\">33 kq<\/option><option value=\"34 kq\">34 kq<\/option><option value=\"35 kq\">35 kq<\/option><option value=\"36 kq\">36 kq<\/option><option value=\"37 kq\">37 kq<\/option><option value=\"38 kq\">38 kq<\/option><option value=\"39 kq\">39 kq<\/option><option value=\"40 kq\">40 kq<\/option><option value=\"41 kq\">41 kq<\/option><option value=\"42 kq\">42 kq<\/option><option value=\"43 kq\">43 kq<\/option><option value=\"44 kq\">44 kq<\/option><option value=\"45 kq\">45 kq<\/option><option value=\"46 kq\">46 kq<\/option><option value=\"47 kq\">47 kq<\/option><option value=\"48 kq\">48 kq<\/option><option value=\"49 kq\">49 kq<\/option><option value=\"50 kq\">50 kq<\/option><option value=\"51 kq\">51 kq<\/option><option value=\"52 kq\">52 kq<\/option><option value=\"53 kq\">53 kq<\/option><option value=\"54 kq\">54 kq<\/option><option value=\"55 kq\">55 kq<\/option><option value=\"56 kq\">56 kq<\/option><option value=\"57 kq\">57 kq<\/option><option value=\"58 kq\">58 kq<\/option><option value=\"59 kq\">59 kq<\/option><option value=\"60 kq\">60 kq<\/option><option value=\"61 kq\">61 kq<\/option><option value=\"62 kq\">62 kq<\/option><option value=\"63 kq\">63 kq<\/option><option value=\"64 kq\">64 kq<\/option><option value=\"65 kq\">65 kq<\/option><option value=\"66 kq\">66 kq<\/option><option value=\"67 kq\">67 kq<\/option><option value=\"68 kq\">68 kq<\/option><option value=\"69 kq\">69 kq<\/option><option value=\"70 kq\">70 kq<\/option><option value=\"71 kq\">71 kq<\/option><option value=\"72 kq\">72 kq<\/option><option value=\"73 kq\">73 kq<\/option><option value=\"74 kq\">74 kq<\/option><option value=\"75 kq\">75 kq<\/option><option value=\"76 kq\">76 kq<\/option><option value=\"77 kq\">77 kq<\/option><option value=\"78 kq\">78 kq<\/option><option value=\"79 kq\">79 kq<\/option><option value=\"80 kq\">80 kq<\/option><option value=\"81 kq\">81 kq<\/option><option value=\"82 kq\">82 kq<\/option><option value=\"83 kq\">83 kq<\/option><option value=\"84 kq\">84 kq<\/option><option value=\"85 kq\">85 kq<\/option><option value=\"86 kq\">86 kq<\/option><option value=\"87 kq\">87 kq<\/option><option value=\"88 kq\">88 kq<\/option><option value=\"89 kq\">89 kq<\/option><option value=\"90 kq\">90 kq<\/option><option value=\"91 kq\">91 kq<\/option><option value=\"92 kq\">92 kq<\/option><option value=\"93 kq\">93 kq<\/option><option value=\"94 kq\">94 kq<\/option><option value=\"95 kq\">95 kq<\/option><option value=\"96 kq\">96 kq<\/option><option value=\"97 kq\">97 kq<\/option><option value=\"98 kq\">98 kq<\/option><option value=\"99 kq\">99 kq<\/option><option value=\"100 kq\">100 kq<\/option><\/select><\/span>\n<\/p>\n<\/div>\n<div class=\"col-sm-6\"><span class=\"wpcf7-form-control-wrap your-subject\"><input type=\"text\" name=\"your-subject\" value=\"\" size=\"40\" class=\"wpcf7-form-control wpcf7-text wpcf7-validates-as-required\" aria-required=\"true\" aria-invalid=\"false\" placeholder=\"Oxudu\u011fu m\u0259kt\u0259b\" \/><\/span><\/div>\n<div class=\"col-sm-6\"><span class=\"wpcf7-form-control-wrap number-336\"><input type=\"number\" name=\"number-336\" value=\"\" class=\"wpcf7-form-control wpcf7-number wpcf7-validates-as-required wpcf7-validates-as-number\" aria-required=\"true\" aria-invalid=\"false\" placeholder=\"Tims kodu\" \/><\/span><\/div>\n<div class=\"col-sm-6\"><span class=\"wpcf7-form-control-wrap number-821\"><input type=\"number\" name=\"number-821\" value=\"\" class=\"wpcf7-form-control wpcf7-number wpcf7-validates-as-required wpcf7-validates-as-number\" aria-required=\"true\" aria-invalid=\"false\" placeholder=\"pasport nomr\u0259si\" \/><\/span><\/div>\n<div class=\"col-sm-6\"><span class=\"wpcf7-form-control-wrap text-459\"><input type=\"text\" name=\"text-459\" value=\"\" size=\"40\" class=\"wpcf7-form-control wpcf7-text wpcf7-validates-as-required\" aria-required=\"true\" aria-invalid=\"false\" placeholder=\"\u00dcnvan\" \/><\/span><\/div>\n<div class=\"col-sm-6\"><span class=\"wpcf7-form-control-wrap your-phone\"><input type=\"text\" name=\"your-phone\" value=\"\" size=\"40\" class=\"wpcf7-form-control wpcf7-text wpcf7-validates-as-required\" aria-required=\"true\" aria-invalid=\"false\" placeholder=\"\u018flaq\u0259 n\u00f6mr\u0259si\" \/><\/span><\/div>\n<div class=\"col-sm-6\"><span class=\"wpcf7-form-control-wrap your-email\"><input type=\"email\" name=\"your-email\" value=\"\" size=\"40\" class=\"wpcf7-form-control wpcf7-text wpcf7-email wpcf7-validates-as-required wpcf7-validates-as-email\" aria-required=\"true\" aria-invalid=\"false\" placeholder=\"E-Mail\" \/><\/span><\/div>\n<div class=\"col-sm-12\"><span class=\"wpcf7-form-control-wrap your-message\"><textarea name=\"your-message\" cols=\"40\" rows=\"10\" class=\"wpcf7-form-control wpcf7-textarea\" aria-invalid=\"false\" placeholder=\"M\u00fcraci\u0259t\"><\/textarea><\/span><\/div>\n<div class=\"form-button col-sm-12\">\n<p class=\"submit-btn\"><input type=\"submit\" value=\"G\u00f6nd\u0259r\" class=\"wpcf7-form-control has-spinner wpcf7-submit\" \/><\/p>\n<\/div>\n<\/div>\n<div class=\"wpcf7-response-output\" aria-hidden=\"true\"><\/div><input type=\"hidden\" name=\"trp-form-language\" value=\"en\"\/><\/form><\/div><\/div><\/div><\/div><\/div><div class=\"vc_row wpb_row vc_row-fluid\"><div class=\"wpb_column vc_column_container vc_col-sm-12\"><div class=\"vc_column-inner\"><div class=\"wpb_wrapper\">\n\t<div class=\"wpb_text_column wpb_content_element  vc_custom_1612136854650\" >\n\t\t<div class=\"wpb_wrapper\">\n\t\t\t<p>Bu qeydiyyat formas\u0131 vasit\u0259sil\u0259 Siz &#8220;Baku Sportinq &#8221; Futbol Akademiyas\u0131n\u0131n se\u00e7m\u0259l\u0259rind\u0259 i\u015ftirak ed\u0259c\u0259ksiniz. Tezlikl\u0259 Klubun m\u00fct\u0259x\u0259ssisl\u0259ri qeri don\u00fc\u015f ed\u0259c\u0259kl\u0259r . Bizi Se\u00e7diyiniz \u00fc\u00e7\u00fcn t\u0259\u015f\u0259kk\u00fcr edirik.<\/p>\n\n\t\t<\/div>\n\t<\/div>\n<\/div><\/div><\/div><\/div>","protected":false},"excerpt":{"rendered":"QEYD\u0130YYAT ANKET\u0130 T\u0259v\u0259l\u00fcd Boy 100 sm101 sm102 sm103 sm104 sm105 sm106 sm107 sm108 sm109 sm110 sm111 sm112 sm113 sm114 sm115 sm116 sm117 sm118 sm119 sm120 sm121 sm122 sm123 sm124 sm125 sm126 sm127 sm128 sm129 sm130 sm131 sm132 sm133 sm134 sm135 sm136 sm137 sm138 sm139 sm140 sm141 sm142 sm143 sm144 sm145 sm146 sm147 sm148 sm149 sm150 [...]","protected":false},"author":1,"featured_media":0,"parent":0,"menu_order":0,"comment_status":"closed","ping_status":"closed","template":"","meta":{"footnotes":""},"class_list":["post-2096","page","type-page","status-publish","hentry"],"_links":{"self":[{"href":"https:\/\/bakusporting.com\/en\/wp-json\/wp\/v2\/pages\/2096","targetHints":{"allow":["GET"]}}],"collection":[{"href":"https:\/\/bakusporting.com\/en\/wp-json\/wp\/v2\/pages"}],"about":[{"href":"https:\/\/bakusporting.com\/en\/wp-json\/wp\/v2\/types\/page"}],"author":[{"embeddable":true,"href":"https:\/\/bakusporting.com\/en\/wp-json\/wp\/v2\/users\/1"}],"replies":[{"embeddable":true,"href":"https:\/\/bakusporting.com\/en\/wp-json\/wp\/v2\/comments?post=2096"}],"version-history":[{"count":1,"href":"https:\/\/bakusporting.com\/en\/wp-json\/wp\/v2\/pages\/2096\/revisions"}],"predecessor-version":[{"id":4440,"href":"https:\/\/bakusporting.com\/en\/wp-json\/wp\/v2\/pages\/2096\/revisions\/4440"}],"wp:attachment":[{"href":"https:\/\/bakusporting.com\/en\/wp-json\/wp\/v2\/media?parent=2096"}],"curies":[{"name":"wp","href":"https:\/\/api.w.org\/{rel}","templated":true}]}}