{"id":2093,"date":"2020-12-23T19:55:22","date_gmt":"2020-12-23T19:55:22","guid":{"rendered":"http:\/\/bakusporting.com\/new\/?page_id=2093"},"modified":"2025-02-10T21:59:30","modified_gmt":"2025-02-10T21:59:30","slug":"akademiya-haqqinda","status":"publish","type":"page","link":"https:\/\/bakusporting.com\/en\/akademiya-haqqinda\/","title":{"rendered":"AKADEM\u0130YA HAQQINDA"},"content":{"rendered":"<div data-vc-full-width=\"true\" data-vc-full-width-init=\"false\" data-vc-stretch-content=\"true\" class=\"vc_row wpb_row vc_row-fluid fixture-views vc_custom_1610409981959 vc_row-has-fill vc_row-o-content-top vc_row-flex\"><div class=\"wpb_column vc_column_container vc_col-sm-12\"><div class=\"vc_column-inner vc_custom_1610410042372\"><div class=\"wpb_wrapper\"><div class=\"vc_row wpb_row vc_inner vc_row-fluid vc_custom_1560153296232 vc_row-o-equal-height vc_row-o-content-middle vc_row-flex\"><div class=\"wpb_column vc_column_container vc_col-sm-5 vc_col-has-fill\"><div class=\"vc_column-inner vc_custom_1557908404124\"><div class=\"wpb_wrapper\">\r\n        <div class=\"rs-heading style2\">\r\n        \t<div class=\"title-inner\">\r\n        \t\t       \t\t\r\n\t            \r\n\t            <h2 class=\"title\">\u201cBaku Sporting\u201din yarad\u0131lmas\u0131 v\u0259 f\u0259aliyy\u0259ti<\/h2> <span class=\"lines-bg\"><\/span>\r\n\t            <div class=\"title-img bottom-img\"><\/div>\r\n\t        <\/div><\/div>\n\t<div class=\"wpb_text_column wpb_content_element\" >\n\t\t<div class=\"wpb_wrapper\">\n\t\t\t<p>Bizim m\u0259qs\u0259dimiz xalq\u0131n g\u0259l\u0259c\u0259yi olan g\u0259ncl\u0259rin sa\u011flaml\u0131\u011f\u0131 v\u0259 rifah\u0131na xidm\u0259t etm\u0259y\u0259, futbol\u00e7ular\u0131m\u0131za u\u011fura ged\u0259n yolda yorulmadan d\u0259st\u0259k olma\u011fa haz\u0131r olan beyn\u0259lxalq s\u0259viyy\u0259li t\u0259hsil v\u0259 idman t\u0259lim\u00e7il\u0259ri, m\u0259\u015fq\u00e7il\u0259r, idman menecerl\u0259ri v\u0259 fiziki tibb v\u0259 reabilitasiya m\u00fct\u0259x\u0259ssisl\u0259ri haz\u0131rlamaqd\u0131r.<br \/>\nU\u011fura ged\u0259n yolda t\u0259m\u0259li m\u00f6hk\u0259m futbol klubunun ir\u0259lil\u0259y\u0259n d\u00f6n\u0259md\u0259 inki\u015faf etm\u0259si v\u0259 populyarla\u015fmas\u0131 \u00fc\u00e7\u00fcn laz\u0131m olan add\u0131mlar\u0131 atan \u015f\u0259xsl\u0259rin ail\u0259mizin \u00fczv\u00fc olmas\u0131 da, \u0259sas m\u0259qs\u0259dl\u0259rimizd\u0259n biridir.<\/p>\n\n\t\t<\/div>\n\t<\/div>\n<\/div><\/div><\/div><div class=\"wpb_column vc_column_container vc_col-sm-7\"><div class=\"vc_column-inner vc_custom_1557734622756\"><div class=\"wpb_wrapper\">\n\t<div  class=\"wpb_single_image wpb_content_element vc_align_left\">\n\t\t\n\t\t<figure class=\"wpb_wrapper vc_figure\">\n\t\t\t<div class=\"vc_single_image-wrapper vc_box_rounded  vc_box_border_grey\"><img loading=\"lazy\" decoding=\"async\" width=\"640\" height=\"471\" src=\"https:\/\/bakusporting.com\/wp-content\/uploads\/2021\/11\/DSC_0247-1024x753.jpg\" class=\"vc_single_image-img attachment-large\" alt=\"\" srcset=\"https:\/\/bakusporting.com\/wp-content\/uploads\/2021\/11\/DSC_0247-1024x753.jpg 1024w, https:\/\/bakusporting.com\/wp-content\/uploads\/2021\/11\/DSC_0247-300x220.jpg 300w, https:\/\/bakusporting.com\/wp-content\/uploads\/2021\/11\/DSC_0247-768x564.jpg 768w, https:\/\/bakusporting.com\/wp-content\/uploads\/2021\/11\/DSC_0247-1536x1129.jpg 1536w, https:\/\/bakusporting.com\/wp-content\/uploads\/2021\/11\/DSC_0247-2048x1505.jpg 2048w, https:\/\/bakusporting.com\/wp-content\/uploads\/2021\/11\/DSC_0247-16x12.jpg 16w, https:\/\/bakusporting.com\/wp-content\/uploads\/2021\/11\/DSC_0247-80x60.jpg 80w, https:\/\/bakusporting.com\/wp-content\/uploads\/2021\/11\/DSC_0247-600x441.jpg 600w\" sizes=\"auto, (max-width: 640px) 100vw, 640px\" \/><\/div>\n\t\t<\/figure>\n\t<\/div>\n<\/div><\/div><\/div><\/div><\/div><\/div><\/div><\/div><div class=\"vc_row-full-width vc_clearfix\"><\/div><div data-vc-full-width=\"true\" data-vc-full-width-init=\"false\" data-vc-stretch-content=\"true\" class=\"vc_row wpb_row vc_row-fluid\"><div class=\"wpb_column vc_column_container vc_col-sm-12\"><div class=\"vc_column-inner\"><div class=\"wpb_wrapper\"><div class=\"vc_tta-container\" data-vc-action=\"collapse\"><div class=\"vc_general vc_tta vc_tta-tabs vc_tta-color-blue vc_tta-style-modern vc_tta-shape-square vc_tta-spacing-1 vc_tta-tabs-position-top vc_tta-controls-align-left\"><div class=\"vc_tta-tabs-container\"><ul class=\"vc_tta-tabs-list\"><li class=\"vc_tta-tab vc_active\" data-vc-tab><a href=\"#1610403972179-53b200b9-d261\" data-vc-tabs data-vc-container=\".vc_tta\"><i class=\"vc_tta-icon fa fa-futbol-o\"><\/i><span class=\"vc_tta-title-text\">U-9<\/span><\/a><\/li><li class=\"vc_tta-tab\" data-vc-tab><a href=\"#1610403511067-433e0122-302a\" data-vc-tabs data-vc-container=\".vc_tta\"><i class=\"vc_tta-icon fa fa-futbol-o\"><\/i><span class=\"vc_tta-title-text\">U - 10<\/span><\/a><\/li><li class=\"vc_tta-tab\" data-vc-tab><a href=\"#1610403511089-0a704b33-de8c\" data-vc-tabs data-vc-container=\".vc_tta\"><span class=\"vc_tta-title-text\">U-11<\/span><i class=\"vc_tta-icon fa fa-futbol-o\"><\/i><\/a><\/li><li class=\"vc_tta-tab\" data-vc-tab><a href=\"#1610403798966-5c40cc2d-798f\" data-vc-tabs data-vc-container=\".vc_tta\"><i class=\"vc_tta-icon fa fa-futbol-o\"><\/i><span class=\"vc_tta-title-text\">U-12<\/span><\/a><\/li><li class=\"vc_tta-tab\" data-vc-tab><a href=\"#1610403827548-5e66f7f9-18e9\" data-vc-tabs data-vc-container=\".vc_tta\"><i class=\"vc_tta-icon fa fa-futbol-o\"><\/i><span class=\"vc_tta-title-text\">U-13<\/span><\/a><\/li><li class=\"vc_tta-tab\" data-vc-tab><a href=\"#1610403851150-b3896350-ed9f\" data-vc-tabs data-vc-container=\".vc_tta\"><i class=\"vc_tta-icon fa fa-futbol-o\"><\/i><span class=\"vc_tta-title-text\">U-14<\/span><\/a><\/li><li class=\"vc_tta-tab\" data-vc-tab><a href=\"#1610403943471-82b51a06-f9e1\" data-vc-tabs data-vc-container=\".vc_tta\"><i class=\"vc_tta-icon fa fa-futbol-o\"><\/i><span class=\"vc_tta-title-text\">U-15<\/span><\/a><\/li><li class=\"vc_tta-tab\" data-vc-tab><a href=\"#1610403992742-185a8093-7387\" data-vc-tabs data-vc-container=\".vc_tta\"><i class=\"vc_tta-icon fa fa-futbol-o\"><\/i><span class=\"vc_tta-title-text\">U-16<\/span><\/a><\/li><li class=\"vc_tta-tab\" data-vc-tab><a href=\"#1610404018905-85d0e8e8-3b6e\" data-vc-tabs data-vc-container=\".vc_tta\"><i class=\"vc_tta-icon fa fa-futbol-o\"><\/i><span class=\"vc_tta-title-text\">U-17<\/span><\/a><\/li><li class=\"vc_tta-tab\" data-vc-tab><a href=\"#1610404049821-c5da0e57-f326\" data-vc-tabs data-vc-container=\".vc_tta\"><i class=\"vc_tta-icon fa fa-futbol-o\"><\/i><span class=\"vc_tta-title-text\">U-19<\/span><\/a><\/li><\/ul><\/div><div class=\"vc_tta-panels-container\"><div class=\"vc_tta-panels\"><div class=\"vc_tta-panel vc_active\" id=\"1610403972179-53b200b9-d261\" data-vc-content=\".vc_tta-panel-body\"><div class=\"vc_tta-panel-heading\"><h4 class=\"vc_tta-panel-title\"><a href=\"#1610403972179-53b200b9-d261\" data-vc-accordion data-vc-container=\".vc_tta-container\"><i class=\"vc_tta-icon fa fa-futbol-o\"><\/i><span class=\"vc_tta-title-text\">U-9<\/span><\/a><\/h4><\/div><div class=\"vc_tta-panel-body\"><div class=\"vc_row wpb_row vc_inner vc_row-fluid\"><div class=\"wpb_column vc_column_container vc_col-sm-6\"><div class=\"vc_column-inner\"><div class=\"wpb_wrapper\"><div class=\"wpb_gallery wpb_content_element vc_clearfix\" ><div class=\"wpb_wrapper\"><div class=\"wpb_gallery_slides wpb_image_grid\" data-interval=\"3\"><ul class=\"wpb_image_grid_ul\"><li class=\"isotope-item\"><a class=\"prettyphoto\" href=\"\" data-rel=\"prettyPhoto[rel-2093-3028759486]\"><\/a><\/li><\/ul><\/div><\/div><\/div><\/div><\/div><\/div><div class=\"wpb_column vc_column_container vc_col-sm-6\"><div class=\"vc_column-inner\"><div class=\"wpb_wrapper\"><\/div><\/div><\/div><\/div><\/div><\/div><div class=\"vc_tta-panel home3match-fixture\" id=\"1610403511067-433e0122-302a\" data-vc-content=\".vc_tta-panel-body\"><div class=\"vc_tta-panel-heading\"><h4 class=\"vc_tta-panel-title\"><a href=\"#1610403511067-433e0122-302a\" data-vc-accordion data-vc-container=\".vc_tta-container\"><i class=\"vc_tta-icon fa fa-futbol-o\"><\/i><span class=\"vc_tta-title-text\">U - 10<\/span><\/a><\/h4><\/div><div class=\"vc_tta-panel-body\"><div class=\"vc_row wpb_row vc_inner vc_row-fluid\"><div class=\"wpb_column vc_column_container vc_col-sm-8\"><div class=\"vc_column-inner\"><div class=\"wpb_wrapper\"><div class=\"wpb_gallery wpb_content_element vc_clearfix\" ><div class=\"wpb_wrapper\"><div class=\"wpb_gallery_slides wpb_image_grid\" data-interval=\"3\"><ul class=\"wpb_image_grid_ul\"><li class=\"isotope-item\"><a class=\"prettyphoto\" href=\"\" data-rel=\"prettyPhoto[rel-2093-2319319688]\"><\/a><\/li><\/ul><\/div><\/div><\/div><\/div><\/div><\/div><div class=\"wpb_column vc_column_container vc_col-sm-4\"><div class=\"vc_column-inner\"><div class=\"wpb_wrapper\"><\/div><\/div><\/div><\/div><\/div><\/div><div class=\"vc_tta-panel\" id=\"1610403511089-0a704b33-de8c\" data-vc-content=\".vc_tta-panel-body\"><div class=\"vc_tta-panel-heading\"><h4 class=\"vc_tta-panel-title\"><a href=\"#1610403511089-0a704b33-de8c\" data-vc-accordion data-vc-container=\".vc_tta-container\"><span class=\"vc_tta-title-text\">U-11<\/span><i class=\"vc_tta-icon fa fa-futbol-o\"><\/i><\/a><\/h4><\/div><div class=\"vc_tta-panel-body\"><div class=\"vc_row wpb_row vc_inner vc_row-fluid\"><div class=\"wpb_column vc_column_container vc_col-sm-8\"><div class=\"vc_column-inner\"><div class=\"wpb_wrapper\"><div class=\"wpb_gallery wpb_content_element vc_clearfix\" ><div class=\"wpb_wrapper\"><div class=\"wpb_gallery_slides wpb_image_grid\" data-interval=\"3\"><ul class=\"wpb_image_grid_ul\"><li class=\"isotope-item\"><a class=\"prettyphoto\" href=\"\" data-rel=\"prettyPhoto[rel-2093-2870252581]\"><\/a><\/li><\/ul><\/div><\/div><\/div><\/div><\/div><\/div><div class=\"wpb_column vc_column_container vc_col-sm-4\"><div class=\"vc_column-inner\"><div class=\"wpb_wrapper\"><\/div><\/div><\/div><\/div><\/div><\/div><div class=\"vc_tta-panel\" id=\"1610403798966-5c40cc2d-798f\" data-vc-content=\".vc_tta-panel-body\"><div class=\"vc_tta-panel-heading\"><h4 class=\"vc_tta-panel-title\"><a href=\"#1610403798966-5c40cc2d-798f\" data-vc-accordion data-vc-container=\".vc_tta-container\"><i class=\"vc_tta-icon fa fa-futbol-o\"><\/i><span class=\"vc_tta-title-text\">U-12<\/span><\/a><\/h4><\/div><div class=\"vc_tta-panel-body\"><div class=\"vc_row wpb_row vc_inner vc_row-fluid\"><div class=\"wpb_column vc_column_container vc_col-sm-6\"><div class=\"vc_column-inner\"><div class=\"wpb_wrapper\"><div class=\"wpb_gallery wpb_content_element vc_clearfix\" ><div class=\"wpb_wrapper\"><div class=\"wpb_gallery_slides wpb_image_grid\" data-interval=\"3\"><ul class=\"wpb_image_grid_ul\"><li class=\"isotope-item\"><a class=\"prettyphoto\" href=\"\" data-rel=\"prettyPhoto[rel-2093-3082566209]\"><\/a><\/li><\/ul><\/div><\/div><\/div><\/div><\/div><\/div><div class=\"wpb_column vc_column_container vc_col-sm-6\"><div class=\"vc_column-inner\"><div class=\"wpb_wrapper\"><\/div><\/div><\/div><\/div><\/div><\/div><div class=\"vc_tta-panel\" id=\"1610403827548-5e66f7f9-18e9\" data-vc-content=\".vc_tta-panel-body\"><div class=\"vc_tta-panel-heading\"><h4 class=\"vc_tta-panel-title\"><a href=\"#1610403827548-5e66f7f9-18e9\" data-vc-accordion data-vc-container=\".vc_tta-container\"><i class=\"vc_tta-icon fa fa-futbol-o\"><\/i><span class=\"vc_tta-title-text\">U-13<\/span><\/a><\/h4><\/div><div class=\"vc_tta-panel-body\"><div class=\"vc_row wpb_row vc_inner vc_row-fluid\"><div class=\"wpb_column vc_column_container vc_col-sm-6\"><div class=\"vc_column-inner\"><div class=\"wpb_wrapper\"><div class=\"wpb_gallery wpb_content_element vc_clearfix\" ><div class=\"wpb_wrapper\"><div class=\"wpb_gallery_slides wpb_image_grid\" data-interval=\"3\"><ul class=\"wpb_image_grid_ul\"><li class=\"isotope-item\"><a class=\"prettyphoto\" href=\"\" data-rel=\"prettyPhoto[rel-2093-3497802195]\"><\/a><\/li><\/ul><\/div><\/div><\/div><\/div><\/div><\/div><div class=\"wpb_column vc_column_container vc_col-sm-6\"><div class=\"vc_column-inner\"><div class=\"wpb_wrapper\"><\/div><\/div><\/div><\/div><\/div><\/div><div class=\"vc_tta-panel\" id=\"1610403851150-b3896350-ed9f\" data-vc-content=\".vc_tta-panel-body\"><div class=\"vc_tta-panel-heading\"><h4 class=\"vc_tta-panel-title\"><a href=\"#1610403851150-b3896350-ed9f\" data-vc-accordion data-vc-container=\".vc_tta-container\"><i class=\"vc_tta-icon fa fa-futbol-o\"><\/i><span class=\"vc_tta-title-text\">U-14<\/span><\/a><\/h4><\/div><div class=\"vc_tta-panel-body\"><\/div><\/div><div class=\"vc_tta-panel\" id=\"1610403943471-82b51a06-f9e1\" data-vc-content=\".vc_tta-panel-body\"><div class=\"vc_tta-panel-heading\"><h4 class=\"vc_tta-panel-title\"><a href=\"#1610403943471-82b51a06-f9e1\" data-vc-accordion data-vc-container=\".vc_tta-container\"><i class=\"vc_tta-icon fa fa-futbol-o\"><\/i><span class=\"vc_tta-title-text\">U-15<\/span><\/a><\/h4><\/div><div class=\"vc_tta-panel-body\"><\/div><\/div><div class=\"vc_tta-panel\" id=\"1610403992742-185a8093-7387\" data-vc-content=\".vc_tta-panel-body\"><div class=\"vc_tta-panel-heading\"><h4 class=\"vc_tta-panel-title\"><a href=\"#1610403992742-185a8093-7387\" data-vc-accordion data-vc-container=\".vc_tta-container\"><i class=\"vc_tta-icon fa fa-futbol-o\"><\/i><span class=\"vc_tta-title-text\">U-16<\/span><\/a><\/h4><\/div><div class=\"vc_tta-panel-body\"><\/div><\/div><div class=\"vc_tta-panel\" id=\"1610404018905-85d0e8e8-3b6e\" data-vc-content=\".vc_tta-panel-body\"><div class=\"vc_tta-panel-heading\"><h4 class=\"vc_tta-panel-title\"><a href=\"#1610404018905-85d0e8e8-3b6e\" data-vc-accordion data-vc-container=\".vc_tta-container\"><i class=\"vc_tta-icon fa fa-futbol-o\"><\/i><span class=\"vc_tta-title-text\">U-17<\/span><\/a><\/h4><\/div><div class=\"vc_tta-panel-body\"><\/div><\/div><div class=\"vc_tta-panel\" id=\"1610404049821-c5da0e57-f326\" data-vc-content=\".vc_tta-panel-body\"><div class=\"vc_tta-panel-heading\"><h4 class=\"vc_tta-panel-title\"><a href=\"#1610404049821-c5da0e57-f326\" data-vc-accordion data-vc-container=\".vc_tta-container\"><i class=\"vc_tta-icon fa fa-futbol-o\"><\/i><span class=\"vc_tta-title-text\">U-19<\/span><\/a><\/h4><\/div><div class=\"vc_tta-panel-body\"><\/div><\/div><\/div><\/div><\/div><\/div><\/div><\/div><\/div><\/div><div class=\"vc_row-full-width vc_clearfix\"><\/div>","protected":false},"excerpt":{"rendered":"\u201cBaku Sporting\u201din yarad\u0131lmas\u0131 v\u0259 f\u0259aliyy\u0259ti Bizim m\u0259qs\u0259dimiz xalq\u0131n g\u0259l\u0259c\u0259yi olan g\u0259ncl\u0259rin sa\u011flaml\u0131\u011f\u0131 v\u0259 rifah\u0131na xidm\u0259t etm\u0259y\u0259, futbol\u00e7ular\u0131m\u0131za u\u011fura ged\u0259n yolda yorulmadan d\u0259st\u0259k olma\u011fa haz\u0131r olan beyn\u0259lxalq s\u0259viyy\u0259li t\u0259hsil v\u0259 idman t\u0259lim\u00e7il\u0259ri, m\u0259\u015fq\u00e7il\u0259r, idman menecerl\u0259ri v\u0259 fiziki tibb v\u0259 reabilitasiya m\u00fct\u0259x\u0259ssisl\u0259ri haz\u0131rlamaqd\u0131r. U\u011fura ged\u0259n yolda t\u0259m\u0259li m\u00f6hk\u0259m futbol klubunun ir\u0259lil\u0259y\u0259n d\u00f6n\u0259md\u0259 inki\u015faf etm\u0259si v\u0259 populyarla\u015fmas\u0131 \u00fc\u00e7\u00fcn [...]","protected":false},"author":1,"featured_media":0,"parent":0,"menu_order":0,"comment_status":"closed","ping_status":"closed","template":"","meta":{"footnotes":""},"class_list":["post-2093","page","type-page","status-publish","hentry"],"_links":{"self":[{"href":"https:\/\/bakusporting.com\/en\/wp-json\/wp\/v2\/pages\/2093","targetHints":{"allow":["GET"]}}],"collection":[{"href":"https:\/\/bakusporting.com\/en\/wp-json\/wp\/v2\/pages"}],"about":[{"href":"https:\/\/bakusporting.com\/en\/wp-json\/wp\/v2\/types\/page"}],"author":[{"embeddable":true,"href":"https:\/\/bakusporting.com\/en\/wp-json\/wp\/v2\/users\/1"}],"replies":[{"embeddable":true,"href":"https:\/\/bakusporting.com\/en\/wp-json\/wp\/v2\/comments?post=2093"}],"version-history":[{"count":1,"href":"https:\/\/bakusporting.com\/en\/wp-json\/wp\/v2\/pages\/2093\/revisions"}],"predecessor-version":[{"id":4101,"href":"https:\/\/bakusporting.com\/en\/wp-json\/wp\/v2\/pages\/2093\/revisions\/4101"}],"wp:attachment":[{"href":"https:\/\/bakusporting.com\/en\/wp-json\/wp\/v2\/media?parent=2093"}],"curies":[{"name":"wp","href":"https:\/\/api.w.org\/{rel}","templated":true}]}}