{"id":1908,"date":"2019-04-13T06:21:31","date_gmt":"2019-04-13T06:21:31","guid":{"rendered":"http:\/\/192.168.0.110\/sports\/?page_id=10"},"modified":"2025-02-12T09:32:27","modified_gmt":"2025-02-12T09:32:27","slug":"about","status":"publish","type":"page","link":"https:\/\/bakusporting.com\/en\/about\/","title":{"rendered":"Haqq\u0131m\u0131zda"},"content":{"rendered":"<div data-vc-full-width=\"true\" data-vc-full-width-init=\"false\" class=\"vc_row wpb_row vc_row-fluid fixture-views vc_custom_1608628719438 vc_row-has-fill vc_row-o-equal-height vc_row-o-content-middle vc_row-flex\"><div class=\"wpb_column vc_column_container vc_col-sm-12\"><div class=\"vc_column-inner vc_custom_1557908472510\"><div class=\"wpb_wrapper\"><div class=\"vc_row wpb_row vc_inner vc_row-fluid vc_custom_1560153296232 vc_row-o-equal-height vc_row-o-content-middle vc_row-flex\"><div class=\"wpb_column vc_column_container vc_col-sm-3 vc_col-has-fill\"><div class=\"vc_column-inner vc_custom_1557908404124\"><div class=\"wpb_wrapper\">\n\t<div  class=\"wpb_single_image wpb_content_element vc_align_center  wpb_animate_when_almost_visible wpb_bounceIn bounceIn\">\n\t\t\n\t\t<figure class=\"wpb_wrapper vc_figure\">\n\t\t\t<a data-rel=\"prettyPhoto[rel-1908-3835931912]\" href=\"https:\/\/bakusporting.com\/wp-content\/uploads\/2025\/02\/about-1024x682.jpeg\" target=\"_self\" class=\"vc_single_image-wrapper vc_box_rounded  vc_box_border_grey prettyphoto\"><img loading=\"lazy\" decoding=\"async\" width=\"1280\" height=\"853\" src=\"https:\/\/bakusporting.com\/wp-content\/uploads\/2025\/02\/about.jpeg\" class=\"vc_single_image-img attachment-full\" alt=\"\" srcset=\"https:\/\/bakusporting.com\/wp-content\/uploads\/2025\/02\/about.jpeg 1280w, https:\/\/bakusporting.com\/wp-content\/uploads\/2025\/02\/about-300x200.jpeg 300w, https:\/\/bakusporting.com\/wp-content\/uploads\/2025\/02\/about-1024x682.jpeg 1024w, https:\/\/bakusporting.com\/wp-content\/uploads\/2025\/02\/about-768x512.jpeg 768w, https:\/\/bakusporting.com\/wp-content\/uploads\/2025\/02\/about-18x12.jpeg 18w\" sizes=\"auto, (max-width: 1280px) 100vw, 1280px\" \/><\/a>\n\t\t<\/figure>\n\t<\/div>\n\n\t<div  class=\"wpb_single_image wpb_content_element vc_align_center  wpb_animate_when_almost_visible wpb_bounceIn bounceIn\">\n\t\t\n\t\t<figure class=\"wpb_wrapper vc_figure\">\n\t\t\t<a data-rel=\"prettyPhoto[rel-1908-2445158079]\" href=\"https:\/\/bakusporting.com\/wp-content\/uploads\/2025\/02\/about2-1024x426.jpeg\" target=\"_self\" class=\"vc_single_image-wrapper vc_box_rounded  vc_box_border_grey prettyphoto\"><img loading=\"lazy\" decoding=\"async\" width=\"1600\" height=\"666\" src=\"https:\/\/bakusporting.com\/wp-content\/uploads\/2025\/02\/about2.jpeg\" class=\"vc_single_image-img attachment-full\" alt=\"\" srcset=\"https:\/\/bakusporting.com\/wp-content\/uploads\/2025\/02\/about2.jpeg 1600w, https:\/\/bakusporting.com\/wp-content\/uploads\/2025\/02\/about2-300x125.jpeg 300w, https:\/\/bakusporting.com\/wp-content\/uploads\/2025\/02\/about2-1024x426.jpeg 1024w, https:\/\/bakusporting.com\/wp-content\/uploads\/2025\/02\/about2-768x320.jpeg 768w, https:\/\/bakusporting.com\/wp-content\/uploads\/2025\/02\/about2-1536x639.jpeg 1536w, https:\/\/bakusporting.com\/wp-content\/uploads\/2025\/02\/about2-18x7.jpeg 18w\" sizes=\"auto, (max-width: 1600px) 100vw, 1600px\" \/><\/a>\n\t\t<\/figure>\n\t<\/div>\n<\/div><\/div><\/div><div class=\"wpb_column vc_column_container vc_col-sm-9\"><div class=\"vc_column-inner vc_custom_1557734622756\"><div class=\"wpb_wrapper\">\r\n        <div class=\"rs-heading style2  vc_custom_1636456906316\">\r\n        \t<div class=\"title-inner\">\r\n        \t\t       \t\t\r\n\t            \r\n\t            <h2 class=\"title\">\u201cBAKU SPORT\u0130NG \u201d FK yarad\u0131lmas\u0131 v\u0259 f\u0259aliyy\u0259ti<\/h2> <span class=\"lines-bg\"><\/span>\r\n\t            <div class=\"title-img bottom-img\"><\/div>\r\n\t        <\/div><\/div>\n\t<div class=\"wpb_text_column wpb_content_element\" >\n\t\t<div class=\"wpb_wrapper\">\n\t\t\t<p><strong>\u201cBaku Sportinq\u201d<\/strong>in \u0259sas\u0131 2018-ci ild\u0259 qoyulub. El\u0259 h\u0259min il klubumuzun r\u0259mzl\u0259ri &#8211; bayra\u011f\u0131 v\u0259 gerbi yarad\u0131l\u0131b. Bununla da, Az\u0259rbaycan futbolunda \u201ca\u011f-g\u00f6y\u201d \u201calova\u201d b\u00fcr\u00fcn\u0259n \u201cBaku Sportinq\u201d FK peyda oldu.<\/p>\n<p>Komandan\u0131n yarad\u0131lmas\u0131n\u0131n \u0259sas s\u0259b\u0259bi Az\u0259rbaycanda istedadl\u0131 yerli g\u0259ncl\u0259ri \u00fcz\u0259 \u00e7\u0131xarmaq, onlar\u0131 \u00f6lk\u0259 futboluna qazand\u0131rmaq, g\u0259l\u0259c\u0259kd\u0259 potensiall\u0131 futbol\u00e7ular\u0131n \u00f6lk\u0259 xaricind\u0259 \u00e7\u0131x\u0131\u015f etm\u0259sini t\u0259min etm\u0259k olub.<\/p>\n<p>Klubumuz ilk add\u0131mlar\u0131n\u0131 u\u015faq futbolunda at\u0131b. \u018fvv\u0259lc\u0259 bir ya\u015f qrupu \u00fczr\u0259 yeniyetm\u0259l\u0259rd\u0259n ibar\u0259t komanda t\u0259\u015fkil edildikd\u0259n sonra, B\u0259d\u0259n T\u0259rbiy\u0259si v\u0259 \u0130dman Akademiyas\u0131n\u0131n stadionunda m\u00fcxt\u0259lif ya\u015f qruplar\u0131 \u00fczr\u0259 u\u015faqlar aras\u0131nda m\u0259\u015fql\u0259rinin ke\u00e7irilm\u0259si t\u0259\u015fkil edib.<\/p>\n<p>\u201cBaku Sportinq\u201d\u0259 kateqoriyal\u0131 m\u0259\u015fq\u00e7il\u0259rin c\u0259lb edilm\u0259sind\u0259n v\u0259 4 ya\u015f qrupu \u00fczr\u0259 u\u015faq komandalar\u0131n\u0131n formala\u015fd\u0131r\u0131lmas\u0131ndan sonra 2019-cu ild\u0259 \u201cBaku Sportinq\u201din Futbol Akademiyas\u0131 t\u0259sis edilib. M\u0259hz h\u0259min m\u00f6vs\u00fcmd\u0259n etibar\u0259n is\u0259 a\u015fa\u011f\u0131 ya\u015f qruplar\u0131 \u00fczr\u0259 komandalar\u0131m\u0131z <strong>AFFA<\/strong>-n\u0131n bayra\u011f\u0131 alt\u0131nda ke\u00e7iril\u0259n yar\u0131\u015flarda i\u015ftiraka ba\u015flay\u0131b.<\/p>\n<p>2023\/24-c\u00fc il m\u00f6vs\u00fcm\u00fcnd\u0259 futbol \u00fczr\u0259 Az\u0259rbaycan \u0130kinci Liqas\u0131nda q\u0131z\u0131l medallar\u0131 qazanan <strong>\u201cBaku Sportinq\u201d<\/strong> FK AFFA-n\u0131n liseziyala\u015fd\u0131rma \u015f\u0259rtl\u0259rini d\u0259 y\u00fcks\u0259k s\u0259viyy\u0259d\u0259 yerin\u0259 yetir\u0259r\u0259k, Birinci Liqaya v\u0259siq\u0259 qazan\u0131b.<\/p>\n<p><strong>\u201cEL Holdinq\u201d<\/strong> \u015firk\u0259tinin d\u0259st\u0259yi il\u0259 b\u00fct\u00fcn istiqam\u0259tl\u0259rd\u0259 pe\u015f\u0259karla\u015fmaya do\u011fru add\u0131mlar atan klubumuz yar\u0131\u015flarda \u00e7\u0131x\u0131\u015fla yana\u015f\u0131, infrastrukturun qurulmas\u0131 istiqam\u0259tind\u0259 d\u0259, m\u00fch\u00fcm i\u015fl\u0259r g\u00f6r\u00fcb.<\/p>\n<p>Klubumuzun Masaz\u0131rda u\u015faq-futbol akademiyas\u0131n\u0131n filial\u0131 a\u00e7\u0131l\u0131b. Bununla paralel, 2024-c\u00fc ild\u0259 \u201cBaku Sportinq\u201din balans\u0131na veril\u0259n Buzovna q\u0259s\u0259b\u0259 stadionunda apar\u0131lan yenid\u0259nqurma v\u0259 rekonstruksiya i\u015fl\u0259rind\u0259n sonra t\u0259bii ot \u00f6rt\u00fckl\u00fc \u201cBaku Sportinq Arena\u201d, komandam\u0131z\u0131n yeni \u201cyuva\u201ds\u0131na \u00e7evrilib. Birinci Liqada komandam\u0131z r\u0259qibl\u0259rini do\u011fma arenada q\u0259bul edib.<\/p>\n\n\t\t<\/div>\n\t<\/div>\n<\/div><\/div><\/div><\/div>\r\n        <div class=\"rs-heading style2\">\r\n        \t<div class=\"title-inner\">\r\n        \t\t       \t\t\r\n\t            \r\n\t            <h2 class=\"title title-upper\">M\u0130SS\u0130YAMIZ V\u018f D\u018fY\u018fRL\u018fR\u0130M\u0130Z<\/h2> <span class=\"lines-bg\"><\/span>\r\n\t            <div class=\"title-img bottom-img\"><\/div>\r\n\t        <\/div><\/div>\n\t<div class=\"wpb_text_column wpb_content_element\" >\n\t\t<div class=\"wpb_wrapper\">\n\t\t\t<p><strong>\u201cBaku Sportinq\u201d<\/strong> FK 2018-ci ild\u0259 yarad\u0131lm\u0131\u015f, Buzovna q\u0259s\u0259b\u0259sini t\u0259msil ed\u0259n futbol klubudur.<\/p>\n<p>Klubun b\u00fct\u00fcn f\u0259aliyy\u0259ti onun \u00fczvl\u0259rinin irad\u0259sin\u0259 tabedir. Nizamnam\u0259mizd\u0259 d\u0259 t\u0259sbit edildiyi v\u0259 ba\u015f sponsorumuz <strong>\u201cEL Holdinq\u201d<\/strong> \u015firk\u0259tinin t\u00f6vsiy\u0259si il\u0259 klubda idar\u0259etm\u0259 funksiyas\u0131n\u0131 2023-c\u00fc ild\u0259n etibar\u0259n \u0130dar\u0259 Hey\u0259ti da\u015f\u0131y\u0131r. \u0130dar\u0259 hey\u0259tinin f\u0259aliyy\u0259ti \u00fc\u00e7 n\u0259f\u0259rd\u0259n ibar\u0259t N\u0259zar\u0259t-T\u0259fti\u015f Komissiyas\u0131 t\u0259r\u0259find\u0259n t\u0259fti\u015f olunur v\u0259 n\u0259tic\u0259si klub \u00fczvl\u0259rinin \u00fcmumi m\u00fczakir\u0259sin\u0259 (\u00dcmumi Y\u0131\u011f\u0131ncaq) t\u0259qdim olunur. \u0130dar\u0259 hey\u0259ti v\u0259 N\u0259zar\u0259t-T\u0259fti\u015f Komissiyas\u0131 iki ild\u0259 bir d\u0259f\u0259 klub \u00fczvl\u0259rinin \u00dcmumi Y\u0131\u011f\u0131nca\u011f\u0131 t\u0259r\u0259find\u0259n se\u00e7ilir.<\/p>\n<p><strong>\u201cBaku Sportinq\u201d<\/strong> Futbol Klubunda istedadl\u0131 yerli futbol\u00e7ular\u0131 \u00fcz\u0259 \u00e7\u0131xarmaq konsepsiyas\u0131 be\u015f illik ara\u015fd\u0131rmalar\u0131n n\u0259tic\u0259sind\u0259 formala\u015fd\u0131r\u0131lm\u0131\u015fd\u0131r. Klubun \u0259sas m\u0259qs\u0259di yerli futbol\u00e7u bazar\u0131ndak\u0131 bo\u015flu\u011fu s\u0259viyy\u0259li futbol\u00e7ular yeti\u015fdirm\u0259kl\u0259 doldurmaqd\u0131r. Klubun futbol akademiyas\u0131n\u0131n \u0259sas inki\u015faf meyarlar\u0131 m\u0259hz bu istiqam\u0259t \u00fcz\u0259rind\u0259 qurulub.<\/p>\n<p>Yeni yarand\u0131\u011f\u0131 d\u00f6vrd\u0259 14 ya\u015fl\u0131lardan ibar\u0259t yeniyetm\u0259l\u0259rd\u0259n t\u0259\u015fkil olunan komandam\u0131z 2018\/2019-cu il futbol m\u00f6vs\u00fcm\u00fcnd\u0259n etibar\u0259n, klubun inki\u015faf konsepsiyas\u0131na uy\u011fun olaraq m\u00fcnt\u0259z\u0259m m\u0259\u015fql\u0259rl\u0259 yana\u015f\u0131, yerli v\u0259 xarici h\u0259mya\u015f\u0131dlar\u0131 il\u0259 haz\u0131rl\u0131q mat\u00e7lar\u0131nda q\u00fcvv\u0259sini s\u0131nam\u0131\u015fd\u0131r.<\/p>\n<p>Haz\u0131rda klubumuz futbol \u00fczr\u0259 Az\u0259rbaycan Birinci Liqas\u0131nda \u00e7\u0131x\u0131\u015f ed\u0259n pe\u015f\u0259kar komandam\u0131z\u0131n g\u00fccl\u0259nm\u0259si il\u0259 yana\u015f\u0131, \u0259sas f\u0259aliyy\u0259t istiqam\u0259tl\u0259rind\u0259n biri kimi futbol akademiyam\u0131z\u0131n infrastrukturunun yax\u015f\u0131la\u015fd\u0131r\u0131lmas\u0131, a\u015fa\u011f\u0131 ya\u015f qruplar\u0131 \u00fczr\u0259 komandalar\u0131m\u0131z\u0131n say\u0131n\u0131n art\u0131r\u0131lmas\u0131 v\u0259 pe\u015f\u0259kar m\u00fct\u0259x\u0259ssisl\u0259rin haz\u0131rl\u0131q qruplar\u0131na c\u0259lb edilm\u0259si istiqam\u0259tind\u0259 m\u00fch\u00fcm i\u015fl\u0259r g\u00f6r\u00fcr.<\/p>\n<p>Ba\u015f sponsorumuz <strong>\u201cEL Holdinq\u201d<\/strong>l\u0259 \u0259l-\u0259l\u0259 ver\u0259r\u0259k, <strong>\u201cBaku Sportinq\u201d<\/strong> Futbol Klubunun missiyas\u0131 yerli v\u0259 xarici futbol klublar\u0131n\u0131n t\u0259l\u0259bl\u0259rin\u0259 cavab ver\u0259n futbol\u00e7ular haz\u0131rlamaq v\u0259 \u0259sas komandam\u0131z\u0131n ifas\u0131nda keyfiyy\u0259tli futbol n\u00fcmayi\u015f etdirm\u0259kdir.<\/p>\n\n\t\t<\/div>\n\t<\/div>\n<\/div><\/div><\/div><\/div><div class=\"vc_row-full-width vc_clearfix\"><\/div><div class=\"vc_row wpb_row vc_row-fluid\"><div class=\"wpb_column vc_column_container vc_col-sm-2\"><div class=\"vc_column-inner\"><div class=\"wpb_wrapper\">\n\t<div  class=\"wpb_single_image wpb_content_element vc_align_left\">\n\t\t\n\t\t<figure class=\"wpb_wrapper vc_figure\">\n\t\t\t<a data-rel=\"prettyPhoto[rel-1908-2667776515]\" href=\"https:\/\/bakusporting.com\/wp-content\/uploads\/2025\/02\/araz-768x1024.jpeg\" target=\"_self\" class=\"vc_single_image-wrapper   vc_box_border_grey prettyphoto\"><img loading=\"lazy\" decoding=\"async\" width=\"150\" height=\"150\" src=\"https:\/\/bakusporting.com\/wp-content\/uploads\/2025\/02\/araz-150x150.jpeg\" class=\"vc_single_image-img attachment-thumbnail\" alt=\"\" \/><\/a>\n\t\t<\/figure>\n\t<\/div>\n<\/div><\/div><\/div><div class=\"wpb_column vc_column_container vc_col-sm-2\"><div class=\"vc_column-inner\"><div class=\"wpb_wrapper\">\n\t<div  class=\"wpb_single_image wpb_content_element vc_align_left\">\n\t\t\n\t\t<figure class=\"wpb_wrapper vc_figure\">\n\t\t\t<a data-rel=\"prettyPhoto[rel-1908-3393594437]\" href=\"https:\/\/bakusporting.com\/wp-content\/uploads\/2025\/02\/sert-1024x775.jpeg\" target=\"_self\" class=\"vc_single_image-wrapper   vc_box_border_grey prettyphoto\"><img loading=\"lazy\" decoding=\"async\" width=\"150\" height=\"150\" src=\"https:\/\/bakusporting.com\/wp-content\/uploads\/2025\/02\/sert-150x150.jpeg\" class=\"vc_single_image-img attachment-thumbnail\" alt=\"\" \/><\/a>\n\t\t<\/figure>\n\t<\/div>\n<\/div><\/div><\/div><div class=\"wpb_column vc_column_container vc_col-sm-2\"><div class=\"vc_column-inner\"><div class=\"wpb_wrapper\"><\/div><\/div><\/div><div class=\"wpb_column vc_column_container vc_col-sm-2\"><div class=\"vc_column-inner\"><div class=\"wpb_wrapper\"><\/div><\/div><\/div><div class=\"wpb_column vc_column_container vc_col-sm-2\"><div class=\"vc_column-inner\"><div class=\"wpb_wrapper\"><\/div><\/div><\/div><div class=\"wpb_column vc_column_container vc_col-sm-2\"><div class=\"vc_column-inner\"><div class=\"wpb_wrapper\"><\/div><\/div><\/div><\/div>","protected":false},"excerpt":{"rendered":"\u201cBAKU SPORT\u0130NG \u201d FK yarad\u0131lmas\u0131 v\u0259 f\u0259aliyy\u0259ti \u201cBaku Sportinq\u201din \u0259sas\u0131 2018-ci ild\u0259 qoyulub. El\u0259 h\u0259min il klubumuzun r\u0259mzl\u0259ri - bayra\u011f\u0131 v\u0259 gerbi yarad\u0131l\u0131b. Bununla da, Az\u0259rbaycan futbolunda \u201ca\u011f-g\u00f6y\u201d \u201calova\u201d b\u00fcr\u00fcn\u0259n \u201cBaku Sportinq\u201d FK peyda oldu. Komandan\u0131n yarad\u0131lmas\u0131n\u0131n \u0259sas s\u0259b\u0259bi Az\u0259rbaycanda istedadl\u0131 yerli g\u0259ncl\u0259ri \u00fcz\u0259 \u00e7\u0131xarmaq, onlar\u0131 \u00f6lk\u0259 futboluna qazand\u0131rmaq, g\u0259l\u0259c\u0259kd\u0259 potensiall\u0131 futbol\u00e7ular\u0131n \u00f6lk\u0259 xaricind\u0259 \u00e7\u0131x\u0131\u015f [...]","protected":false},"author":4,"featured_media":0,"parent":0,"menu_order":0,"comment_status":"closed","ping_status":"closed","template":"","meta":{"footnotes":""},"class_list":["post-1908","page","type-page","status-publish","hentry"],"_links":{"self":[{"href":"https:\/\/bakusporting.com\/en\/wp-json\/wp\/v2\/pages\/1908","targetHints":{"allow":["GET"]}}],"collection":[{"href":"https:\/\/bakusporting.com\/en\/wp-json\/wp\/v2\/pages"}],"about":[{"href":"https:\/\/bakusporting.com\/en\/wp-json\/wp\/v2\/types\/page"}],"author":[{"embeddable":true,"href":"https:\/\/bakusporting.com\/en\/wp-json\/wp\/v2\/users\/4"}],"replies":[{"embeddable":true,"href":"https:\/\/bakusporting.com\/en\/wp-json\/wp\/v2\/comments?post=1908"}],"version-history":[{"count":14,"href":"https:\/\/bakusporting.com\/en\/wp-json\/wp\/v2\/pages\/1908\/revisions"}],"predecessor-version":[{"id":5889,"href":"https:\/\/bakusporting.com\/en\/wp-json\/wp\/v2\/pages\/1908\/revisions\/5889"}],"wp:attachment":[{"href":"https:\/\/bakusporting.com\/en\/wp-json\/wp\/v2\/media?parent=1908"}],"curies":[{"name":"wp","href":"https:\/\/api.w.org\/{rel}","templated":true}]}}