{"id":1875,"date":"2019-10-15T11:11:11","date_gmt":"2019-10-15T11:11:11","guid":{"rendered":"https:\/\/rstheme.com\/products\/wordpress\/khelo\/?page_id=1875"},"modified":"2025-02-13T06:35:12","modified_gmt":"2025-02-13T06:35:12","slug":"technical-staff","status":"publish","type":"page","link":"https:\/\/bakusporting.com\/en\/technical-staff\/","title":{"rendered":"TEXN\u0130K\u0130 HEY\u018fT"},"content":{"rendered":"<div class=\"vc_row wpb_row vc_row-fluid\"><div class=\"wpb_column vc_column_container vc_col-sm-12\"><div class=\"vc_column-inner\"><div class=\"wpb_wrapper\">\r\n        <div class=\"rs-heading\">\r\n        \t<div class=\"title-inner\">\r\n        \t\t       \t\t\r\n\t            \r\n\t            <h2 class=\"title\">TEXN\u0130K\u0130 HEY\u018fT<\/h2> <span class=\"lines-bg\"><\/span>\r\n\t            <div class=\"title-img bottom-img\"><\/div>\r\n\t        <\/div><\/div><\/div><\/div><\/div><\/div><div class=\"vc_row wpb_row vc_row-fluid\"><div class=\"wpb_column vc_column_container vc_col-sm-4\"><div class=\"vc_column-inner\"><div class=\"wpb_wrapper\">\n\t<div  class=\"wpb_single_image wpb_content_element vc_align_left\">\n\t\t\n\t\t<figure class=\"wpb_wrapper vc_figure\">\n\t\t\t<div class=\"vc_single_image-wrapper   vc_box_border_grey\"><img loading=\"lazy\" decoding=\"async\" width=\"1170\" height=\"1560\" src=\"https:\/\/bakusporting.com\/wp-content\/uploads\/2025\/02\/1-1.jpg\" class=\"vc_single_image-img attachment-full\" alt=\"\" srcset=\"https:\/\/bakusporting.com\/wp-content\/uploads\/2025\/02\/1-1.jpg 1170w, https:\/\/bakusporting.com\/wp-content\/uploads\/2025\/02\/1-1-225x300.jpg 225w, https:\/\/bakusporting.com\/wp-content\/uploads\/2025\/02\/1-1-768x1024.jpg 768w, https:\/\/bakusporting.com\/wp-content\/uploads\/2025\/02\/1-1-1152x1536.jpg 1152w, https:\/\/bakusporting.com\/wp-content\/uploads\/2025\/02\/1-1-9x12.jpg 9w\" sizes=\"auto, (max-width: 1170px) 100vw, 1170px\" \/><\/div>\n\t\t<\/figure>\n\t<\/div>\n\r\n        <div class=\"rs-heading\">\r\n        \t<div class=\"title-inner\">\r\n        \t\t       \t\t\r\n\t            <span class=\"sub-text\">\u0130nzibat\u00e7\u0131<\/span>\r\n\t            <h2 class=\"title\">K\u0259nan Mehr\u0259liyev<\/h2> <span class=\"lines-bg\"><\/span>\r\n\t            <div class=\"title-img bottom-img\"><\/div>\r\n\t        <\/div><\/div><\/div><\/div><\/div><div class=\"wpb_column vc_column_container vc_col-sm-4\"><div class=\"vc_column-inner\"><div class=\"wpb_wrapper\">\n\t<div  class=\"wpb_single_image wpb_content_element vc_align_left\">\n\t\t\n\t\t<figure class=\"wpb_wrapper vc_figure\">\n\t\t\t<div class=\"vc_single_image-wrapper   vc_box_border_grey\"><img loading=\"lazy\" decoding=\"async\" width=\"1170\" height=\"1560\" src=\"https:\/\/bakusporting.com\/wp-content\/uploads\/2025\/02\/2-2.jpg\" class=\"vc_single_image-img attachment-full\" alt=\"\" srcset=\"https:\/\/bakusporting.com\/wp-content\/uploads\/2025\/02\/2-2.jpg 1170w, https:\/\/bakusporting.com\/wp-content\/uploads\/2025\/02\/2-2-225x300.jpg 225w, https:\/\/bakusporting.com\/wp-content\/uploads\/2025\/02\/2-2-768x1024.jpg 768w, https:\/\/bakusporting.com\/wp-content\/uploads\/2025\/02\/2-2-1152x1536.jpg 1152w, https:\/\/bakusporting.com\/wp-content\/uploads\/2025\/02\/2-2-9x12.jpg 9w\" sizes=\"auto, (max-width: 1170px) 100vw, 1170px\" \/><\/div>\n\t\t<\/figure>\n\t<\/div>\n\r\n        <div class=\"rs-heading\">\r\n        \t<div class=\"title-inner\">\r\n        \t\t       \t\t\r\n\t            <span class=\"sub-text\">\u0130nzibat\u00e7\u0131<\/span>\r\n\t            <h2 class=\"title\">Nicat Mehr\u0259lizad\u0259<\/h2> <span class=\"lines-bg\"><\/span>\r\n\t            <div class=\"title-img bottom-img\"><\/div>\r\n\t        <\/div><\/div><\/div><\/div><\/div><div class=\"wpb_column vc_column_container vc_col-sm-4\"><div class=\"vc_column-inner\"><div class=\"wpb_wrapper\">\n\t<div  class=\"wpb_single_image wpb_content_element vc_align_left\">\n\t\t\n\t\t<figure class=\"wpb_wrapper vc_figure\">\n\t\t\t<div class=\"vc_single_image-wrapper   vc_box_border_grey\"><img loading=\"lazy\" decoding=\"async\" width=\"1170\" height=\"1560\" src=\"https:\/\/bakusporting.com\/wp-content\/uploads\/2025\/02\/3-2.jpg\" class=\"vc_single_image-img attachment-full\" alt=\"\" srcset=\"https:\/\/bakusporting.com\/wp-content\/uploads\/2025\/02\/3-2.jpg 1170w, https:\/\/bakusporting.com\/wp-content\/uploads\/2025\/02\/3-2-225x300.jpg 225w, https:\/\/bakusporting.com\/wp-content\/uploads\/2025\/02\/3-2-768x1024.jpg 768w, https:\/\/bakusporting.com\/wp-content\/uploads\/2025\/02\/3-2-1152x1536.jpg 1152w, https:\/\/bakusporting.com\/wp-content\/uploads\/2025\/02\/3-2-9x12.jpg 9w\" sizes=\"auto, (max-width: 1170px) 100vw, 1170px\" \/><\/div>\n\t\t<\/figure>\n\t<\/div>\n\r\n        <div class=\"rs-heading\">\r\n        \t<div class=\"title-inner\">\r\n        \t\t       \t\t\r\n\t            <span class=\"sub-text\">\u0130nzibat\u00e7\u0131<\/span>\r\n\t            <h2 class=\"title\">Orxan R\u00fcst\u0259mov<\/h2> <span class=\"lines-bg\"><\/span>\r\n\t            <div class=\"title-img bottom-img\"><\/div>\r\n\t        <\/div><\/div><\/div><\/div><\/div><\/div><div class=\"vc_row wpb_row vc_row-fluid\"><div class=\"wpb_column vc_column_container vc_col-sm-4\"><div class=\"vc_column-inner\"><div class=\"wpb_wrapper\">\n\t<div  class=\"wpb_single_image wpb_content_element vc_align_left\">\n\t\t\n\t\t<figure class=\"wpb_wrapper vc_figure\">\n\t\t\t<div class=\"vc_single_image-wrapper   vc_box_border_grey\"><img loading=\"lazy\" decoding=\"async\" width=\"1170\" height=\"1560\" src=\"https:\/\/bakusporting.com\/wp-content\/uploads\/2025\/02\/4-1.jpg\" class=\"vc_single_image-img attachment-full\" alt=\"\" srcset=\"https:\/\/bakusporting.com\/wp-content\/uploads\/2025\/02\/4-1.jpg 1170w, https:\/\/bakusporting.com\/wp-content\/uploads\/2025\/02\/4-1-225x300.jpg 225w, https:\/\/bakusporting.com\/wp-content\/uploads\/2025\/02\/4-1-768x1024.jpg 768w, https:\/\/bakusporting.com\/wp-content\/uploads\/2025\/02\/4-1-1152x1536.jpg 1152w, https:\/\/bakusporting.com\/wp-content\/uploads\/2025\/02\/4-1-9x12.jpg 9w\" sizes=\"auto, (max-width: 1170px) 100vw, 1170px\" \/><\/div>\n\t\t<\/figure>\n\t<\/div>\n\r\n        <div class=\"rs-heading\">\r\n        \t<div class=\"title-inner\">\r\n        \t\t       \t\t\r\n\t            <span class=\"sub-text\">H\u0259kim<\/span>\r\n\t            <h2 class=\"title\">M\u00fcrs\u0259l \u018fs\u0259dov<\/h2> <span class=\"lines-bg\"><\/span>\r\n\t            <div class=\"title-img bottom-img\"><\/div>\r\n\t        <\/div><\/div><\/div><\/div><\/div><div class=\"wpb_column vc_column_container vc_col-sm-4\"><div class=\"vc_column-inner\"><div class=\"wpb_wrapper\">\n\t<div  class=\"wpb_single_image wpb_content_element vc_align_left\">\n\t\t\n\t\t<figure class=\"wpb_wrapper vc_figure\">\n\t\t\t<div class=\"vc_single_image-wrapper   vc_box_border_grey\"><img loading=\"lazy\" decoding=\"async\" width=\"1170\" height=\"1560\" src=\"https:\/\/bakusporting.com\/wp-content\/uploads\/2025\/02\/5-1.jpg\" class=\"vc_single_image-img attachment-full\" alt=\"\" srcset=\"https:\/\/bakusporting.com\/wp-content\/uploads\/2025\/02\/5-1.jpg 1170w, https:\/\/bakusporting.com\/wp-content\/uploads\/2025\/02\/5-1-225x300.jpg 225w, https:\/\/bakusporting.com\/wp-content\/uploads\/2025\/02\/5-1-768x1024.jpg 768w, https:\/\/bakusporting.com\/wp-content\/uploads\/2025\/02\/5-1-1152x1536.jpg 1152w, https:\/\/bakusporting.com\/wp-content\/uploads\/2025\/02\/5-1-9x12.jpg 9w\" sizes=\"auto, (max-width: 1170px) 100vw, 1170px\" \/><\/div>\n\t\t<\/figure>\n\t<\/div>\n\r\n        <div class=\"rs-heading\">\r\n        \t<div class=\"title-inner\">\r\n        \t\t       \t\t\r\n\t            <span class=\"sub-text\">Fizioterapevt<\/span>\r\n\t            <h2 class=\"title\">Elvin Musayev<\/h2> <span class=\"lines-bg\"><\/span>\r\n\t            <div class=\"title-img bottom-img\"><\/div>\r\n\t        <\/div><\/div><\/div><\/div><\/div><div class=\"wpb_column vc_column_container vc_col-sm-4\"><div class=\"vc_column-inner\"><div class=\"wpb_wrapper\">\n\t<div  class=\"wpb_single_image wpb_content_element vc_align_left\">\n\t\t\n\t\t<figure class=\"wpb_wrapper vc_figure\">\n\t\t\t<div class=\"vc_single_image-wrapper   vc_box_border_grey\"><img loading=\"lazy\" decoding=\"async\" width=\"1170\" height=\"1560\" src=\"https:\/\/bakusporting.com\/wp-content\/uploads\/2025\/02\/6-1.jpg\" class=\"vc_single_image-img attachment-full\" alt=\"\" srcset=\"https:\/\/bakusporting.com\/wp-content\/uploads\/2025\/02\/6-1.jpg 1170w, https:\/\/bakusporting.com\/wp-content\/uploads\/2025\/02\/6-1-225x300.jpg 225w, https:\/\/bakusporting.com\/wp-content\/uploads\/2025\/02\/6-1-768x1024.jpg 768w, https:\/\/bakusporting.com\/wp-content\/uploads\/2025\/02\/6-1-1152x1536.jpg 1152w, https:\/\/bakusporting.com\/wp-content\/uploads\/2025\/02\/6-1-9x12.jpg 9w\" sizes=\"auto, (max-width: 1170px) 100vw, 1170px\" \/><\/div>\n\t\t<\/figure>\n\t<\/div>\n\r\n        <div class=\"rs-heading\">\r\n        \t<div class=\"title-inner\">\r\n        \t\t       \t\t\r\n\t            <span class=\"sub-text\">Maliyy\u0259 v\u0259 Kadrlar u\u00e7otu \u00fczr\u0259 m\u00fct\u0259x\u0259ssis<\/span>\r\n\t            <h2 class=\"title\">\u015eamo Mustafazad\u0259<\/h2> <span class=\"lines-bg\"><\/span>\r\n\t            <div class=\"title-img bottom-img\"><\/div>\r\n\t        <\/div><\/div><\/div><\/div><\/div><\/div><div class=\"vc_row wpb_row vc_row-fluid\"><div class=\"wpb_column vc_column_container vc_col-sm-4\"><div class=\"vc_column-inner\"><div class=\"wpb_wrapper\">\n\t<div  class=\"wpb_single_image wpb_content_element vc_align_left\">\n\t\t\n\t\t<figure class=\"wpb_wrapper vc_figure\">\n\t\t\t<div class=\"vc_single_image-wrapper   vc_box_border_grey\"><img loading=\"lazy\" decoding=\"async\" width=\"1170\" height=\"1560\" src=\"https:\/\/bakusporting.com\/wp-content\/uploads\/2025\/02\/7.jpg\" class=\"vc_single_image-img attachment-full\" alt=\"\" srcset=\"https:\/\/bakusporting.com\/wp-content\/uploads\/2025\/02\/7.jpg 1170w, https:\/\/bakusporting.com\/wp-content\/uploads\/2025\/02\/7-225x300.jpg 225w, https:\/\/bakusporting.com\/wp-content\/uploads\/2025\/02\/7-768x1024.jpg 768w, https:\/\/bakusporting.com\/wp-content\/uploads\/2025\/02\/7-1152x1536.jpg 1152w, https:\/\/bakusporting.com\/wp-content\/uploads\/2025\/02\/7-9x12.jpg 9w\" sizes=\"auto, (max-width: 1170px) 100vw, 1170px\" \/><\/div>\n\t\t<\/figure>\n\t<\/div>\n\r\n        <div class=\"rs-heading\">\r\n        \t<div class=\"title-inner\">\r\n        \t\t       \t\t\r\n\t            <span class=\"sub-text\">Masaj\u00e7\u0131<\/span>\r\n\t            <h2 class=\"title\">K\u0259rim \u018fliyev<\/h2> <span class=\"lines-bg\"><\/span>\r\n\t            <div class=\"title-img bottom-img\"><\/div>\r\n\t        <\/div><\/div><\/div><\/div><\/div><div class=\"wpb_column vc_column_container vc_col-sm-4\"><div class=\"vc_column-inner\"><div class=\"wpb_wrapper\">\n\t<div  class=\"wpb_single_image wpb_content_element vc_align_left\">\n\t\t\n\t\t<figure class=\"wpb_wrapper vc_figure\">\n\t\t\t<div class=\"vc_single_image-wrapper   vc_box_border_grey\"><img loading=\"lazy\" decoding=\"async\" width=\"1170\" height=\"1560\" src=\"https:\/\/bakusporting.com\/wp-content\/uploads\/2025\/02\/8.jpg\" class=\"vc_single_image-img attachment-full\" alt=\"\" srcset=\"https:\/\/bakusporting.com\/wp-content\/uploads\/2025\/02\/8.jpg 1170w, https:\/\/bakusporting.com\/wp-content\/uploads\/2025\/02\/8-225x300.jpg 225w, https:\/\/bakusporting.com\/wp-content\/uploads\/2025\/02\/8-768x1024.jpg 768w, https:\/\/bakusporting.com\/wp-content\/uploads\/2025\/02\/8-1152x1536.jpg 1152w, https:\/\/bakusporting.com\/wp-content\/uploads\/2025\/02\/8-9x12.jpg 9w\" sizes=\"auto, (max-width: 1170px) 100vw, 1170px\" \/><\/div>\n\t\t<\/figure>\n\t<\/div>\n\r\n        <div class=\"rs-heading\">\r\n        \t<div class=\"title-inner\">\r\n        \t\t       \t\t\r\n\t            <span class=\"sub-text\">M\u00fchafiz\u0259 xidm\u0259ti<\/span>\r\n\t            <h2 class=\"title\">R\u00f6v\u015f\u0259n Dada\u015fov<\/h2> <span class=\"lines-bg\"><\/span>\r\n\t            <div class=\"title-img bottom-img\"><\/div>\r\n\t        <\/div><\/div><\/div><\/div><\/div><div class=\"wpb_column vc_column_container vc_col-sm-4\"><div class=\"vc_column-inner\"><div class=\"wpb_wrapper\">\n\t<div  class=\"wpb_single_image wpb_content_element vc_align_left\">\n\t\t\n\t\t<figure class=\"wpb_wrapper vc_figure\">\n\t\t\t<div class=\"vc_single_image-wrapper   vc_box_border_grey\"><img loading=\"lazy\" decoding=\"async\" width=\"1170\" height=\"1560\" src=\"https:\/\/bakusporting.com\/wp-content\/uploads\/2025\/02\/9.jpg\" class=\"vc_single_image-img attachment-full\" alt=\"\" srcset=\"https:\/\/bakusporting.com\/wp-content\/uploads\/2025\/02\/9.jpg 1170w, https:\/\/bakusporting.com\/wp-content\/uploads\/2025\/02\/9-225x300.jpg 225w, https:\/\/bakusporting.com\/wp-content\/uploads\/2025\/02\/9-768x1024.jpg 768w, https:\/\/bakusporting.com\/wp-content\/uploads\/2025\/02\/9-1152x1536.jpg 1152w, https:\/\/bakusporting.com\/wp-content\/uploads\/2025\/02\/9-9x12.jpg 9w\" sizes=\"auto, (max-width: 1170px) 100vw, 1170px\" \/><\/div>\n\t\t<\/figure>\n\t<\/div>\n\r\n        <div class=\"rs-heading\">\r\n        \t<div class=\"title-inner\">\r\n        \t\t       \t\t\r\n\t            <span class=\"sub-text\">Stadion \u00fczr\u0259 texniki i\u015f\u00e7i<\/span>\r\n\t            <h2 class=\"title\">Eldar P\u0259nc\u0259liyev<\/h2> <span class=\"lines-bg\"><\/span>\r\n\t            <div class=\"title-img bottom-img\"><\/div>\r\n\t        <\/div><\/div><\/div><\/div><\/div><\/div><div class=\"vc_row wpb_row vc_row-fluid\"><div class=\"wpb_column vc_column_container vc_col-sm-4\"><div class=\"vc_column-inner\"><div class=\"wpb_wrapper\">\n\t<div  class=\"wpb_single_image wpb_content_element vc_align_left\">\n\t\t\n\t\t<figure class=\"wpb_wrapper vc_figure\">\n\t\t\t<div class=\"vc_single_image-wrapper   vc_box_border_grey\"><img loading=\"lazy\" decoding=\"async\" width=\"1170\" height=\"1560\" src=\"https:\/\/bakusporting.com\/wp-content\/uploads\/2025\/02\/10.jpg\" class=\"vc_single_image-img attachment-full\" alt=\"\" srcset=\"https:\/\/bakusporting.com\/wp-content\/uploads\/2025\/02\/10.jpg 1170w, https:\/\/bakusporting.com\/wp-content\/uploads\/2025\/02\/10-225x300.jpg 225w, https:\/\/bakusporting.com\/wp-content\/uploads\/2025\/02\/10-768x1024.jpg 768w, https:\/\/bakusporting.com\/wp-content\/uploads\/2025\/02\/10-1152x1536.jpg 1152w, https:\/\/bakusporting.com\/wp-content\/uploads\/2025\/02\/10-9x12.jpg 9w\" sizes=\"auto, (max-width: 1170px) 100vw, 1170px\" \/><\/div>\n\t\t<\/figure>\n\t<\/div>\n\r\n        <div class=\"rs-heading\">\r\n        \t<div class=\"title-inner\">\r\n        \t\t       \t\t\r\n\t            <span class=\"sub-text\">Texniki i\u015f\u00e7i<\/span>\r\n\t            <h2 class=\"title\">Faida F\u0259r\u0259cullayev<\/h2> <span class=\"lines-bg\"><\/span>\r\n\t            <div class=\"title-img bottom-img\"><\/div>\r\n\t        <\/div><\/div><\/div><\/div><\/div><div class=\"wpb_column vc_column_container vc_col-sm-4\"><div class=\"vc_column-inner\"><div class=\"wpb_wrapper\"><\/div><\/div><\/div><div class=\"wpb_column vc_column_container vc_col-sm-4\"><div class=\"vc_column-inner\"><div class=\"wpb_wrapper\"><\/div><\/div><\/div><\/div>","protected":false},"excerpt":{"rendered":"TEXN\u0130K\u0130 HEY\u018fT \u0130nzibat\u00e7\u0131 K\u0259nan Mehr\u0259liyev \u0130nzibat\u00e7\u0131 Nicat Mehr\u0259lizad\u0259 \u0130nzibat\u00e7\u0131 Orxan R\u00fcst\u0259mov H\u0259kim M\u00fcrs\u0259l \u018fs\u0259dov Fizioterapevt Elvin Musayev Maliyy\u0259 v\u0259 Kadrlar u\u00e7otu \u00fczr\u0259 m\u00fct\u0259x\u0259ssis \u015eamo Mustafazad\u0259 Masaj\u00e7\u0131 K\u0259rim \u018fliyev M\u00fchafiz\u0259 xidm\u0259ti R\u00f6v\u015f\u0259n Dada\u015fov Stadion \u00fczr\u0259 texniki i\u015f\u00e7i Eldar P\u0259nc\u0259liyev Texniki i\u015f\u00e7i Faida F\u0259r\u0259cullayev","protected":false},"author":4,"featured_media":0,"parent":0,"menu_order":0,"comment_status":"closed","ping_status":"closed","template":"","meta":{"footnotes":""},"class_list":["post-1875","page","type-page","status-publish","hentry"],"_links":{"self":[{"href":"https:\/\/bakusporting.com\/en\/wp-json\/wp\/v2\/pages\/1875","targetHints":{"allow":["GET"]}}],"collection":[{"href":"https:\/\/bakusporting.com\/en\/wp-json\/wp\/v2\/pages"}],"about":[{"href":"https:\/\/bakusporting.com\/en\/wp-json\/wp\/v2\/types\/page"}],"author":[{"embeddable":true,"href":"https:\/\/bakusporting.com\/en\/wp-json\/wp\/v2\/users\/4"}],"replies":[{"embeddable":true,"href":"https:\/\/bakusporting.com\/en\/wp-json\/wp\/v2\/comments?post=1875"}],"version-history":[{"count":20,"href":"https:\/\/bakusporting.com\/en\/wp-json\/wp\/v2\/pages\/1875\/revisions"}],"predecessor-version":[{"id":5958,"href":"https:\/\/bakusporting.com\/en\/wp-json\/wp\/v2\/pages\/1875\/revisions\/5958"}],"wp:attachment":[{"href":"https:\/\/bakusporting.com\/en\/wp-json\/wp\/v2\/media?parent=1875"}],"curies":[{"name":"wp","href":"https:\/\/api.w.org\/{rel}","templated":true}]}}