{"id":14,"date":"2019-04-13T06:21:51","date_gmt":"2019-04-13T06:21:51","guid":{"rendered":"http:\/\/192.168.0.110\/sports\/?page_id=14"},"modified":"2025-02-11T11:43:32","modified_gmt":"2025-02-11T11:43:32","slug":"contact","status":"publish","type":"page","link":"https:\/\/bakusporting.com\/en\/contact\/","title":{"rendered":"B\u0130Z\u0130ML\u018f  \u018fLAQ\u018f"},"content":{"rendered":"<div id=\"rs-contact\" data-vc-full-width=\"true\" data-vc-full-width-init=\"false\" class=\"vc_row wpb_row vc_row-fluid rs-contact1 vc_custom_1559276738648\"><div class=\"wpb_column vc_column_container vc_col-sm-12\"><div class=\"vc_column-inner\"><div class=\"wpb_wrapper\">\r\n       <div class=\"rs-contact\">\r\n        <div class=\"contact-address   vc_custom_1739274201697 text-center style2\"><div class=\"address-item\" >\r\n                <div class=\"address-icon\">\r\n                    <i class=\"icon icon-basic-smartphone\"><\/i>\r\n                <\/div>\r\n                <div class=\"address-text\">\r\n                    <h3 class=\"contact-title\">\u0130dman Kompleksinin \u0259laq\u0259 n\u00f6mr\u0259si: <\/h3>\r\n                    <a href= \"tel:+012 553-59-19, &lt;br \/&gt;Mob: 055 796 -42- 82\">012 553-59-19, <br \/>Mob: 055 796 -42- 82<\/a>\r\n                <\/div>\r\n            <\/div><div class=\"address-item\" >\r\n                    <div class=\"address-icon\">\r\n                        <i class=\"icon icon-basic-mail-multiple\"><\/i>\r\n                    <\/div>\r\n                    <div class=\"address-text\">\r\n                        <h3 class=\"contact-title\">E-Po\u00e7t<\/h3>\r\n                        <a href= \"mailto:info@bakusporting.com &lt;br \/&gt;bakusporting@gmail.com\">info@bakusporting.com <br \/>bakusporting@gmail.com<\/a>                   \r\n                    <\/div>\r\n                <\/div><div class=\"address-item\" >\r\n                    <div class=\"address-icon\">\r\n                        <i class=\"icon icon-basic-geolocalize-01\"><\/i>\r\n                    <\/div>\r\n                    <div class=\"address-text\">\r\n                        <h3 class=\"contact-title\">\u00dcnvan<\/h3>\r\n                        Bak\u0131 \u015f\u0259h\u0259ri, X\u0259z\u0259r rayonu, Qa\u00e7aq N\u0259bi k\u00fc\u00e7\u0259si 165, Baku Sportinq Arena.\r\n                    <\/div>\r\n                <\/div><\/div><\/div>\r\n        <div class=\"rs-heading\">\r\n        \t<div class=\"title-inner\">\r\n        \t\t       \t\t\r\n\t            \r\n\t            \r\n\t            <div class=\"title-img bottom-img\"><\/div>\r\n\t        <\/div><\/div><\/div><\/div><\/div><\/div><div class=\"vc_row-full-width vc_clearfix\"><\/div><div data-vc-full-width=\"true\" data-vc-full-width-init=\"false\" class=\"vc_row wpb_row vc_row-fluid overflow-visible vc_custom_1559276688979 vc_row-has-fill vc_row-o-content-top vc_row-flex\"><div class=\"mob-mb40 wpb_column vc_column_container vc_col-sm-6\" id=\"google-map\"><div class=\"vc_column-inner vc_custom_1559018640944\"><div class=\"wpb_wrapper\"><div class=\"wpb_gmaps_widget wpb_content_element vc_custom_1739274120032\"><div class=\"wpb_wrapper\"><div class=\"wpb_map_wraper\"><iframe src=\"https:\/\/www.google.com\/maps\/embed?pb=!1m17!1m12!1m3!1d3032.810226859528!2d50.09515617601628!3d40.523685471422645!2m3!1f0!2f0!3f0!3m2!1i1024!2i768!4f13.1!3m2!1m1!2zNDDCsDMxJzI1LjMiTiA1MMKwMDUnNTEuOCJF!5e0!3m2!1sru!2saz!4v1739273363120!5m2!1sru!2saz\" width=\"100%\" height=\"450\" style=\"border:0;\" allowfullscreen=\"\" loading=\"lazy\" referrerpolicy=\"no-referrer-when-downgrade\"><\/iframe><\/div><\/div><\/div><\/div><\/div><\/div><div class=\"left-btn left-btn mobc-pl15 wpb_column vc_column_container vc_col-sm-6\"><div class=\"vc_column-inner vc_custom_1559018573469\"><div class=\"wpb_wrapper\">\r\n        <div class=\"rs-heading style2\">\r\n        \t<div class=\"title-inner\">\r\n        \t\t       \t\t\r\n\t            \r\n\t            <h2 class=\"title\">Baku SPORTING FK il\u0259 \u0259laq\u0259<\/h2> <span class=\"lines-bg\"><\/span>\r\n\t            <div class=\"title-img bottom-img\"><\/div>\r\n\t        <\/div><\/div><div role=\"form\" class=\"wpcf7\" id=\"wpcf7-f572-o1\" lang=\"en-US\" dir=\"ltr\">\n<div class=\"screen-reader-response\"><p role=\"status\" aria-live=\"polite\" aria-atomic=\"true\"><\/p> <ul><\/ul><\/div>\n<form action=\"\/en\/wp-json\/wp\/v2\/pages\/14#wpcf7-f572-o1\" method=\"post\" class=\"wpcf7-form init\" novalidate=\"novalidate\" data-status=\"init\" data-trp-original-action=\"\/en\/wp-json\/wp\/v2\/pages\/14#wpcf7-f572-o1\">\n<div style=\"display: none;\">\n<input type=\"hidden\" name=\"_wpcf7\" value=\"572\" \/>\n<input type=\"hidden\" name=\"_wpcf7_version\" value=\"5.5.2\" \/>\n<input type=\"hidden\" name=\"_wpcf7_locale\" value=\"en_US\" \/>\n<input type=\"hidden\" name=\"_wpcf7_unit_tag\" value=\"wpcf7-f572-o1\" \/>\n<input type=\"hidden\" name=\"_wpcf7_container_post\" value=\"0\" \/>\n<input type=\"hidden\" name=\"_wpcf7_posted_data_hash\" value=\"\" \/>\n<\/div>\n<div class=\"contact-page1 row\">\n<div class=\"col-sm-6\"><span class=\"wpcf7-form-control-wrap your-name\"><input type=\"text\" name=\"your-name\" value=\"\" size=\"40\" class=\"wpcf7-form-control wpcf7-text wpcf7-validates-as-required\" aria-required=\"true\" aria-invalid=\"false\" placeholder=\"Ad\u0131n\u0131z\" \/><\/span><\/div>\n<div class=\"col-sm-6\"><span class=\"wpcf7-form-control-wrap your-email\"><input type=\"email\" name=\"your-email\" value=\"\" size=\"40\" class=\"wpcf7-form-control wpcf7-text wpcf7-email wpcf7-validates-as-required wpcf7-validates-as-email\" aria-required=\"true\" aria-invalid=\"false\" placeholder=\"E-Mail\" \/><\/span><\/div>\n<div class=\"col-sm-6\"><span class=\"wpcf7-form-control-wrap your-phone\"><input type=\"text\" name=\"your-phone\" value=\"\" size=\"40\" class=\"wpcf7-form-control wpcf7-text wpcf7-validates-as-required\" aria-required=\"true\" aria-invalid=\"false\" placeholder=\"Telefon\" \/><\/span><\/div>\n<div class=\"col-sm-6\"><span class=\"wpcf7-form-control-wrap your-subject\"><input type=\"text\" name=\"your-subject\" value=\"\" size=\"40\" class=\"wpcf7-form-control wpcf7-text wpcf7-validates-as-required\" aria-required=\"true\" aria-invalid=\"false\" placeholder=\"M\u00f6vzu\" \/><\/span><\/div>\n<div class=\"col-sm-12\"><span class=\"wpcf7-form-control-wrap your-message\"><textarea name=\"your-message\" cols=\"40\" rows=\"10\" class=\"wpcf7-form-control wpcf7-textarea\" aria-invalid=\"false\" placeholder=\"\u0130smar\u0131c\u0131n\u0131z\"><\/textarea><\/span><\/div>\n<div class=\"form-button col-sm-12\">\n<p class=\"submit-btn\"><input type=\"submit\" value=\"G\u00f6nd\u0259r\" class=\"wpcf7-form-control has-spinner wpcf7-submit\" \/><\/p>\n<\/div>\n<\/div>\n<div class=\"wpcf7-response-output\" aria-hidden=\"true\"><\/div><input type=\"hidden\" name=\"trp-form-language\" value=\"en\"\/><\/form><\/div><\/div><\/div><\/div><\/div><div class=\"vc_row-full-width vc_clearfix\"><\/div>","protected":false},"excerpt":{"rendered":"\u0130dman Kompleksinin \u0259laq\u0259 n\u00f6mr\u0259si: 012 553-59-19, Mob: 055 796 -42- 82 E-Po\u00e7t info@bakusporting.com bakusporting@gmail.com \u00dcnvan Bak\u0131 \u015f\u0259h\u0259ri, X\u0259z\u0259r rayonu, Qa\u00e7aq N\u0259bi k\u00fc\u00e7\u0259si 165, Baku Sportinq Arena. Baku SPORTING FK il\u0259 \u0259laq\u0259","protected":false},"author":1,"featured_media":0,"parent":0,"menu_order":0,"comment_status":"closed","ping_status":"closed","template":"","meta":{"footnotes":""},"class_list":["post-14","page","type-page","status-publish","hentry"],"_links":{"self":[{"href":"https:\/\/bakusporting.com\/en\/wp-json\/wp\/v2\/pages\/14","targetHints":{"allow":["GET"]}}],"collection":[{"href":"https:\/\/bakusporting.com\/en\/wp-json\/wp\/v2\/pages"}],"about":[{"href":"https:\/\/bakusporting.com\/en\/wp-json\/wp\/v2\/types\/page"}],"author":[{"embeddable":true,"href":"https:\/\/bakusporting.com\/en\/wp-json\/wp\/v2\/users\/1"}],"replies":[{"embeddable":true,"href":"https:\/\/bakusporting.com\/en\/wp-json\/wp\/v2\/comments?post=14"}],"version-history":[{"count":9,"href":"https:\/\/bakusporting.com\/en\/wp-json\/wp\/v2\/pages\/14\/revisions"}],"predecessor-version":[{"id":5821,"href":"https:\/\/bakusporting.com\/en\/wp-json\/wp\/v2\/pages\/14\/revisions\/5821"}],"wp:attachment":[{"href":"https:\/\/bakusporting.com\/en\/wp-json\/wp\/v2\/media?parent=14"}],"curies":[{"name":"wp","href":"https:\/\/api.w.org\/{rel}","templated":true}]}}