{"id":1393,"date":"2019-05-25T06:10:28","date_gmt":"2019-05-25T06:10:28","guid":{"rendered":"http:\/\/192.168.0.110\/sports\/?page_id=1393"},"modified":"2025-02-10T21:59:30","modified_gmt":"2025-02-10T21:59:30","slug":"blog","status":"publish","type":"page","link":"https:\/\/bakusporting.com\/en\/blog\/","title":{"rendered":"YEN\u0130L\u0130KL\u018fR"},"content":{"rendered":"<div class=\"vc_row wpb_row vc_row-fluid\"><div class=\"wpb_column vc_column_container vc_col-sm-12\"><div class=\"vc_column-inner\"><div class=\"wpb_wrapper\"><div class=\"rs-blog-grid rs-blog\">\r\n\t\t\t\t\t<div class=\"row\"><div class=\"blog-item col-lg-6 col-md-12 style2\">\r\n\t\t\t\t\t\t\t\t\t<div class=\"blog-img image-scale\">\r\n\t\t\t\t\t\t\t\t\t\t<div class=\"image-wrap\"><a href=\"https:\/\/bakusporting.com\/en\/?post_type=post&p=5760\"> <img loading=\"lazy\" decoding=\"async\" width=\"500\" height=\"356\" src=\"https:\/\/bakusporting.com\/wp-content\/uploads\/2024\/11\/1652343691_photo_2022-05-12_12-07-18.jpg\" class=\"attachment-post-thumbnail size-post-thumbnail wp-post-image\" alt=\"\" \/> <\/a><\/div>\r\n\t\t\t\t\t\t\t\t\t\t<div class=\"all-meta\">\r\n\t\t\t\t\t\t\t\t\t\t\t<div class=\"meta meta-date\">\r\n\t\t\t\t\t\t\t\t\t\t<span class=\"month-day\">04<\/span>\r\n                                        <span class=\"month-name\">Nov<\/span>\r\n\t\t\t\t\t\t\t\t<\/div>\r\n\t\t\t\t\t\t\t\t\t \t\t<div class=\"meta author\"><i class=\"glyph-icon flaticon-user-1\"><\/i> <span class=\"author\"> bakuspo<\/span><\/div>\r\n\t\t\t\t\t\t\t\t \t\t<\/div>\r\n\t\t\t\t\t\t\t\t \t<\/div>\r\n\t\t\t\t\t\t\t\t<div class=\"bottom-shadow1 blog-meta\">\r\n\t\t\t\t\t\t\t\t\t\t<h3 class=\"blog-title\"><a href=\"https:\/\/bakusporting.com\/en\/?post_type=post&p=5760\"> N\u00f6vb\u0259ti oyunumuz <\/a><\/h3>\r\n\t\t\t\t\t\t\t\t\t\t<div class=\"blog-desc\">\r\n\t\t\t\t\t\t\t\t&nbsp;8 noyabr &nbsp;14:00 &nbsp;Y.M\u0259mm\u0259dzad\u0259 ad\u0131na \u015f\u0259h\u0259r stadionu &nbsp;\u201cMing\u0259\u00e7evir\u201d &#8211; \u201cBaku Sportinq\u201d &nbsp;PFL Youtube canl\u0131 yay\u0131m\r\n\t\t\t\t\t\t\t<\/div>\r\n\t\t\t\t\t\t\t\t\t\t<div class=\"blog-button\"><a href=\"https:\/\/bakusporting.com\/en\/?post_type=post&#038;p=5760\">Daha \u0259trafl\u0131<\/a><\/div>\r\n\t\t\t\t\t\t\t\t<\/div>\r\n\t\t\t\t\t\t\t<\/div><div class=\"blog-item col-lg-6 col-md-12 style2\">\r\n\t\t\t\t\t\t\t\t\t<div class=\"blog-img image-scale\">\r\n\t\t\t\t\t\t\t\t\t\t<div class=\"image-wrap\"><a href=\"https:\/\/bakusporting.com\/en\/?post_type=post&p=5755\"> <img loading=\"lazy\" decoding=\"async\" width=\"500\" height=\"377\" src=\"https:\/\/bakusporting.com\/wp-content\/uploads\/2024\/10\/zaqatala-3.jpg\" class=\"attachment-post-thumbnail size-post-thumbnail wp-post-image\" alt=\"\" \/> <\/a><\/div>\r\n\t\t\t\t\t\t\t\t\t\t<div class=\"all-meta\">\r\n\t\t\t\t\t\t\t\t\t\t\t<div class=\"meta meta-date\">\r\n\t\t\t\t\t\t\t\t\t\t<span class=\"month-day\">15<\/span>\r\n                                        <span class=\"month-name\">Oct<\/span>\r\n\t\t\t\t\t\t\t\t<\/div>\r\n\t\t\t\t\t\t\t\t\t \t\t<div class=\"meta author\"><i class=\"glyph-icon flaticon-user-1\"><\/i> <span class=\"author\"> bakuspo<\/span><\/div>\r\n\t\t\t\t\t\t\t\t \t\t<\/div>\r\n\t\t\t\t\t\t\t\t \t<\/div>\r\n\t\t\t\t\t\t\t\t<div class=\"bottom-shadow1 blog-meta\">\r\n\t\t\t\t\t\t\t\t\t\t<h3 class=\"blog-title\"><a href=\"https:\/\/bakusporting.com\/en\/?post_type=post&p=5755\"> 5-ci tur s\u0259f\u0259rd\u0259 meydana \u00e7\u0131xaca\u011f\u0131q <\/a><\/h3>\r\n\t\t\t\t\t\t\t\t\t\t<div class=\"blog-desc\">\r\n\t\t\t\t\t\t\t\t&nbsp;Az\u0259rbaycan Birinci Liqas\u0131. 5-ci tur. \u201cZaqatala\u201d \u2013 \u201cBaku Sportinq\u201d &nbsp;18oktyabr &nbsp;14:00 &nbsp;Zaqatala O\u0130K stadionu &nbsp;PFL youtube (canl\u0131)\r\n\t\t\t\t\t\t\t<\/div>\r\n\t\t\t\t\t\t\t\t\t\t<div class=\"blog-button\"><a href=\"https:\/\/bakusporting.com\/en\/?post_type=post&#038;p=5755\">Daha \u0259trafl\u0131<\/a><\/div>\r\n\t\t\t\t\t\t\t\t<\/div>\r\n\t\t\t\t\t\t\t<\/div><div class=\"blog-item col-lg-6 col-md-12 style2\">\r\n\t\t\t\t\t\t\t\t\t<div class=\"blog-img image-scale\">\r\n\t\t\t\t\t\t\t\t\t\t<div class=\"image-wrap\"><a href=\"https:\/\/bakusporting.com\/en\/?post_type=post&p=5751\"> <img loading=\"lazy\" decoding=\"async\" width=\"500\" height=\"375\" src=\"https:\/\/bakusporting.com\/wp-content\/uploads\/2024\/10\/5215421578748224940.jpg\" class=\"attachment-post-thumbnail size-post-thumbnail wp-post-image\" alt=\"\" \/> <\/a><\/div>\r\n\t\t\t\t\t\t\t\t\t\t<div class=\"all-meta\">\r\n\t\t\t\t\t\t\t\t\t\t\t<div class=\"meta meta-date\">\r\n\t\t\t\t\t\t\t\t\t\t<span class=\"month-day\">14<\/span>\r\n                                        <span class=\"month-name\">Oct<\/span>\r\n\t\t\t\t\t\t\t\t<\/div>\r\n\t\t\t\t\t\t\t\t\t \t\t<div class=\"meta author\"><i class=\"glyph-icon flaticon-user-1\"><\/i> <span class=\"author\"> bakuspo<\/span><\/div>\r\n\t\t\t\t\t\t\t\t \t\t<\/div>\r\n\t\t\t\t\t\t\t\t \t<\/div>\r\n\t\t\t\t\t\t\t\t<div class=\"bottom-shadow1 blog-meta\">\r\n\t\t\t\t\t\t\t\t\t\t<h3 class=\"blog-title\"><a href=\"https:\/\/bakusporting.com\/en\/?post_type=post&p=5751\"> &#8220;Baku Sportinq&#8221; daha bir mat\u00e7\u0131 arxada qoydu <\/a><\/h3>\r\n\t\t\t\t\t\t\t\t\t\t<div class=\"blog-desc\">\r\n\t\t\t\t\t\t\t\tMilli komandalara g\u00f6r\u0259 \u00e7empionata veril\u0259n fasil\u0259d\u0259n istifad\u0259 ed\u0259n \u201cBaku Sportinq\u201d yoxlama g\u00f6r\u00fc\u015f\u00fcn\u0259 \u00e7\u0131x\u0131b. Premyer Liqa t\u0259msil\u00e7isi \u201cS\u0259bail\u201dl\u0259 ASCO Arenada qar\u015f\u0131la\u015fan komandam\u0131z...\r\n\t\t\t\t\t\t\t<\/div>\r\n\t\t\t\t\t\t\t\t\t\t<div class=\"blog-button\"><a href=\"https:\/\/bakusporting.com\/en\/?post_type=post&#038;p=5751\">Daha \u0259trafl\u0131<\/a><\/div>\r\n\t\t\t\t\t\t\t\t<\/div>\r\n\t\t\t\t\t\t\t<\/div><div class=\"blog-item col-lg-6 col-md-12 style2\">\r\n\t\t\t\t\t\t\t\t\t<div class=\"blog-img image-scale\">\r\n\t\t\t\t\t\t\t\t\t\t<div class=\"image-wrap\"><a href=\"https:\/\/bakusporting.com\/en\/?post_type=post&p=5748\"> <img loading=\"lazy\" decoding=\"async\" width=\"500\" height=\"349\" src=\"https:\/\/bakusporting.com\/wp-content\/uploads\/2024\/10\/5212985670866429157.jpg\" class=\"attachment-post-thumbnail size-post-thumbnail wp-post-image\" alt=\"\" \/> <\/a><\/div>\r\n\t\t\t\t\t\t\t\t\t\t<div class=\"all-meta\">\r\n\t\t\t\t\t\t\t\t\t\t\t<div class=\"meta meta-date\">\r\n\t\t\t\t\t\t\t\t\t\t<span class=\"month-day\">13<\/span>\r\n                                        <span class=\"month-name\">Oct<\/span>\r\n\t\t\t\t\t\t\t\t<\/div>\r\n\t\t\t\t\t\t\t\t\t \t\t<div class=\"meta author\"><i class=\"glyph-icon flaticon-user-1\"><\/i> <span class=\"author\"> bakuspo<\/span><\/div>\r\n\t\t\t\t\t\t\t\t \t\t<\/div>\r\n\t\t\t\t\t\t\t\t \t<\/div>\r\n\t\t\t\t\t\t\t\t<div class=\"bottom-shadow1 blog-meta\">\r\n\t\t\t\t\t\t\t\t\t\t<h3 class=\"blog-title\"><a href=\"https:\/\/bakusporting.com\/en\/?post_type=post&p=5748\"> Komandam\u0131z Premyer Liqa t\u0259msil\u00e7isi il\u0259 \u00fcz-\u00fcz\u0259 g\u0259l\u0259c\u0259 <\/a><\/h3>\r\n\t\t\t\t\t\t\t\t\t\t<div class=\"blog-desc\">\r\n\t\t\t\t\t\t\t\tOyun g\u00fcn\u00fc 13 oktyabr ASCO Arena Haz\u0131rl\u0131q mat\u00e7\u0131 \u201dS\u0259bail\u201d FK &#8211; \u201cBaku Sportinq\u201d FK 18:00\r\n\t\t\t\t\t\t\t<\/div>\r\n\t\t\t\t\t\t\t\t\t\t<div class=\"blog-button\"><a href=\"https:\/\/bakusporting.com\/en\/?post_type=post&#038;p=5748\">Daha \u0259trafl\u0131<\/a><\/div>\r\n\t\t\t\t\t\t\t\t<\/div>\r\n\t\t\t\t\t\t\t<\/div><div class=\"blog-item col-lg-6 col-md-12 style2\">\r\n\t\t\t\t\t\t\t\t\t<div class=\"blog-img image-scale\">\r\n\t\t\t\t\t\t\t\t\t\t<div class=\"image-wrap\"><a href=\"https:\/\/bakusporting.com\/en\/?post_type=post&p=5742\"> <img loading=\"lazy\" decoding=\"async\" width=\"500\" height=\"400\" src=\"https:\/\/bakusporting.com\/wp-content\/uploads\/2024\/10\/5199855985907327249-1.jpg\" class=\"attachment-post-thumbnail size-post-thumbnail wp-post-image\" alt=\"\" \/> <\/a><\/div>\r\n\t\t\t\t\t\t\t\t\t\t<div class=\"all-meta\">\r\n\t\t\t\t\t\t\t\t\t\t\t<div class=\"meta meta-date\">\r\n\t\t\t\t\t\t\t\t\t\t<span class=\"month-day\">08<\/span>\r\n                                        <span class=\"month-name\">Oct<\/span>\r\n\t\t\t\t\t\t\t\t<\/div>\r\n\t\t\t\t\t\t\t\t\t \t\t<div class=\"meta author\"><i class=\"glyph-icon flaticon-user-1\"><\/i> <span class=\"author\"> bakuspo<\/span><\/div>\r\n\t\t\t\t\t\t\t\t \t\t<\/div>\r\n\t\t\t\t\t\t\t\t \t<\/div>\r\n\t\t\t\t\t\t\t\t<div class=\"bottom-shadow1 blog-meta\">\r\n\t\t\t\t\t\t\t\t\t\t<h3 class=\"blog-title\"><a href=\"https:\/\/bakusporting.com\/en\/?post_type=post&p=5742\"> Klubumuzun \u00fczvl\u0259ri \u00fc\u00e7\u00fcn seminar ke\u00e7irildi <\/a><\/h3>\r\n\t\t\t\t\t\t\t\t\t\t<div class=\"blog-desc\">\r\n\t\t\t\t\t\t\t\tBu g\u00fcn \u201cBaku Sportinq Arena\u201dn\u0131n inzibati binas\u0131nda klubumuzun \u00fczvl\u0259rin\u0259 dan\u0131\u015f\u0131lm\u0131\u015f oyunlarla ba\u011fl\u0131 seminar ke\u00e7irilib.Seminar \u0259rzind\u0259 UEFA-n\u0131n oyunlar\u0131n toxunulmaz\u0131l\u0131\u011f\u0131 \u00fczr\u0259 m\u0259sul n\u00fcmay\u0259nd\u0259si...\r\n\t\t\t\t\t\t\t<\/div>\r\n\t\t\t\t\t\t\t\t\t\t<div class=\"blog-button\"><a href=\"https:\/\/bakusporting.com\/en\/?post_type=post&#038;p=5742\">Daha \u0259trafl\u0131<\/a><\/div>\r\n\t\t\t\t\t\t\t\t<\/div>\r\n\t\t\t\t\t\t\t<\/div><div class=\"blog-item col-lg-6 col-md-12 style2\">\r\n\t\t\t\t\t\t\t\t\t<div class=\"blog-img image-scale\">\r\n\t\t\t\t\t\t\t\t\t\t<div class=\"image-wrap\"><a href=\"https:\/\/bakusporting.com\/en\/?post_type=post&p=5738\"> <img loading=\"lazy\" decoding=\"async\" width=\"500\" height=\"469\" src=\"https:\/\/bakusporting.com\/wp-content\/uploads\/2024\/10\/5190602130975745530.jpg\" class=\"attachment-post-thumbnail size-post-thumbnail wp-post-image\" alt=\"\" \/> <\/a><\/div>\r\n\t\t\t\t\t\t\t\t\t\t<div class=\"all-meta\">\r\n\t\t\t\t\t\t\t\t\t\t\t<div class=\"meta meta-date\">\r\n\t\t\t\t\t\t\t\t\t\t<span class=\"month-day\">05<\/span>\r\n                                        <span class=\"month-name\">Oct<\/span>\r\n\t\t\t\t\t\t\t\t<\/div>\r\n\t\t\t\t\t\t\t\t\t \t\t<div class=\"meta author\"><i class=\"glyph-icon flaticon-user-1\"><\/i> <span class=\"author\"> bakuspo<\/span><\/div>\r\n\t\t\t\t\t\t\t\t \t\t<\/div>\r\n\t\t\t\t\t\t\t\t \t<\/div>\r\n\t\t\t\t\t\t\t\t<div class=\"bottom-shadow1 blog-meta\">\r\n\t\t\t\t\t\t\t\t\t\t<h3 class=\"blog-title\"><a href=\"https:\/\/bakusporting.com\/en\/?post_type=post&p=5738\"> Pe\u015f\u0259karl\u0131\u011fa do\u011fru biziml\u0259 add\u0131mlay\u0131n <\/a><\/h3>\r\n\t\t\t\t\t\t\t\t\t\t<div class=\"blog-desc\">\r\n\t\t\t\t\t\t\t\tKomandam\u0131z\u0131n futbol akademiyas\u0131n\u0131n m\u00fcxt\u0259lif ya\u015f qruplar\u0131 \u00fczr\u0259 kollektivl\u0259ri Respublika \u00e7empionatlar\u0131nda m\u00fcbariz\u0259y\u0259 ba\u015flay\u0131b.\r\n\t\t\t\t\t\t\t<\/div>\r\n\t\t\t\t\t\t\t\t\t\t<div class=\"blog-button\"><a href=\"https:\/\/bakusporting.com\/en\/?post_type=post&#038;p=5738\">Daha \u0259trafl\u0131<\/a><\/div>\r\n\t\t\t\t\t\t\t\t<\/div>\r\n\t\t\t\t\t\t\t<\/div><div class=\"blog-item col-lg-6 col-md-12 style2\">\r\n\t\t\t\t\t\t\t\t\t<div class=\"blog-img image-scale\">\r\n\t\t\t\t\t\t\t\t\t\t<div class=\"image-wrap\"><a href=\"https:\/\/bakusporting.com\/en\/?post_type=post&p=5735\"> <img loading=\"lazy\" decoding=\"async\" width=\"500\" height=\"435\" src=\"https:\/\/bakusporting.com\/wp-content\/uploads\/2024\/10\/elman-sultanov.jpg\" class=\"attachment-post-thumbnail size-post-thumbnail wp-post-image\" alt=\"\" \/> <\/a><\/div>\r\n\t\t\t\t\t\t\t\t\t\t<div class=\"all-meta\">\r\n\t\t\t\t\t\t\t\t\t\t\t<div class=\"meta meta-date\">\r\n\t\t\t\t\t\t\t\t\t\t<span class=\"month-day\">04<\/span>\r\n                                        <span class=\"month-name\">Oct<\/span>\r\n\t\t\t\t\t\t\t\t<\/div>\r\n\t\t\t\t\t\t\t\t\t \t\t<div class=\"meta author\"><i class=\"glyph-icon flaticon-user-1\"><\/i> <span class=\"author\"> bakuspo<\/span><\/div>\r\n\t\t\t\t\t\t\t\t \t\t<\/div>\r\n\t\t\t\t\t\t\t\t \t<\/div>\r\n\t\t\t\t\t\t\t\t<div class=\"bottom-shadow1 blog-meta\">\r\n\t\t\t\t\t\t\t\t\t\t<h3 class=\"blog-title\"><a href=\"https:\/\/bakusporting.com\/en\/?post_type=post&p=5735\"> Ba\u015f m\u0259\u015fq\u00e7imizin oyunla ba\u011fl\u0131 fikirl\u0259ri <\/a><\/h3>\r\n\t\t\t\t\t\t\t\t\t\t<div class=\"blog-desc\">\r\n\t\t\t\t\t\t\t\tBirinci Liqada 4-c\u00fc tur \u00e7\u0259r\u00e7iv\u0259sind\u0259 \u201cQ\u0259b\u0259l\u0259\u201d ke\u00e7irdiyimiz ev mat\u00e7\u0131ndan sonra komandam\u0131z\u0131n ba\u015f m\u0259\u015fq\u00e7isi Elman Sultanov oyunla ba\u011fl\u0131 fikirl\u0259rini bildirib: \u201cG\u00fccl\u00fc r\u0259qibl\u0259...\r\n\t\t\t\t\t\t\t<\/div>\r\n\t\t\t\t\t\t\t\t\t\t<div class=\"blog-button\"><a href=\"https:\/\/bakusporting.com\/en\/?post_type=post&#038;p=5735\">Daha \u0259trafl\u0131<\/a><\/div>\r\n\t\t\t\t\t\t\t\t<\/div>\r\n\t\t\t\t\t\t\t<\/div><div class=\"blog-item col-lg-6 col-md-12 style2\">\r\n\t\t\t\t\t\t\t\t\t<div class=\"blog-img image-scale\">\r\n\t\t\t\t\t\t\t\t\t\t<div class=\"image-wrap\"><a href=\"https:\/\/bakusporting.com\/en\/?post_type=post&p=5732\"> <img loading=\"lazy\" decoding=\"async\" width=\"550\" height=\"366\" src=\"https:\/\/bakusporting.com\/wp-content\/uploads\/2024\/10\/670006c398b1d61.jpg\" class=\"attachment-post-thumbnail size-post-thumbnail wp-post-image\" alt=\"\" \/> <\/a><\/div>\r\n\t\t\t\t\t\t\t\t\t\t<div class=\"all-meta\">\r\n\t\t\t\t\t\t\t\t\t\t\t<div class=\"meta meta-date\">\r\n\t\t\t\t\t\t\t\t\t\t<span class=\"month-day\">04<\/span>\r\n                                        <span class=\"month-name\">Oct<\/span>\r\n\t\t\t\t\t\t\t\t<\/div>\r\n\t\t\t\t\t\t\t\t\t \t\t<div class=\"meta author\"><i class=\"glyph-icon flaticon-user-1\"><\/i> <span class=\"author\"> bakuspo<\/span><\/div>\r\n\t\t\t\t\t\t\t\t \t\t<\/div>\r\n\t\t\t\t\t\t\t\t \t<\/div>\r\n\t\t\t\t\t\t\t\t<div class=\"bottom-shadow1 blog-meta\">\r\n\t\t\t\t\t\t\t\t\t\t<h3 class=\"blog-title\"><a href=\"https:\/\/bakusporting.com\/en\/?post_type=post&p=5732\"> Turu xals\u0131z ba\u015fa vurduq <\/a><\/h3>\r\n\t\t\t\t\t\t\t\t\t\t<div class=\"blog-desc\">\r\n\t\t\t\t\t\t\t\tFutbol \u00fczr\u0259 Az\u0259rbaycan Birinci Liqas\u0131nda 4-c\u00fc turun &#8220;Q\u0259b\u0259l\u0259&#8221; il\u0259 ev mat\u00e7\u0131na \u00e7\u0131xan komandam\u0131z 0-2 hesab\u0131 il\u0259 m\u0259\u011flub olub. \u0421\u043c\u043e\u0442\u0440\u0435\u0442\u044c \u0441\u0442\u0430\u0442\u0438\u0441\u0442\u0438\u043a\u0443 \u041f\u0440\u043e\u0434\u0432\u0438\u0433\u0430\u0442\u044c...\r\n\t\t\t\t\t\t\t<\/div>\r\n\t\t\t\t\t\t\t\t\t\t<div class=\"blog-button\"><a href=\"https:\/\/bakusporting.com\/en\/?post_type=post&#038;p=5732\">Daha \u0259trafl\u0131<\/a><\/div>\r\n\t\t\t\t\t\t\t\t<\/div>\r\n\t\t\t\t\t\t\t<\/div><div class=\"blog-item col-lg-6 col-md-12 style2\">\r\n\t\t\t\t\t\t\t\t\t<div class=\"blog-img image-scale\">\r\n\t\t\t\t\t\t\t\t\t\t<div class=\"image-wrap\"><a href=\"https:\/\/bakusporting.com\/en\/?post_type=post&p=5729\"> <img loading=\"lazy\" decoding=\"async\" width=\"550\" height=\"412\" src=\"https:\/\/bakusporting.com\/wp-content\/uploads\/2024\/10\/461878557_1070843181715714_7805971414917707929_n.jpg\" class=\"attachment-post-thumbnail size-post-thumbnail wp-post-image\" alt=\"\" \/> <\/a><\/div>\r\n\t\t\t\t\t\t\t\t\t\t<div class=\"all-meta\">\r\n\t\t\t\t\t\t\t\t\t\t\t<div class=\"meta meta-date\">\r\n\t\t\t\t\t\t\t\t\t\t<span class=\"month-day\">03<\/span>\r\n                                        <span class=\"month-name\">Oct<\/span>\r\n\t\t\t\t\t\t\t\t<\/div>\r\n\t\t\t\t\t\t\t\t\t \t\t<div class=\"meta author\"><i class=\"glyph-icon flaticon-user-1\"><\/i> <span class=\"author\"> bakuspo<\/span><\/div>\r\n\t\t\t\t\t\t\t\t \t\t<\/div>\r\n\t\t\t\t\t\t\t\t \t<\/div>\r\n\t\t\t\t\t\t\t\t<div class=\"bottom-shadow1 blog-meta\">\r\n\t\t\t\t\t\t\t\t\t\t<h3 class=\"blog-title\"><a href=\"https:\/\/bakusporting.com\/en\/?post_type=post&p=5729\"> \u0130kinci ev mat\u00e7\u0131m\u0131z <\/a><\/h3>\r\n\t\t\t\t\t\t\t\t\t\t<div class=\"blog-desc\">\r\n\t\t\t\t\t\t\t\tDo\u011fma \u201cBaku Sportinq Arena\u201dda ikinci mat\u00e7\u0131m\u0131z Birinci Liqa 4 sentyabr 4-c\u00fc tur 15:00 Baku Sportinq FK &#8211; Q\u0259b\u0259l\u0259 FK Ba\u015f hakim...\r\n\t\t\t\t\t\t\t<\/div>\r\n\t\t\t\t\t\t\t\t\t\t<div class=\"blog-button\"><a href=\"https:\/\/bakusporting.com\/en\/?post_type=post&#038;p=5729\">Daha \u0259trafl\u0131<\/a><\/div>\r\n\t\t\t\t\t\t\t\t<\/div>\r\n\t\t\t\t\t\t\t<\/div><div class=\"blog-item col-lg-6 col-md-12 style2\">\r\n\t\t\t\t\t\t\t\t\t<div class=\"blog-img image-scale\">\r\n\t\t\t\t\t\t\t\t\t\t<div class=\"image-wrap\"><a href=\"https:\/\/bakusporting.com\/en\/?post_type=post&p=5720\"> <img loading=\"lazy\" decoding=\"async\" width=\"960\" height=\"1280\" src=\"https:\/\/bakusporting.com\/wp-content\/uploads\/2024\/09\/5434118152364613413.jpg\" class=\"attachment-post-thumbnail size-post-thumbnail wp-post-image\" alt=\"\" \/> <\/a><\/div>\r\n\t\t\t\t\t\t\t\t\t\t<div class=\"all-meta\">\r\n\t\t\t\t\t\t\t\t\t\t\t<div class=\"meta meta-date\">\r\n\t\t\t\t\t\t\t\t\t\t<span class=\"month-day\">20<\/span>\r\n                                        <span class=\"month-name\">Sep<\/span>\r\n\t\t\t\t\t\t\t\t<\/div>\r\n\t\t\t\t\t\t\t\t\t \t\t<div class=\"meta author\"><i class=\"glyph-icon flaticon-user-1\"><\/i> <span class=\"author\"> bakuspo<\/span><\/div>\r\n\t\t\t\t\t\t\t\t \t\t<\/div>\r\n\t\t\t\t\t\t\t\t \t<\/div>\r\n\t\t\t\t\t\t\t\t<div class=\"bottom-shadow1 blog-meta\">\r\n\t\t\t\t\t\t\t\t\t\t<h3 class=\"blog-title\"><a href=\"https:\/\/bakusporting.com\/en\/?post_type=post&p=5720\"> 26 ild\u0259n sonra yaz\u0131lan tarix <\/a><\/h3>\r\n\t\t\t\t\t\t\t\t\t\t<div class=\"blog-desc\">\r\n\t\t\t\t\t\t\t\tAz\u0259rbaycan 1-ci liqas\u0131nda 2-ci turun mat\u00e7\u0131 ba\u015f tutub. Komandam\u0131z 26 ild\u0259n sonra ilk r\u0259smi mat\u00e7 ke\u00e7iril\u0259n &#8220;Bak\u0131 Sportinq Arena&#8221;da MO\u0130K-i q\u0259bul...\r\n\t\t\t\t\t\t\t<\/div>\r\n\t\t\t\t\t\t\t\t\t\t<div class=\"blog-button\"><a href=\"https:\/\/bakusporting.com\/en\/?post_type=post&#038;p=5720\">Daha \u0259trafl\u0131<\/a><\/div>\r\n\t\t\t\t\t\t\t\t<\/div>\r\n\t\t\t\t\t\t\t<\/div><div class=\"blog-item col-lg-6 col-md-12 style2\">\r\n\t\t\t\t\t\t\t\t\t<div class=\"blog-img image-scale\">\r\n\t\t\t\t\t\t\t\t\t\t<div class=\"image-wrap\"><a href=\"https:\/\/bakusporting.com\/en\/?post_type=post&p=5715\"> <img loading=\"lazy\" decoding=\"async\" width=\"1069\" height=\"924\" src=\"https:\/\/bakusporting.com\/wp-content\/uploads\/2024\/09\/baku.jpeg\" class=\"attachment-post-thumbnail size-post-thumbnail wp-post-image\" alt=\"\" \/> <\/a><\/div>\r\n\t\t\t\t\t\t\t\t\t\t<div class=\"all-meta\">\r\n\t\t\t\t\t\t\t\t\t\t\t<div class=\"meta meta-date\">\r\n\t\t\t\t\t\t\t\t\t\t<span class=\"month-day\">17<\/span>\r\n                                        <span class=\"month-name\">Sep<\/span>\r\n\t\t\t\t\t\t\t\t<\/div>\r\n\t\t\t\t\t\t\t\t\t \t\t<div class=\"meta author\"><i class=\"glyph-icon flaticon-user-1\"><\/i> <span class=\"author\"> bakuspo<\/span><\/div>\r\n\t\t\t\t\t\t\t\t \t\t<\/div>\r\n\t\t\t\t\t\t\t\t \t<\/div>\r\n\t\t\t\t\t\t\t\t<div class=\"bottom-shadow1 blog-meta\">\r\n\t\t\t\t\t\t\t\t\t\t<h3 class=\"blog-title\"><a href=\"https:\/\/bakusporting.com\/en\/?post_type=post&p=5715\"> Futbol \u00fczr\u0259 Az\u0259rbaycan Birinci Liqas\u0131 <\/a><\/h3>\r\n\t\t\t\t\t\t\t\t\t\t<div class=\"blog-desc\">\r\n\t\t\t\t\t\t\t\t\ud83d\uddd3\ufe0f 19 sentyabr2\ufe0f\u20e3 2-ci tur\ud83c\udfdf\ufe0fBuzovna \u201cBaku Sportinq Arena\u201d\ud83d\udd56 Saat 16:00\ud83d\udccdBaku Sportinq &#8211; MO\u0130K\u018fziz buzovnal\u0131lar, do\u011fma komandan\u0131z\u0131 tribunadan d\u0259st\u0259kl\u0259yinGiri\u015f s\u0259rb\u0259stdir\r\n\t\t\t\t\t\t\t<\/div>\r\n\t\t\t\t\t\t\t\t\t\t<div class=\"blog-button\"><a href=\"https:\/\/bakusporting.com\/en\/?post_type=post&#038;p=5715\">Daha \u0259trafl\u0131<\/a><\/div>\r\n\t\t\t\t\t\t\t\t<\/div>\r\n\t\t\t\t\t\t\t<\/div><div class=\"blog-item col-lg-6 col-md-12 style2\">\r\n\t\t\t\t\t\t\t\t\t<div class=\"blog-img image-scale\">\r\n\t\t\t\t\t\t\t\t\t\t<div class=\"image-wrap\"><a href=\"https:\/\/bakusporting.com\/en\/?post_type=post&p=5480\"> <img loading=\"lazy\" decoding=\"async\" width=\"750\" height=\"500\" src=\"https:\/\/bakusporting.com\/wp-content\/uploads\/2023\/09\/sheki_dinamo1695024034.jpeg\" class=\"attachment-post-thumbnail size-post-thumbnail wp-post-image\" alt=\"\" srcset=\"https:\/\/bakusporting.com\/wp-content\/uploads\/2023\/09\/sheki_dinamo1695024034.jpeg 750w, https:\/\/bakusporting.com\/wp-content\/uploads\/2023\/09\/sheki_dinamo1695024034-300x200.jpeg 300w, https:\/\/bakusporting.com\/wp-content\/uploads\/2023\/09\/sheki_dinamo1695024034-18x12.jpeg 18w, https:\/\/bakusporting.com\/wp-content\/uploads\/2023\/09\/sheki_dinamo1695024034-600x400.jpeg 600w\" sizes=\"auto, (max-width: 750px) 100vw, 750px\" \/> <\/a><\/div>\r\n\t\t\t\t\t\t\t\t\t\t<div class=\"all-meta\">\r\n\t\t\t\t\t\t\t\t\t\t\t<div class=\"meta meta-date\">\r\n\t\t\t\t\t\t\t\t\t\t<span class=\"month-day\">19<\/span>\r\n                                        <span class=\"month-name\">Sep<\/span>\r\n\t\t\t\t\t\t\t\t<\/div>\r\n\t\t\t\t\t\t\t\t\t \t\t<div class=\"meta author\"><i class=\"glyph-icon flaticon-user-1\"><\/i> <span class=\"author\"> bakuspo<\/span><\/div>\r\n\t\t\t\t\t\t\t\t \t\t<\/div>\r\n\t\t\t\t\t\t\t\t \t<\/div>\r\n\t\t\t\t\t\t\t\t<div class=\"bottom-shadow1 blog-meta\">\r\n\t\t\t\t\t\t\t\t\t\t<h3 class=\"blog-title\"><a href=\"https:\/\/bakusporting.com\/en\/?post_type=post&p=5480\"> II Liqada \u00fc\u00e7\u00fcnc\u00fc turun hakim t\u0259yinatlar\u0131 a\u00e7\u0131qland\u0131 <\/a><\/h3>\r\n\t\t\t\t\t\t\t\t\t\t<div class=\"blog-desc\">\r\n\t\t\t\t\t\t\t\tII Liqada III turun t\u0259yinatlar\u0131 a\u00e7\u0131qlan\u0131b. Sportal.az&nbsp;PFL-\u0259 istinad\u0259n x\u0259b\u0259r verir ki, turun b\u00fct\u00fcn g\u00f6r\u00fc\u015fl\u0259ri Pe\u015f\u0259kar Futbol Liqas\u0131n\u0131n I Liqa \/ II...\r\n\t\t\t\t\t\t\t<\/div>\r\n\t\t\t\t\t\t\t\t\t\t<div class=\"blog-button\"><a href=\"https:\/\/bakusporting.com\/en\/?post_type=post&#038;p=5480\">Daha \u0259trafl\u0131<\/a><\/div>\r\n\t\t\t\t\t\t\t\t<\/div>\r\n\t\t\t\t\t\t\t<\/div><div class=\"blog-item col-lg-6 col-md-12 style2\">\r\n\t\t\t\t\t\t\t\t\t<div class=\"blog-img image-scale\">\r\n\t\t\t\t\t\t\t\t\t\t<div class=\"image-wrap\"><a href=\"https:\/\/bakusporting.com\/en\/?post_type=post&p=5852\"> <img loading=\"lazy\" decoding=\"async\" width=\"575\" height=\"755\" src=\"https:\/\/bakusporting.com\/wp-content\/uploads\/2025\/02\/teshekkurname.jpg\" class=\"attachment-post-thumbnail size-post-thumbnail wp-post-image\" alt=\"\" srcset=\"https:\/\/bakusporting.com\/wp-content\/uploads\/2025\/02\/teshekkurname.jpg 575w, https:\/\/bakusporting.com\/wp-content\/uploads\/2025\/02\/teshekkurname-228x300.jpg 228w, https:\/\/bakusporting.com\/wp-content\/uploads\/2025\/02\/teshekkurname-9x12.jpg 9w\" sizes=\"auto, (max-width: 575px) 100vw, 575px\" \/> <\/a><\/div>\r\n\t\t\t\t\t\t\t\t\t\t<div class=\"all-meta\">\r\n\t\t\t\t\t\t\t\t\t\t\t<div class=\"meta meta-date\">\r\n\t\t\t\t\t\t\t\t\t\t<span class=\"month-day\">11<\/span>\r\n                                        <span class=\"month-name\">Feb<\/span>\r\n\t\t\t\t\t\t\t\t<\/div>\r\n\t\t\t\t\t\t\t\t\t \t\t<div class=\"meta author\"><i class=\"glyph-icon flaticon-user-1\"><\/i> <span class=\"author\"> bakuspo<\/span><\/div>\r\n\t\t\t\t\t\t\t\t \t\t<\/div>\r\n\t\t\t\t\t\t\t\t \t<\/div>\r\n\t\t\t\t\t\t\t\t<div class=\"bottom-shadow1 blog-meta\">\r\n\t\t\t\t\t\t\t\t\t\t<h3 class=\"blog-title\"><a href=\"https:\/\/bakusporting.com\/en\/?post_type=post&p=5852\"> \u201cBaku Sportinq\u201d FK-n\u0131n \u0259sas m\u0259qs\u0259di \u00f6lk\u0259 futbolunun inki\u015faf\u0131na xidm\u0259t etm\u0259kdi. <\/a><\/h3>\r\n\t\t\t\t\t\t\t\t\t\t<div class=\"blog-desc\">\r\n\t\t\t\t\t\t\t\tKlubumuzun bu istiqam\u0259td\u0259 g\u00f6rd\u00fcy\u00fc i\u015fl\u0259rin areal\u0131 g\u00fcn ke\u00e7dikc\u0259 geni\u015fl\u0259nir. Art\u0131q bu m\u00f6vs\u00fcmd\u0259n etibar\u0259n futbol \u00fczr\u0259 Az\u0259rbaycan Birinci Liqas\u0131nda \u00e7\u0131x\u0131\u015f ed\u0259n komandam\u0131z...\r\n\t\t\t\t\t\t\t<\/div>\r\n\t\t\t\t\t\t\t\t\t\t<div class=\"blog-button\"><a href=\"https:\/\/bakusporting.com\/en\/?post_type=post&#038;p=5852\">Daha \u0259trafl\u0131<\/a><\/div>\r\n\t\t\t\t\t\t\t\t<\/div>\r\n\t\t\t\t\t\t\t<\/div><\/div><div class=\"pagination-area\"><div class=\"nav-links\"><span aria-current=\"page\" class=\"page-numbers current\">1<\/span>\n<a class=\"page-numbers\" href=\"https:\/\/bakusporting.com\/en\/wp-json\/wp\/v2\/pages\/1393\/page\/2\/\">2<\/a>\n<a class=\"page-numbers\" href=\"https:\/\/bakusporting.com\/en\/wp-json\/wp\/v2\/pages\/1393\/page\/3\/\">3<\/a>\n<span class=\"page-numbers dots\">&hellip;<\/span>\n<a class=\"page-numbers\" href=\"https:\/\/bakusporting.com\/en\/wp-json\/wp\/v2\/pages\/1393\/page\/31\/\">31<\/a>\n<a class=\"next page-numbers\" href=\"https:\/\/bakusporting.com\/en\/wp-json\/wp\/v2\/pages\/1393\/page\/2\/\">Next &raquo;<\/a><\/div><\/div><\/div><\/div><\/div><\/div><\/div>","protected":false},"excerpt":{"rendered":"Klubumuzun bu istiqam\u0259td\u0259 g\u00f6rd\u00fcy\u00fc i\u015fl\u0259rin areal\u0131 g\u00fcn ke\u00e7dikc\u0259 geni\u015fl\u0259nir. Art\u0131q bu m\u00f6vs\u00fcmd\u0259n etibar\u0259n futbol \u00fczr\u0259 Az\u0259rbaycan Birinci Liqas\u0131nda \u00e7\u0131x\u0131\u015f ed\u0259n komandam\u0131z m\u0259\u015fql\u0259rini v\u0259 ev oyunlar\u0131n\u0131 klubumuz t\u0259r\u0259find\u0259n tamamil\u0259 yenil\u0259n\u0259n Buzovna q\u0259s\u0259b\u0259 stadionunda( \u201cBaku Sportinq Arena\u201d) ke\u00e7irir. Bu arenada klubumuz t\u0259r\u0259find\u0259n g\u00f6r\u00fcl\u0259n i\u015fl\u0259r Az\u0259rbaycan Respublikas\u0131 G\u0259ncl\u0259r v\u0259 \u0130dman Nazirliyinin d\u0259 diqq\u0259tind\u0259n k\u0259narda qalmay\u0131b.Nazir F\u0259rid Qay\u0131bov qurumun [...]","protected":false},"author":4,"featured_media":0,"parent":0,"menu_order":0,"comment_status":"closed","ping_status":"closed","template":"","meta":{"footnotes":""},"class_list":["post-1393","page","type-page","status-publish","hentry"],"_links":{"self":[{"href":"https:\/\/bakusporting.com\/en\/wp-json\/wp\/v2\/pages\/1393","targetHints":{"allow":["GET"]}}],"collection":[{"href":"https:\/\/bakusporting.com\/en\/wp-json\/wp\/v2\/pages"}],"about":[{"href":"https:\/\/bakusporting.com\/en\/wp-json\/wp\/v2\/types\/page"}],"author":[{"embeddable":true,"href":"https:\/\/bakusporting.com\/en\/wp-json\/wp\/v2\/users\/4"}],"replies":[{"embeddable":true,"href":"https:\/\/bakusporting.com\/en\/wp-json\/wp\/v2\/comments?post=1393"}],"version-history":[{"count":1,"href":"https:\/\/bakusporting.com\/en\/wp-json\/wp\/v2\/pages\/1393\/revisions"}],"predecessor-version":[{"id":4445,"href":"https:\/\/bakusporting.com\/en\/wp-json\/wp\/v2\/pages\/1393\/revisions\/4445"}],"wp:attachment":[{"href":"https:\/\/bakusporting.com\/en\/wp-json\/wp\/v2\/media?parent=1393"}],"curies":[{"name":"wp","href":"https:\/\/api.w.org\/{rel}","templated":true}]}}